{"id":538,"date":"2021-05-11T12:50:49","date_gmt":"2021-05-11T12:50:49","guid":{"rendered":"https:\/\/plasmogel.com\/?page_id=538"},"modified":"2025-04-02T15:25:37","modified_gmt":"2025-04-02T13:25:37","slug":"livrare-comanda","status":"publish","type":"page","link":"https:\/\/plasmogel.com\/en\/livrare-comanda\/","title":{"rendered":"Livrare comand\u0103"},"content":{"rendered":"<div data-elementor-type=\"wp-page\" data-elementor-id=\"538\" class=\"elementor elementor-538\" data-elementor-post-type=\"page\">\n\t\t\t\t\t\t<section class=\"elementor-section elementor-top-section elementor-element elementor-element-f661402 elementor-section-boxed elementor-section-height-default elementor-section-height-default\" data-id=\"f661402\" data-element_type=\"section\">\n\t\t\t\t\t\t<div class=\"elementor-container elementor-column-gap-default\">\n\t\t\t\t\t<div class=\"elementor-column elementor-col-100 elementor-top-column elementor-element elementor-element-5eb502c\" data-id=\"5eb502c\" data-element_type=\"column\">\n\t\t\t<div class=\"elementor-widget-wrap elementor-element-populated\">\n\t\t\t\t\t\t<div class=\"elementor-element elementor-element-3203c13 elementor-widget elementor-widget-text-editor\" data-id=\"3203c13\" data-element_type=\"widget\" data-widget_type=\"text-editor.default\">\n\t\t\t\t<div class=\"elementor-widget-container\">\n\t\t\t\t\t\t\t\t\t<h2>Livrare comanda<\/h2>\n<p>www.plasmogel.com<\/p>\n<p><span style=\"font-weight: bolder;\">GR ESTETICA DISTRIBUTION S.R.L.<\/span><br><span style=\"color: var( --e-global-color-text ); font-size: 1rem;\">Num\u0103r \u00eenregistrare Registrul Comer\u021bului: J40\/15498\/1994<br><\/span><span style=\"color: var( --e-global-color-text ); font-size: 1rem;\">CUI: 6135074<br><\/span><span style=\"color: var( --e-global-color-text ); font-size: 1rem;\">Calea Bucure\u0219ti Nr. 74, 077180, Tunari, Ilfov, Rom\u00e2nia<\/span><\/p>\n<p>Telefon:&nbsp;<a href=\"tel:+40759059540\">+40 759.059.540<\/a>&nbsp;\/&nbsp;<a href=\"tel:+40731361550\">+40 731.361.550<\/a><br>E-mail:&nbsp;comenzi@plasmogel.com<\/p>\n<p>Imediat ce comanda ta este confirmata, ne punem in miscare si incepem sa-ti pregatim coletul: produsele comandate in ambalajul original al producatorului, factura fiscala si certificatul de garantie.<\/p>\n<p>Cand primesti comanda<\/p>\n<p>Termenul de livrare al produselor este de 2-5 zile lucr\u0103toare din momentul plas\u0103rii comenzii.<\/p>\n<p>Articolele care nu sunt pe stoc, \u00een func\u021bie de disponibilitatea lor, se livreaza \u00een termen de p\u00e2n\u0103 la 45 zile lucr\u0103toare.<\/p>\n<p>Este important de \u0219tiut c\u0103 termenul de livrare prin Curier nu poate fi garantat de compania noastr\u0103 \u0219i nu ne putem face responsabili pentru nerespectarea lui.<\/p>\n<p>Cine livreaza comanda<\/p>\n<p>Livrarile noastre se fac prin serviciul de curierat rapid Fan Courier, de luni pana vineri. Atunci cand primesti coletul, verifica sa fie in stare buna. Daca ai optat pentru plata cash la livrare, nu uita sa ceri curierului o dovada a incasarii banilor.<\/p>\n<p>Cat costa livrarea<\/p>\n<ul>\n<li>Taxa de livrare este de 25 (Dou\u0103zeci \u0219i Cinci) Lei<span style=\"font-size: 1rem;\">,&nbsp;<br><\/span><span style=\"font-size: 1rem;\"><strong>numai pentru localit\u0103\u021bile care se afl\u0103 \u00een raza de acoperire a serviciului Fan Courier<\/strong>.<\/span><\/li>\n<li>Pentru localit\u0103\u021bile aflate \u00een afara razei de acoperire a serviciului Fan Courier se percepe o tax\u0103 suplimentar\u0103 de 0,8 lei\/km ( suportat\u0103 de client ), fa\u021b\u0103 de cel mai apropiat sediu local al curierului, indiferent de suma total\u0103 a cump\u0103r\u0103turii.<\/li>\n<\/ul>\n<div>&nbsp;<\/div>\n<p>Pentru informatii suplimentare cu privire la livrarea comenzilor va invitam sa ne contactati prin email la adresa comenzi@plasmogel.com sau telefonic la numarul Tel. <a href=\"tel:+40731361550\">+40 731.361.550<\/a>.<\/p>\t\t\t\t\t\t\t\t<\/div>\n\t\t\t\t<\/div>\n\t\t\t\t\t<\/div>\n\t\t<\/div>\n\t\t\t\t\t<\/div>\n\t\t<\/section>\n\t\t\t\t<\/div>","protected":false},"excerpt":{"rendered":"<p>Livrare comanda www.plasmogel.com GR ESTETICA DISTRIBUTION S.R.L.Num\u0103r \u00eenregistrare Registrul Comer\u021bului: J40\/15498\/1994CUI: 6135074Calea Bucure\u0219ti Nr. 74, 077180, Tunari, Ilfov, Rom\u00e2nia Telefon:&nbsp;+40 759.059.540&nbsp;\/&nbsp;+40 731.361.550E-mail:&nbsp;comenzi@plasmogel.com Imediat ce comanda ta este confirmata, ne punem in miscare si incepem sa-ti pregatim coletul: produsele comandate in ambalajul original al producatorului, factura fiscala si certificatul de garantie. Cand primesti comanda Termenul de [&hellip;]<\/p>","protected":false},"author":1,"featured_media":0,"parent":0,"menu_order":0,"comment_status":"closed","ping_status":"closed","template":"elementor_header_footer","meta":{"footnotes":""},"class_list":["post-538","page","type-page","status-publish","hentry"],"_links":{"self":[{"href":"https:\/\/plasmogel.com\/en\/wp-json\/wp\/v2\/pages\/538","targetHints":{"allow":["GET"]}}],"collection":[{"href":"https:\/\/plasmogel.com\/en\/wp-json\/wp\/v2\/pages"}],"about":[{"href":"https:\/\/plasmogel.com\/en\/wp-json\/wp\/v2\/types\/page"}],"author":[{"embeddable":true,"href":"https:\/\/plasmogel.com\/en\/wp-json\/wp\/v2\/users\/1"}],"replies":[{"embeddable":true,"href":"https:\/\/plasmogel.com\/en\/wp-json\/wp\/v2\/comments?post=538"}],"version-history":[{"count":0,"href":"https:\/\/plasmogel.com\/en\/wp-json\/wp\/v2\/pages\/538\/revisions"}],"wp:attachment":[{"href":"https:\/\/plasmogel.com\/en\/wp-json\/wp\/v2\/media?parent=538"}],"curies":[{"name":"wp","href":"https:\/\/api.w.org\/{rel}","templated":true}]}}