{"id":548,"date":"2021-05-11T13:08:44","date_gmt":"2021-05-11T13:08:44","guid":{"rendered":"https:\/\/plasmogel.com\/?page_id=548"},"modified":"2025-11-13T12:22:15","modified_gmt":"2025-11-13T10:22:15","slug":"politica-cookies","status":"publish","type":"page","link":"https:\/\/plasmogel.com\/en\/politica-cookies\/","title":{"rendered":"Cookies policy"},"content":{"rendered":"<div data-elementor-type=\"wp-page\" data-elementor-id=\"548\" class=\"elementor elementor-548\" data-elementor-post-type=\"page\">\n\t\t\t\t\t\t<section class=\"elementor-section elementor-top-section elementor-element elementor-element-c336f7a elementor-section-boxed elementor-section-height-default elementor-section-height-default\" data-id=\"c336f7a\" data-element_type=\"section\">\n\t\t\t\t\t\t<div class=\"elementor-container elementor-column-gap-default\">\n\t\t\t\t\t<div class=\"elementor-column elementor-col-100 elementor-top-column elementor-element elementor-element-ad7dbbb\" data-id=\"ad7dbbb\" data-element_type=\"column\">\n\t\t\t<div class=\"elementor-widget-wrap elementor-element-populated\">\n\t\t\t\t\t\t<div class=\"elementor-element elementor-element-e9f01b0 elementor-widget elementor-widget-text-editor\" data-id=\"e9f01b0\" data-element_type=\"widget\" data-widget_type=\"text-editor.default\">\n\t\t\t\t<div class=\"elementor-widget-container\">\n\t\t\t\t\t\t\t\t\t<h4>POLITICA DE COOKIE-URI<\/h4>\n<div class=\"termconditions\">\n<div>Ultima actualizare: <strong>29.07.2025<\/strong><\/div>\n<div>Acest website folose\u0219te at\u00e2t cookie-uri proprii, c\u00e2t \u0219i de la ter\u021bi, pentru a furniza vizitatorilor o experien\u021b\u0103 c\u00e2t mai bun\u0103 de navigare \u0219i servicii adaptate nevoilor \u0219i interesului fiec\u0103ruia dintre ace\u0219tia.<\/div>\n<div>\u00cen conformitate cu Regulamentul (UE) 2016\/679 al Parlamentului European \u0219i al Consiliului din 27 aprilie 2016 privind protec\u021bia persoanelor fizice \u00een ceea ce prive\u0219te prelucrarea datelor cu caracter personal \u0219i privind libera circula\u021bie a acestor date, \u0219i de abrogare a Directivei nr. 95\/46\/CE (,,Regulamentul general privind protec\u021bia datelor\u201d) \u0219i cu legisla\u021bia na\u021bional\u0103 relevant\u0103 \u00een materia protec\u021biei datelor, <strong>tuturor vizitatorilor website-ului li se cere consim\u021b\u0103m\u00e2ntul \u00eenaintea transmiterii de cookie-uri \u00een computerele acestora<\/strong>.<\/div>\n<div>C\u00e2nd vizita\u021bi pagina noastr\u0103 de Internet, nu sunt transmise date cu caracter personal c\u0103tre serverul nostru dec\u00e2t dac\u0103 ne trimite\u021bi \u00een mod activ astfel de date. Singurele excep\u021bii sunt cookie-urile obligatorii din punct de vedere tehnic, care sunt esen\u021biale pentru func\u021bionarea paginii noastre de Internet.<\/div>\n<div>Instrumentul de analiz\u0103 web Google Analytics este configurat \u00een a\u0219a fel \u00eenc\u00e2t datele s\u0103 fie \u00eenregistrate doar \u00een mod anonim \u0219i s\u0103 nu poat\u0103 fi urm\u0103rite \u00eenapoi la persoane individuale.<\/div>\n<div>Toate celelalte tehnologii de la furnizori externi (de ex. Google Maps, plug-in-uri YouTube) sunt dezactivate \u00een mod implicit, astfel \u00eenc\u00e2t s\u0103 nu se transmit\u0103 date ter\u021bilor atunci c\u00e2nd vizita\u021bi pagina noastr\u0103 de Internet.<\/div>\n<div>Ave\u021bi op\u021biunea de a accepta utilizarea altor cookie-uri \u00een banner-ul cookie sau de a permite con\u021binut extern pentru a \u00eembun\u0103t\u0103\u021bi func\u021bionalitatea \u0219i con\u021binutul paginii noastre de Internet. \u00cen acest caz, furnizorii ter\u021bi pot afla de la dvs. datele dvs. cu caracter personal.<\/div>\n<h5>\u2022 Ce se \u00een\u021belege prin cookie-uri?<\/h5>\n<div>Cookie-ul este un fi\u0219ier text de mici dimensiuni pe care un website \u00eel salveaz\u0103 \u00een calculatorul sau dispozitivul dvs. mobil atunci c\u00e2nd \u00eel vizita\u021bi. Datorit\u0103 cookie-urilor, website-ul re\u021bine, pentru o perioad\u0103 de timp, ac\u021biunile \u015fi preferin\u021bele dvs. (login, limb\u0103, dimensiunea caracterelor \u0219i alte preferin\u021be de afi\u0219are). Astfel, nu mai trebuie s\u0103 le reintroduce\u021bi ori de c\u00e2te ori reveni\u021bi la website sau naviga\u021bi de pe o pagin\u0103 pe alta.<\/div>\n<div>Cookie-urile pot con\u021bine \u0219i date cu caracter personal, precum adresa dvs. IP. Prin urmare, stoc\u0103m cookie-uri numai dac\u0103 a\u021bi permis \u00een mod explicit acest lucru \u00een set\u0103rile cookie-urilor de pe pagina noastr\u0103 de Internet. Pute\u021bi revoca consim\u021b\u0103m\u00e2ntul dvs. pentru utilizarea cookie-urilor \u00een orice moment, cu efect pentru viitor, ajust\u00e2nd set\u0103rile de securitate ale browser-ului \u00een consecin\u021b\u0103.<\/div>\n<div>Excep\u021bie fac cookie-urile care sunt esen\u021biale din punct de vedere tehnic pentru func\u021bionarea paginii noastre de Internet. F\u0103r\u0103 acestea nu pute\u021bi vizita sau naviga pe pagina noastr\u0103 de Internet. Prin urmare, aceste cookie-uri sunt activate \u00een general din oficiu.<\/div>\n<div>De asemenea, ave\u021bi posibilitatea de a dezactiva, \u00een general, cookie-urile \u00een browser-ul dvs. \u00een orice moment. Acest lucru \u00eempiedic\u0103 stocarea cookie-urilor pe dispozitivul dvs. \u00cen acest sens, atragem aten\u021bia c\u0103 dezactivarea general\u0103 a cookie-urilor poate duce la disfunc\u021bionalit\u0103\u021bi privind utilizarea paginii noastre de Internet.<\/div>\n<h5>\u2022 Cum se folosesc cookie-urile?<\/h5>\n<div>Exist\u0103 3 tipuri de cookies-uri utilizate \u00een general:<\/div>\n<div>\n<ul>\n \t<li><strong>Cookie-urile necesare<\/strong>: fac website-ul func\u021bional, oferind func\u021bionalit\u0103\u021bi de baz\u0103 precum navigarea pe paginile website-ului \u0219i accesul la zonele securizate ale website-ului. Website-ul nu poate func\u021biona corect f\u0103r\u0103 aceste cookie-uri.<\/li>\n \t<li><strong>Cookie-urile statistice<\/strong>: colecteaz\u0103 \u0219i raporteaz\u0103 informa\u021bii \u00een mod anonim \u0219i ajut\u0103 proprietarii de website-uri s\u0103 \u00een\u021beleag\u0103 modul \u00een care vizitatorii interac\u021bioneaz\u0103 cu website-ul.<\/li>\n \t<li><strong>Cookie-urile de marketing<\/strong>: sunt folosite pentru a urm\u0103ri vizitatorii pe website-urile lor de navigare. Scopul este de a oferi reclame relevante \u0219i captivante pentru fiecare vizitator.<\/li>\n<\/ul>\n<\/div>\n<div>\n\nMai exist\u0103 \u0219i categoria de <strong>Cookie-uri Neclasificate<\/strong>, care sunt \u00een curs de clasificare, respectiv de \u00eencadrare \u00een una dintre cele 3 categorii principale.\n<div>\n<h5>\u2022 Ce sunt cookie-urile plasate de ter\u021bi?<\/h5>\n<div>Anumite sec\u021biuni de con\u021binut de pe website pot fi furnizate prin intermediul unor ter\u021be p\u0103r\u021bi. Aceste ter\u021be p\u0103r\u021bi pot plasa cookie-uri prin intermediul altui website \u0219i ele se numesc ,,third party cookies&#8221; pentru c\u0103 nu sunt plasate de proprietarul website-ului respectiv. Furnizorii ter\u021bi trebuie s\u0103 respecte de asemenea, legea \u00een vigoare \u0219i politicile de confiden\u021bialitate ale de\u021bin\u0103torului website-ului.<\/div>\n<h5>\u2022 Care este durata de via\u0163\u0103 a unui cookie?<\/h5>\n<div>Cookie-urile sunt administrate de webservere. Durata de via\u021b\u0103 a unui cookie poate varia semnificativ, depinz\u00e2nd de scopul pentru care este plasat. Unele cookie-uri sunt folosite exclusiv pentru o singur\u0103 sesiune (session cookies) \u0219i nu mai sunt re\u021binute, odat\u0103 ce vizitatorul a p\u0103r\u0103sit website-ul, \u00een timp ce alte cookie-uri sunt re\u021binute \u0219i refolosite de fiecare dat\u0103 c\u00e2nd vizitatorul revine pe acel website (cookies-uri persistente). Cu toate acestea, cookie-urile pot fi \u0219terse de un vizitator \u00een orice moment prin intermediul set\u0103rilor browser-ului pe care \u00eel folose\u0219te.<\/div>\n<h5>\u2022 Cum pute\u021bi controla cookie-urile?<\/h5>\n<div>Pute\u021bi controla \u0219i\/sau \u0219terge cookie-urile dup\u0103 cum dori\u021bi, pentru detalii, consulta\u021bi website-ul <a href=\"https:\/\/www.aboutcookies.org\" target=\"_blank\" rel=\"noopener\">https:\/\/www.aboutcookies.org<\/a>. Pute\u021bi \u0219terge toate cookie-urile din calculatorul dvs. \u0219i pute\u021bi seta majoritatea browserelor s\u0103 blocheze plasarea acestora. Dac\u0103 face\u021bi acest lucru, este posibil s\u0103 fi\u021bi nevoit s\u0103 seta\u021bi manual unele preferin\u021be, de fiecare dat\u0103 c\u00e2nd vizita\u021bi website-ul. De asemenea, s-ar putea ca unele servicii sau op\u021biuni s\u0103 nu func\u021bioneze.<\/div>\n<div>Link-uri utile pentru controlul cookie-urilor \u00een func\u021bie de browser-ul pe care \u00eel folosi\u021bi:<\/div>\n<div>\n<ul>\n \t<li>Cookies \u00een Internet Explorer (<a href=\"https:\/\/support.microsoft.com\/en-us\/help\/17442\/windows-internet-explorer-delete-manage-cookies\" target=\"_blank\" rel=\"noopener\">https:\/\/support.microsoft.com\/en-us\/help\/17442\/windows-internet-explorer-delete-manage-cookies<\/a>)<\/li>\n \t<li>Cookies \u00een Firefox (<a href=\"https:\/\/support.mozilla.org\/en-US\/kb\/enable-and-disable-cookies-website-preferences\" target=\"_blank\" rel=\"noopener\">https:\/\/support.mozilla.org\/en-US\/kb\/enable-and-disable-cookies-website-preferences<\/a>)<\/li>\n \t<li>Cookies \u00een Chrome (<a href=\"https:\/\/support.google.com\/chrome\/answer\/95647?co=GENIE.Platform%3DAndroid&amp;hl=en\" target=\"_blank\" rel=\"noopener\">https:\/\/support.google.com\/chrome\/answer\/95647?co=GENIE.Platform%3DAndroid&amp;hl=en<\/a>)<\/li>\n \t<li>Cookies \u00een Opera (<a href=\"https:\/\/www.opera.com\/help\/tutorials\/security\/privacy\/\" target=\"_blank\" rel=\"noopener\">https:\/\/www.opera.com\/help\/tutorials\/security\/privacy\/<\/a>)<\/li>\n<\/ul>\n<\/div>\n<div>Mai jos pute\u021bi consulta \u00een mod specific cookie-urile folosite de GR ESTETICA DISTRIBUTION SRL dup\u0103 categoria acestora:<\/div>\n<div>\n<table>\n<tbody>\n<tr>\n<th>Necesare: 4<\/th>\n<th colspan=\"4\">Cookie-urile necesare ajut\u0103 la func\u021bionarea unui website, permi\u021b\u00e2nd func\u021biile de baz\u0103 precum navigarea pe pagin\u0103 \u0219i accesul la zone securizate ale acestuia. Website-ul nu poate func\u021biona corect f\u0103r\u0103 aceste cookie-uri.<\/th>\n<\/tr>\n<tr>\n<th>Nume cookie<\/th>\n<th>Furnizor<\/th>\n<th>Tip<\/th>\n<th>C\u00e2nd expir\u0103<\/th>\n<th>Descriere<\/th>\n<\/tr>\n<tr>\n<td>_abck<\/td>\n<td>list-manage.com<\/td>\n<td>HTTP<\/td>\n<td>1 an<\/td>\n<td>Folosit pentru detectarea \u0219i ap\u0103rarea \u00eempotriva relu\u0103rii-cookie-atacurilor &#8211; Cookie-ul este necesar pentru securitate \u0219i integritatea website-ului.<\/td>\n<\/tr>\n<tr>\n<td>ak_bmsc<\/td>\n<td>us1.list-manage.com<\/td>\n<td>HTTP<\/td>\n<td>1 zi<\/td>\n<td>Acest cookie este utilizat pentru a distinge \u00eentre oameni \u0219i robo\u021bi. Acest lucru este benefic pentru website, realiz\u00e2nd rapoarte valabile cu privire la utilizarea website-ului.<\/td>\n<\/tr>\n<tr>\n<td>bm_sv<\/td>\n<td>us1.list-manage.com<\/td>\n<td>HTTP<\/td>\n<td>Sesiune<\/td>\n<td>Folosit \u00een context cu BotManagerul website-ului. BotManager detecteaz\u0103, clasific\u0103 \u0219i compileaz\u0103 raportul pe poten\u021bialii robo\u021bi care \u00eencearc\u0103 s\u0103 acceseze website-ul.<\/td>\n<\/tr>\n<tr>\n<td>bm_sz<\/td>\n<td>list-manage.com<\/td>\n<td>HTTP<\/td>\n<td>1 zi<\/td>\n<td>Folosit \u00een context cu BotManagerul website-ului. BotManager detecteaz\u0103, clasific\u0103 \u0219i compileaz\u0103 raportul pe poten\u021bialii robo\u021bi care \u00eencearc\u0103 s\u0103 acceseze website-ul.<\/td>\n<\/tr>\n<tr>\n<th>Statistici: 3<\/th>\n<th colspan=\"4\">Cookie-urile statistice ne ajut\u0103 s\u0103 \u00een\u021belegem cum interac\u021bioneaz\u0103 vizitatorii cu website-ul prin colectarea \u0219i raportarea informa\u021biilor \u00een mod anonim.<\/th>\n<\/tr>\n<tr>\n<th>Nume cookie<\/th>\n<th>Furnizor<\/th>\n<th>Tip<\/th>\n<th>C\u00e2nd expir\u0103<\/th>\n<th>Descriere<\/th>\n<\/tr>\n<tr>\n<td>_ga<\/td>\n<td>Google<\/td>\n<td>HTTP<\/td>\n<td>2 ani<\/td>\n<td>\u00cenregistreaz\u0103 un ID unic care este utilizat pentru a genera date statistice despre modul \u00een care vizitatorul folose\u0219te website-ul.<\/td>\n<\/tr>\n<tr>\n<td>_gat<\/td>\n<td>Google<\/td>\n<td>HTTP<\/td>\n<td>1 zi<\/td>\n<td>Folosit de Google Analytics pentru a accelera rata de solicit\u0103ri<\/td>\n<\/tr>\n<tr>\n<td>_gid<\/td>\n<td>Google<\/td>\n<td>HTTP<\/td>\n<td>1 zi<\/td>\n<td>\u00cenregistreaz\u0103 un ID unic care este utilizat pentru a genera date statistice despre modul \u00een care vizitatorul folose\u0219te website-ul.<\/td>\n<\/tr>\n<tr>\n<th>Marketing: 4<\/th>\n<th colspan=\"4\">Cookie-urile de marketing sunt utilizate pentru a urm\u0103ri vizitatorii pe diverse website-uri. Inten\u021bia este de a afi\u0219a anun\u021buri relevante \u0219i interesante pentru fiecare vizitator \u0219i, prin urmare, mai valoroase pentru operatorii ini\u021biali \u0219i agen\u021bii ter\u021be de publicitate.<\/th>\n<\/tr>\n<tr>\n<th>Nume cookie<\/th>\n<th>Furnizor<\/th>\n<th>Tip<\/th>\n<th>C\u00e2nd expir\u0103<\/th>\n<th>Descriere<\/th>\n<\/tr>\n<tr>\n<td>_fbp<\/td>\n<td>Facebook<\/td>\n<td>HTTP<\/td>\n<td>3 luni<\/td>\n<td>Folosit de Facebook pentru a livra o serie de afi\u0219aje publicitare, cum ar fi licitarea \u00een timp real de la agen\u021bii de publicitate ter\u021be.<\/td>\n<\/tr>\n<tr>\n<td>_mcid<\/td>\n<td>mc.us1.list-manage.com<\/td>\n<td>HTTP<\/td>\n<td>1 an<\/td>\n<td>Acest cookie \u00eenregistreaz\u0103 date despre vizitator. Informa\u021biile sunt utilizate pentru a optimiza relevan\u021ba publicit\u0103\u021bii.<\/td>\n<\/tr>\n<tr>\n<td>reclame \/ audien\u021be ga<\/td>\n<td>google.com<\/td>\n<td>Pixel<\/td>\n<td>Sesiune<\/td>\n<td>Utilizat de Google AdWords pentru a reatrage vizitatori care ar putea fi converti\u021bi \u00een clien\u021bi pe baza comportamentului online a vizitatorului de pe website.<\/td>\n<\/tr>\n<tr>\n<td>tr<\/td>\n<td>facebook.com<\/td>\n<td>Pixel<\/td>\n<td>Sesiune<\/td>\n<td>Utilizat de Google AdWords pentru a reatrage vizitatori care ar putea fi converti\u021bi \u00een clien\u021bi pe baza comportamentului online a vizitatorului de pe website.<\/td>\n<\/tr>\n<\/tbody>\n<\/table>\n<\/div>\n<div>Politica de Cookie-uri se completeaz\u0103 cu <a href=\"\/en\/protectia-datelor\/\">Politica de Confiden\u021bialitate<\/a><\/div>\n<div id=\"setaricookie\">Pentru modificarea op\u021biunilor tale, te rug\u0103m s\u0103 dai click pe <a role='button' tabindex='0' class=\"cli_settings_button\">Set\u0103ri Cookie<\/a>.<\/div>\n<\/div>\n<\/div>\n<\/div>\t\t\t\t\t\t\t\t<\/div>\n\t\t\t\t<\/div>\n\t\t\t\t\t<\/div>\n\t\t<\/div>\n\t\t\t\t\t<\/div>\n\t\t<\/section>\n\t\t\t\t<\/div>","protected":false},"excerpt":{"rendered":"<p>POLITICA DE COOKIE-URI Ultima actualizare: 29.07.2025 Acest website folose\u0219te at\u00e2t cookie-uri proprii, c\u00e2t \u0219i de la ter\u021bi, pentru a furniza vizitatorilor o experien\u021b\u0103 c\u00e2t mai bun\u0103 de navigare \u0219i servicii adaptate nevoilor \u0219i interesului fiec\u0103ruia dintre ace\u0219tia. \u00cen conformitate cu Regulamentul (UE) 2016\/679 al Parlamentului European \u0219i al Consiliului din 27 aprilie 2016 privind protec\u021bia [&hellip;]<\/p>","protected":false},"author":1,"featured_media":0,"parent":0,"menu_order":0,"comment_status":"closed","ping_status":"closed","template":"elementor_header_footer","meta":{"footnotes":""},"class_list":["post-548","page","type-page","status-publish","hentry"],"_links":{"self":[{"href":"https:\/\/plasmogel.com\/en\/wp-json\/wp\/v2\/pages\/548","targetHints":{"allow":["GET"]}}],"collection":[{"href":"https:\/\/plasmogel.com\/en\/wp-json\/wp\/v2\/pages"}],"about":[{"href":"https:\/\/plasmogel.com\/en\/wp-json\/wp\/v2\/types\/page"}],"author":[{"embeddable":true,"href":"https:\/\/plasmogel.com\/en\/wp-json\/wp\/v2\/users\/1"}],"replies":[{"embeddable":true,"href":"https:\/\/plasmogel.com\/en\/wp-json\/wp\/v2\/comments?post=548"}],"version-history":[{"count":0,"href":"https:\/\/plasmogel.com\/en\/wp-json\/wp\/v2\/pages\/548\/revisions"}],"wp:attachment":[{"href":"https:\/\/plasmogel.com\/en\/wp-json\/wp\/v2\/media?parent=548"}],"curies":[{"name":"wp","href":"https:\/\/api.w.org\/{rel}","templated":true}]}}