{"id":1379,"date":"2021-06-14T10:57:21","date_gmt":"2021-06-14T10:57:21","guid":{"rendered":"https:\/\/plasmogel.com\/?post_type=product&#038;p=1379"},"modified":"2026-03-11T14:48:31","modified_gmt":"2026-03-11T12:48:31","slug":"rrs-ha-skin-relax-anti-imbatranire-cu-bonta-568","status":"publish","type":"product","link":"https:\/\/plasmogel.com\/en\/product\/rrs-ha-skin-relax-anti-imbatranire-cu-bonta-568\/","title":{"rendered":"RRS HA Skin Relax - with BoNtA 568\u00ae for facial expressions areas"},"content":{"rendered":"<p>RRS HA Skin Relax este un<a href=\"https:\/\/www.ncbi.nlm.nih.gov\/pmc\/articles\/PMC3513770\/\" target=\"_blank\" rel=\"noopener\"> tratament<\/a> pentru ten uscat si imbatranit pe baza de acid hialuronic nereticulat. Induce o relaxare cutanat\u0103 pentru a permite o mai bun\u0103 difuziune a acidului hialuronic \u00een dermul care sufer\u0103 de foto-\u00eemb\u0103tr\u00e2nire asociat\u0103 cu tensiune excesiv\u0103 a pielii.<\/p>\n<p>Acesta este un dispozitiv medical ce poate fi injectat doar de c\u0103tre un medic calificat \u00eentr-o clinic\u0103 autorizat\u0103 .<\/p>\n<h6>Indicat \u00een:<\/h6>\n<p>foto-\u00eemb\u0103tr\u00e2nire cu tensiunea excesiv\u0103 a pielii<\/p>\n<h5>Ingrediente active:<\/h5>\n<p>acid hialuronic, 1,0 mg \/ ml nereticulat (3 mg \/ 3 ml)<br \/>\nTampon de protec\u021bie: Oligopeptide (Pentapeptide-18, Acetil Hexapeptide-8, Acetil Octapeptid\u0103-3).<\/p>\n<p>Zona de tratament: fa\u021b\u0103, g\u00e2t \u0219i decolteu<\/p>\n<h5>Cea mai bun\u0103 combina\u021bie:\u00a0RRS Skin Relax + <a href=\"https:\/\/plasmogel.com\/en\/product\/rrs-hyalift-35-tratament-antirid-acid-hialuronic\/\">RRS Hyalift 35\/75<\/a> pentru g\u00e2t \u0219i decolteu,\u00a0RRS HA Eyes poate fi combinat cu toxina botulinic\u0103.<\/h5>\n<p>&nbsp;<\/p>","protected":false},"excerpt":{"rendered":"<h2 class=\"product_title entry-title\">RRS HA Skin Relax cu Bonta 568<\/h2>\n<p class=\"price\"><strong>Cutia con\u021bine:<\/strong><\/p>\n<div class=\"woocommerce-product-details__short-description\">\n<p>-6 flacoane<\/p>\n<p>-3 ml solu\u021bie\/flacon<\/p>\n<p><strong>Indicat \u00een:<\/strong><\/p>\n<ul>\n<li>foto\u00eemb\u0103tr\u00e2nire cu tensiunea excesiv\u0103 a pielii<\/li>\n<\/ul>\n<div class=\"lactoferrin_filler\" style=\"background-image:linear-gradient(to right, #edf6ed, #f6edf3); padding:18px; border-radius:18px\">Fiecare cutie este \u00eenso\u021bit\u0103 de o crem\u0103 de \u00eengrijire post-tratament cu lactoferin\u0103 pentru tratarea hematoamelor, echimozelor, edemelor &#8211; <a href=\"https:\/\/facebodylips.ro\/produs\/crema-tratarea-hematoamelor-echimozelor-edemelor-cu-lactoferina-3-ml-newlactoferrin\/\" style=\"color:rgba(158,32,102,1);text-decoration:underline\">New Lactoferrin, plic 3ml<\/a><\/div>\n<p style=\"color: #eb4034\">*Acest produs este destinat utiliz\u0103rii exclusive de c\u0103tre clinicienii esteticieni!<\/p>\n<\/div>\n<div class=\"product_meta\"><\/div>","protected":false},"featured_media":1411,"template":"","meta":[],"product_brand":[],"product_cat":[37,38,370,40],"product_tag":[155,152,154,150,153,151],"class_list":{"0":"post-1379","1":"product","2":"type-product","3":"status-publish","4":"has-post-thumbnail","6":"product_cat-aesthetic-dermal","7":"product_cat-mezoterapie","8":"product_cat-tratamente-combinate","9":"product_cat-tratamente-faciale-masti-seruri-etc","10":"product_tag-dispozitiv-medical-injectabil","11":"product_tag-estetica","12":"product_tag-piele-uscata-pe-corp","13":"product_tag-piele-uscata-pe-fata","14":"product_tag-rejuvenare-faciala","15":"product_tag-ten-uscat","17":"first","18":"instock","19":"shipping-taxable","20":"purchasable","21":"product-type-simple"},"_links":{"self":[{"href":"https:\/\/plasmogel.com\/en\/wp-json\/wp\/v2\/product\/1379","targetHints":{"allow":["GET"]}}],"collection":[{"href":"https:\/\/plasmogel.com\/en\/wp-json\/wp\/v2\/product"}],"about":[{"href":"https:\/\/plasmogel.com\/en\/wp-json\/wp\/v2\/types\/product"}],"wp:featuredmedia":[{"embeddable":true,"href":"https:\/\/plasmogel.com\/en\/wp-json\/wp\/v2\/media\/1411"}],"wp:attachment":[{"href":"https:\/\/plasmogel.com\/en\/wp-json\/wp\/v2\/media?parent=1379"}],"wp:term":[{"taxonomy":"product_brand","embeddable":true,"href":"https:\/\/plasmogel.com\/en\/wp-json\/wp\/v2\/product_brand?post=1379"},{"taxonomy":"product_cat","embeddable":true,"href":"https:\/\/plasmogel.com\/en\/wp-json\/wp\/v2\/product_cat?post=1379"},{"taxonomy":"product_tag","embeddable":true,"href":"https:\/\/plasmogel.com\/en\/wp-json\/wp\/v2\/product_tag?post=1379"}],"curies":[{"name":"wp","href":"https:\/\/api.w.org\/{rel}","templated":true}]}}