{"id":1380,"date":"2021-06-14T10:57:21","date_gmt":"2021-06-14T10:57:21","guid":{"rendered":"https:\/\/plasmogel.com\/?post_type=product&#038;p=1380"},"modified":"2026-03-11T14:48:32","modified_gmt":"2026-03-11T12:48:32","slug":"rrs-ha-injectable-revitalizeaza-tenul","status":"publish","type":"product","link":"https:\/\/plasmogel.com\/en\/product\/rrs-ha-injectable-revitalizeaza-tenul\/","title":{"rendered":"RRS HA Injectable - for face and body"},"content":{"rendered":"<h2><strong>RRS HA Injectable<\/strong>\u00a0trateaz\u0103 imperfec\u0163iunile tenului, ca ridurile fine (mai ales ridurile \u201efum\u0103torilor\u201d), revitalizeaz\u0103 tenul \u015fi \u00eembun\u0103t\u0103\u0163e\u015fte tonusul cutanat.<\/h2>\n<p>Recomandat pentru:<br \/>\n&#8211;<a href=\"https:\/\/www.glamourmagazine.co.uk\/article\/what-is-mesotherapy\" target=\"_blank\" rel=\"noopener\">hidratare &amp; biorevitalizare<\/a><br \/>\n-tratamente injectabile anti-\u00eemb\u0103tr\u00e2nire<br \/>\n-riduri superficiale<br \/>\n-flaciditate cutanat\u0103<\/p>\n<p>*Acest tratament medical poate fi injectat doar de un medic calificat \u00eentr-o clinic\u0103 autorizat\u0103.<\/p>\n<p>RRS HA Injectable\u00a0este recomandat\u0103 pentru regenerarea \u015fi stimularea pielii mature, \u00eemb\u0103tr\u00e2nite \u015fi devitalizate dup\u0103 expunerea la factori de stres \u015fi mediul poluant.<\/p>\n<p>Zonele injectate:<\/p>\n<p>fa\u021b\u0103, g\u00e2t decolteu, m\u00e2ini, coate \u0219i genunchi.<\/p>\n<p>Volumul injectat:<\/p>\n<p>5 ml pe zon\u0103.<\/p>\n<p>Tipul de injectare:\u00a0microdermal\/derm profund, intradermic micropapule sau retrograd. Se injecteaz\u0103 0,1 ml pe punct, la o distan\u021b\u0103 de 0,5 \u2013 1 cm.<\/p>\n<p>Frecven\u021b\u0103:<\/p>\n<p>1 \u0219edin\u021b\u0103 pe s\u0103pt\u0103m\u00e2n\u0103, 4\u00a0\u2013 6 \u0219edin\u021be.<\/p>\n<p>\u00centre\u021binere:<\/p>\n<p>1 \u2013 3 cure pe an.<\/p>\n<p><strong>RRS HA Injectable con\u021bine<\/strong>: acid hialuronic nestabilizat, \u00een concentra\u021bie de 6,0 mg\/ml (30 mg\/5 ml),\u00a0vitamine\u00a0(A, B1, B2, B3, B5, B6, B12, B9, C \u0219i F),\u00a0siliciu organic,\u00a0acizi gra\u0219i\u00a0(oleic, linoleic, linolenic),\u00a0coenzime\u00a0(NAD, NADP),\u00a0antioxidan\u021bi\u00a0\u00a0(acid ascorbic, acid fitic, acid lipoic, teanin\u0103, acid clorogenic, acid rosmarinic, tocoferol, acid galic, acid ferulic, acid cafeic etc.),\u00a0polifenoli\u00a0(quercetin\u0103, hesperidin\u0103, resveratrol, catechin\u0103, epicatechin\u0103, procianidin\u0103, picnogenol, acid rosmarinic),\u00a0aminoacizi\u00a0(arginin\u0103, aspartat de arginin\u0103, leucin\u0103, valin\u0103, levoglutamide, taurin\u0103, alanin\u0103, acid aspartic, acid glutamic, glicin\u0103, histidin\u0103, hidroxiprolin\u0103, izoleucin\u0103, lizin\u0103, metionin\u0103, fenilalanin\u0103, prolin\u0103, serin\u0103, treonin\u0103, tirozin\u0103),\u00a0microelemente\u00a0(Ca, Cr, Cu, Zn, Fe, K, Mg, Mn, Na, P, Co, Se, Si).<\/p>\n<h5>Cea mai bun\u0103 combina\u021bie:<a href=\"https:\/\/plasmogel.com\/en\/product\/rrs-ha-skin-relax-anti-imbatranire-cu-bonta-568\/\">\u00a0RRS\u00ae HA Skin Relax<\/a> pentru fa\u021ba superioar\u0103,\u00a0RRS\u00ae HA Eyes pentru contur ochi,\u00a0RRS\u00ae HA Injectable +\u00a0RRS\u00ae Silisorg Tensor pentru foto-\u00eemb\u0103tr\u00e2nire + densificare cutanat\u0103.<\/h5>\n<p>&nbsp;<\/p>","protected":false},"excerpt":{"rendered":"<div class=\"woocommerce-product-details__short-description\">\n<p><strong>RRS HA Injectable con\u021bine<\/strong>:<\/p>\n<p>-6 flacoane x 5 ml<\/p>\n<p>*Acest produs este destinat utiliz\u0103rii exclusive de c\u0103tre medici speciali\u0219ti!<\/p>\n<\/div>\n<div class=\"product_meta\"><\/div>","protected":false},"featured_media":1414,"template":"","meta":[],"product_brand":[],"product_cat":[37,38,370,40],"product_tag":[99,103,149,106,148,117,147],"class_list":{"0":"post-1380","1":"product","2":"type-product","3":"status-publish","4":"has-post-thumbnail","6":"product_cat-aesthetic-dermal","7":"product_cat-mezoterapie","8":"product_cat-tratamente-combinate","9":"product_cat-tratamente-faciale-masti-seruri-etc","10":"product_tag-biorevitalizare","11":"product_tag-mezoterapie","12":"product_tag-mezoterapie-cu-acid-hialuronic","13":"product_tag-resveratrol","14":"product_tag-revitalizare-ten","15":"product_tag-riduri-superficiale","16":"product_tag-tonus-cutanat","18":"first","19":"instock","20":"shipping-taxable","21":"purchasable","22":"product-type-simple"},"_links":{"self":[{"href":"https:\/\/plasmogel.com\/en\/wp-json\/wp\/v2\/product\/1380","targetHints":{"allow":["GET"]}}],"collection":[{"href":"https:\/\/plasmogel.com\/en\/wp-json\/wp\/v2\/product"}],"about":[{"href":"https:\/\/plasmogel.com\/en\/wp-json\/wp\/v2\/types\/product"}],"wp:featuredmedia":[{"embeddable":true,"href":"https:\/\/plasmogel.com\/en\/wp-json\/wp\/v2\/media\/1414"}],"wp:attachment":[{"href":"https:\/\/plasmogel.com\/en\/wp-json\/wp\/v2\/media?parent=1380"}],"wp:term":[{"taxonomy":"product_brand","embeddable":true,"href":"https:\/\/plasmogel.com\/en\/wp-json\/wp\/v2\/product_brand?post=1380"},{"taxonomy":"product_cat","embeddable":true,"href":"https:\/\/plasmogel.com\/en\/wp-json\/wp\/v2\/product_cat?post=1380"},{"taxonomy":"product_tag","embeddable":true,"href":"https:\/\/plasmogel.com\/en\/wp-json\/wp\/v2\/product_tag?post=1380"}],"curies":[{"name":"wp","href":"https:\/\/api.w.org\/{rel}","templated":true}]}}