{"id":1381,"date":"2021-06-14T10:57:21","date_gmt":"2021-06-14T10:57:21","guid":{"rendered":"https:\/\/plasmogel.com\/?post_type=product&#038;p=1381"},"modified":"2026-03-11T14:48:36","modified_gmt":"2026-03-11T12:48:36","slug":"rrs-hyalift-75-proactive-tratament-atrofia-dermica","status":"publish","type":"product","link":"https:\/\/plasmogel.com\/en\/product\/rrs-hyalift-75-proactive-tratament-atrofia-dermica\/","title":{"rendered":"RRS Hyalift 75 Proactive - treatment of dermal atrophy"},"content":{"rendered":"<h2>RRS Hyalift 75 Proactive &#8211; implant dermic de acid hialuronic nereticulat (HA) pentru tratamentul foto\u00eemb\u0103tr\u00e2nirii pielii \u0219i consecin\u021bele acestuia; tratamentul atrofiei dermice;<\/h2>\n<p>Acidul hialuronic este solubilizat \u00eentr-o solu\u021bie tampon de protec\u021bie compus\u0103 din aminoacizi cu propriet\u0103\u021bi de hidratare \u0219i antioxidan\u021bi care stabilizeaz\u0103 acidul hialuronic. Solu\u021bia de aminoacizi ajut\u0103 efectul de umplere a acidului hialuronic prin aducerea \u00een derm a aminoacizilor necesari pentru men\u021binerea matricei intercelulare.<\/p>\n<p>Este o substan\u0163\u0103 premixat\u0103, cu efecte spectaculoase de hidratare, <a href=\"https:\/\/www.hindawi.com\/journals\/tswj\/2020\/3542848\/\" target=\"_blank\" rel=\"noopener\">biorevitalizare<\/a> \u015fi antioxidare \u00een lupta cu pielea \u00eemb\u0103tr\u00e2nit\u0103, deshidratat\u0103 \u015fi lipsit\u0103 de vitalitate.<\/p>\n<p>Acesta este un dispozitiv medical ce poate fi injectat doar de c\u0103tre un medic calificat \u00eentr-o clinic\u0103 autorizat\u0103 .<\/p>\n<h5>RSS Hyalift 75 Proactive este indicat \u00een:<\/h5>\n<p>foto\u00eemb\u0103tr\u00e2nirea pielii \u0219i consecin\u021bele acesteia;<br \/>\ntratamentul atrofiei dermice<\/p>\n<h5>Zonele tratate de obicei sunt: \u200b\u200b<\/h5>\n<p>Fa\u021ba,<br \/>\ng\u00e2tul,<br \/>\ndecolteu<br \/>\nspatele m\u00e2inilor,<br \/>\nfa\u021ba intern\u0103 a bra\u021belor, fa\u021ba intern\u0103 a coapselor,<br \/>\nzona peri-ombilical\u0103,<br \/>\nabdomenul (vergeturile).<\/p>\n<p>Ingrediente active:<\/p>\n<p>Acid hialuronic, nereticulat 15,0 mg \/ ml (75 mg \/ 5 ml)<\/p>\n<p>Tampon de protec\u021bie: aminoacizi, polifenoli, antioxidan\u021bi.<\/p>\n<h3>Cea mai bun\u0103 combina\u021bie:<\/h3>\n<p><a href=\"https:\/\/plasmogel.com\/en\/product\/rrs-hyalift-35-tratament-antirid-acid-hialuronic\/\">RRS Hyalift<\/a> + RRS Silisorg &amp; RRS Silisorg Tensor.<\/p>","protected":false},"excerpt":{"rendered":"<div class=\"woocommerce-product-details__short-description\">\n<p><strong>RRS Hyalift 75 Proactive vine \u00eentr-o cutie care con\u021bine:<\/strong><\/p>\n<ul>\n<li>6 flacoane x 5 ml solu\u021bie sau o\u00a0Sering\u0103 x 3 ml<\/li>\n<\/ul>\n<p><strong>Indicat \u00een:<\/strong><\/p>\n<ul>\n<li>foto\u00eemb\u0103tr\u00e2nirea pielii \u0219i consecin\u021bele acesteia;<\/li>\n<li>tratamentul atrofiei dermice<\/li>\n<\/ul>\n<p><em>*Acest tratament medical poate fi injectat doar de un medic calificat \u00eentr-o clinic\u0103 autorizat\u0103.<\/em><\/p>\n<p>*Acest produs este destinat utiliz\u0103rii exclusive de c\u0103tre medici speciali\u0219ti!<\/p>\n<\/div>","protected":false},"featured_media":1415,"template":"","meta":[],"product_brand":[],"product_cat":[37,38,370],"product_tag":[109,145,99,142,146,143,144],"class_list":{"0":"post-1381","1":"product","2":"type-product","3":"status-publish","4":"has-post-thumbnail","6":"product_cat-aesthetic-dermal","7":"product_cat-mezoterapie","8":"product_cat-tratamente-combinate","9":"product_tag-acid-hialuronic-nereticulat","10":"product_tag-antioxidanti","11":"product_tag-biorevitalizare","12":"product_tag-proprietati-de-hidratare","13":"product_tag-tratament-cu-aminoacizi","14":"product_tag-tratament-pentru-fotoimbatranirea-pielii","15":"product_tag-tratamentul-atrofiei-dermice","17":"first","18":"instock","19":"shipping-taxable","20":"purchasable","21":"product-type-variable"},"_links":{"self":[{"href":"https:\/\/plasmogel.com\/en\/wp-json\/wp\/v2\/product\/1381","targetHints":{"allow":["GET"]}}],"collection":[{"href":"https:\/\/plasmogel.com\/en\/wp-json\/wp\/v2\/product"}],"about":[{"href":"https:\/\/plasmogel.com\/en\/wp-json\/wp\/v2\/types\/product"}],"wp:featuredmedia":[{"embeddable":true,"href":"https:\/\/plasmogel.com\/en\/wp-json\/wp\/v2\/media\/1415"}],"wp:attachment":[{"href":"https:\/\/plasmogel.com\/en\/wp-json\/wp\/v2\/media?parent=1381"}],"wp:term":[{"taxonomy":"product_brand","embeddable":true,"href":"https:\/\/plasmogel.com\/en\/wp-json\/wp\/v2\/product_brand?post=1381"},{"taxonomy":"product_cat","embeddable":true,"href":"https:\/\/plasmogel.com\/en\/wp-json\/wp\/v2\/product_cat?post=1381"},{"taxonomy":"product_tag","embeddable":true,"href":"https:\/\/plasmogel.com\/en\/wp-json\/wp\/v2\/product_tag?post=1381"}],"curies":[{"name":"wp","href":"https:\/\/api.w.org\/{rel}","templated":true}]}}