{"id":1382,"date":"2021-06-14T10:57:21","date_gmt":"2021-06-14T10:57:21","guid":{"rendered":"https:\/\/plasmogel.com\/?post_type=product&#038;p=1382"},"modified":"2026-01-19T17:01:28","modified_gmt":"2026-01-19T15:01:28","slug":"xl-hair-tratament-caderea-parului","status":"publish","type":"product","link":"https:\/\/plasmogel.com\/en\/product\/xl-hair-tratament-caderea-parului\/","title":{"rendered":"XL Hair - Hair Restoration"},"content":{"rendered":"<h2>XL Hair<\/h2>\n<p>Noul tratament pentru caderea parului, \u00een conformitate cu Regulamentul UE.<\/p>\n<h3>XL Hair este indicat \u00een:<\/h3>\n<p>Alopecie (c\u0103dere prematur\u0103 a p\u0103rului),<br \/>\nTratamente pentru restaurarea p\u0103rului<br \/>\nFormula acestui tratament pentru caderea parului -XL Hair\u00ae, a fost conceputa pentru injectii dermice superficiale si profunde si se bazeaza pe acid hialuronic combinat cu un tampon protector unic. Acesta actioneaza prin cresterea proliferarii celulelor papilelor, stimuland cresterea parului, crescand grosimea parului, imbunatatind nutritia pielii si ap\u0103rarea pielii \u00eempotriva stresului intern, extern \u0219i a factorilor de deteriorare.<\/p>\n<p>XL Hair trebuie utilizat \u00een conditii aseptice adecvate intr-o clinica autorizata pe pielea sanatoasa si dezinfectata.<\/p>\n<h5>Ingrediente active:<\/h5>\n<p>Acid hialuronic nereticulat 0,001 mg \/ ml (0,005 mg \/ 5 ml)<br \/>\nTampon de protectie: FGF, peptida GM, ADN de sodiu, aminoacizi, oligoelemente, vitamine, terpene, acizi grasi, flavonoide, antioxidanti.<br \/>\nZonele de injectare: scalp.<\/p>\n<p>Mezoterapia impotriva caderii parului este un tratament de succes, precum se releva in acest <a href=\"https:\/\/www.ncbi.nlm.nih.gov\/pmc\/articles\/PMC3002412\/\" target=\"_blank\" rel=\"noopener\">articol stiintific<\/a>.<\/p>\n<p><strong>Cea mai bun\u0103 combinatie<\/strong>: oricare dintre RRS HA pentru densificare dermal\u0103, <a href=\"https:\/\/plasmogel.com\/en\/product\/rrs-silisorg-tratament-anti-imbatranire\/\">RRS Silisorg<\/a> + RRS Hyalift 35 \/ RRS Hyalift 75.[\/vc_column_text][\/vc_column][\/vc_row]<\/p>","protected":false},"excerpt":{"rendered":"<div class=\"woocommerce-product-details__short-description\">\n<p>XL Hair este o solutie injectabil\u0103 pentru tratarea diferitelor tipuri de chelie \u0219i pierderea simptomatic\u0103 a parului,<\/p>\n<p><strong>Cutia contine:<\/strong><br \/>\n-6 fiole<br \/>\n-5 ml solutie\/fiola.<\/p>\n<p><strong>Indicat in:<\/strong><\/p>\n<ul>\n<li>Alopecie,<\/li>\n<li>Tratamente pentru restaurarea parului<\/li>\n<\/ul>\n<p>*Acest produs este destinat utiliz\u0103rii exclusive de c\u0103tre medicii speciali\u0219ti!<\/p>\n<\/div>","protected":false},"featured_media":1417,"template":"","meta":[],"product_brand":[],"product_cat":[37,38,370],"product_tag":[109,141,116,99,89,127,139,137,140,138],"class_list":{"0":"post-1382","1":"product","2":"type-product","3":"status-publish","4":"has-post-thumbnail","6":"product_cat-aesthetic-dermal","7":"product_cat-mezoterapie","8":"product_cat-tratamente-combinate","9":"product_tag-acid-hialuronic-nereticulat","10":"product_tag-acid-hiualuronic","11":"product_tag-alopecie","12":"product_tag-biorevitalizare","13":"product_tag-medic-dermatolog","14":"product_tag-medic-estetician","15":"product_tag-tampon-protector","16":"product_tag-tratament-alopecie","17":"product_tag-tratament-caderea-parului","18":"product_tag-tratament-injectabil","20":"first","21":"instock","22":"shipping-taxable","23":"purchasable","24":"product-type-simple"},"_links":{"self":[{"href":"https:\/\/plasmogel.com\/en\/wp-json\/wp\/v2\/product\/1382","targetHints":{"allow":["GET"]}}],"collection":[{"href":"https:\/\/plasmogel.com\/en\/wp-json\/wp\/v2\/product"}],"about":[{"href":"https:\/\/plasmogel.com\/en\/wp-json\/wp\/v2\/types\/product"}],"wp:featuredmedia":[{"embeddable":true,"href":"https:\/\/plasmogel.com\/en\/wp-json\/wp\/v2\/media\/1417"}],"wp:attachment":[{"href":"https:\/\/plasmogel.com\/en\/wp-json\/wp\/v2\/media?parent=1382"}],"wp:term":[{"taxonomy":"product_brand","embeddable":true,"href":"https:\/\/plasmogel.com\/en\/wp-json\/wp\/v2\/product_brand?post=1382"},{"taxonomy":"product_cat","embeddable":true,"href":"https:\/\/plasmogel.com\/en\/wp-json\/wp\/v2\/product_cat?post=1382"},{"taxonomy":"product_tag","embeddable":true,"href":"https:\/\/plasmogel.com\/en\/wp-json\/wp\/v2\/product_tag?post=1382"}],"curies":[{"name":"wp","href":"https:\/\/api.w.org\/{rel}","templated":true}]}}