{"id":1384,"date":"2021-06-14T10:57:21","date_gmt":"2021-06-14T10:57:21","guid":{"rendered":"https:\/\/plasmogel.com\/?post_type=product&#038;p=1384"},"modified":"2026-03-11T14:48:37","modified_gmt":"2026-03-11T12:48:37","slug":"rrs-ha-cellutrix-tratament-anti-celulita-10-ml","status":"publish","type":"product","link":"https:\/\/plasmogel.com\/en\/product\/rrs-ha-cellutrix-tratament-anti-celulita-10-ml\/","title":{"rendered":"RRS HA Cellutrix - anti-cellulite treatment, 10ml"},"content":{"rendered":"<p>RRS HA Cellutrix este un implant dermic utilizat pentru \u00eenmuierea neregulilor suprafe\u021bei dermice asociate cu un tampon protector, special formulat pentru panniculopatia edemato-fibroscletotica.<\/p>\n<p><strong>Este recomandat pentru tratamente anticelulitice, depozite de grasime.<\/strong><\/p>\n<p>Efecte ob\u0163inute: de drenaj, cu stimularea microcirculatiei, uniformizarea suprafetei cutantate (se atenueaz\u0103 aspectul de \u201ecoaja de portocala\u201d).<\/p>\n<p>Acesta este un dispozitiv medical ce poate fi injectat doar de c\u0103tre un medic calificat \u00eentr-o clinic\u0103 autorizat\u0103 .<\/p>\n<h5>Indicat pentru:<\/h5>\n<p><a href=\"https:\/\/pubmed.ncbi.nlm.nih.gov\/28590783\/\" target=\"_blank\" rel=\"noopener\">celulita<\/a><br \/>\nflaciditatea cutanat\u0103 din zonele cu celulita<br \/>\nstimularea microcirculatiei<\/p>\n<h3>Ingrediente active:<\/h3>\n<p>Acid hialuronic nereticulat 0,5 mg \/ ml (5 mg \/ 10 ml)<br \/>\nTampon protector: Antioxidanti, Flavonoide, Vitamine, Saponine, Fucoxantina, Cofeina, L-carnitina etc.<br \/>\nZonele injectate: coapse, fese, gambe.<\/p>\n<h5>Cea mai buna <a href=\"https:\/\/plasmogel.com\/en\/tratamente-combinate\/\">combinatie<\/a>: RRS HA Strimatrix \/ RRS HA Cellutrix + RRS Silisorg \/ RRS Silisorg Tensor.<\/h5>\n<p>&nbsp;<\/p>","protected":false},"excerpt":{"rendered":"<p>RRS HA Cellutrix este un implant dermic recomandat pentru tratamente anticelulitice, depozite de gr\u0103sime.<br \/>\nEfecte ob\u0163inute: de drenaj, cu stimularea microcircula\u0163iei, uniformizarea suprafe\u0163ei cutantate (se atenueaz\u0103 aspectul de \u201ecoaj\u0103 de portocal\u0103\u201d).<\/p>\n<p>Cutia con\u021bine:<br \/>\n-6 flacoane<br \/>\n-10 ml solu\u021bie\/flacon<\/p>\n<p>Indicat pentru:<\/p>\n<p>celulit\u0103<br \/>\nflaciditatea cutanat\u0103 din zonele cu celulit\u0103<br \/>\nstimularea microcircula\u021biei<\/p>","protected":false},"featured_media":1421,"template":"","meta":[],"product_brand":[],"product_cat":[37,38,39,370],"product_tag":[125,130,128,126,124,127,129],"class_list":{"0":"post-1384","1":"product","2":"type-product","3":"status-publish","4":"has-post-thumbnail","6":"product_cat-aesthetic-dermal","7":"product_cat-mezoterapie","8":"product_cat-tratamente-anti-tesut-adipos","9":"product_cat-tratamente-combinate","10":"product_tag-acid-hialuronic","11":"product_tag-anticelulita","12":"product_tag-depozite-de-grasime","13":"product_tag-flavonoide","14":"product_tag-injectabil-anticelulita","15":"product_tag-medic-estetician","16":"product_tag-stimularea-microcirculatiei","18":"first","19":"instock","20":"shipping-taxable","21":"purchasable","22":"product-type-simple"},"_links":{"self":[{"href":"https:\/\/plasmogel.com\/en\/wp-json\/wp\/v2\/product\/1384","targetHints":{"allow":["GET"]}}],"collection":[{"href":"https:\/\/plasmogel.com\/en\/wp-json\/wp\/v2\/product"}],"about":[{"href":"https:\/\/plasmogel.com\/en\/wp-json\/wp\/v2\/types\/product"}],"wp:featuredmedia":[{"embeddable":true,"href":"https:\/\/plasmogel.com\/en\/wp-json\/wp\/v2\/media\/1421"}],"wp:attachment":[{"href":"https:\/\/plasmogel.com\/en\/wp-json\/wp\/v2\/media?parent=1384"}],"wp:term":[{"taxonomy":"product_brand","embeddable":true,"href":"https:\/\/plasmogel.com\/en\/wp-json\/wp\/v2\/product_brand?post=1384"},{"taxonomy":"product_cat","embeddable":true,"href":"https:\/\/plasmogel.com\/en\/wp-json\/wp\/v2\/product_cat?post=1384"},{"taxonomy":"product_tag","embeddable":true,"href":"https:\/\/plasmogel.com\/en\/wp-json\/wp\/v2\/product_tag?post=1384"}],"curies":[{"name":"wp","href":"https:\/\/api.w.org\/{rel}","templated":true}]}}