{"id":1394,"date":"2021-06-14T10:57:22","date_gmt":"2021-06-14T10:57:22","guid":{"rendered":"https:\/\/plasmogel.com\/?post_type=product&#038;p=1394"},"modified":"2025-09-18T09:10:21","modified_gmt":"2025-09-18T07:10:21","slug":"desirial-restabilire-hidratare-elasticitate","status":"publish","type":"product","link":"https:\/\/plasmogel.com\/en\/product\/desirial-restabilire-hidratare-elasticitate\/","title":{"rendered":"Filler Desirial, 1x1ml. Restabilirea hidratarii si a elasticitatii zonei vulvo-vaginale"},"content":{"rendered":"<h3>Desirial &#8211; restabilirea hidratarii si a elasticitatii zonei vulvo-vaginale<\/h3>\n<p>DESIRIAL este conceput pentru a restabili hidratarea, elasticitatea, tonsul \u0219i sensibilitatea zonei vulvo-vaginale. De asemenea, este utilizat pentru tratarea usc\u0103ciunii vaginale. Aceast\u0103 degradare a \u021besuturilor poate fi perceput\u0103 ca disconfort sau arsur\u0103, sensibilitate crescut\u0103 sau iritare cronic\u0103 \u0219i m\u00e2nc\u0103rime, ceea ce poate duce la r\u0103ni. Acidul hialuronic este injectat direct \u00een \u021besuturile \u00een cauz\u0103 pentru a-\u0219i \u00eembun\u0103t\u0103\u021bi calitatea \u0219i a limita usc\u0103ciunea vaginal\u0103.<\/p>\n<p>DESIRIAL PLUS este un gel mai elastic conceput pentru remodelarea labiei majora. O protec\u021bie a labiei minora poate fi observat\u0103 ca una dintre rezultatele acestei corec\u021bii estetice. DESIRIAL\u00ae PLUS poate fi de asemenea utilizat \u00een caz de atrofiere a labiei majora. Dup\u0103 o anumit\u0103 v\u00e2rst\u0103, \u021besuturile tind s\u0103 se mic\u0219oreze, \u00een special \u00een jurul labiei majora. Acest lucru poate deteriora protec\u021bia natural\u0103 a vulvei \u0219i poate duce la durere localizat\u0103. Acidul hialuronic recreeaz\u0103 volumul labiei majora, protej\u00e2nd astfel vulva.<\/p>\n<h3>Cum poate o injectare de acid hialuronic s\u0103 ofere rezolvare femeilor care sufer\u0103 de tulbur\u0103ri vulvo-vaginale?<\/h3>\n<p>Inject\u0103rile furnizeaz\u0103 acid hialuronic direct \u00een \u021besuturile zonei vulvo-vaginale pentru a contribui la hidratarea eficient\u0103 a acesteia. Acest tip de injectare asigur\u0103 o presiune mecanic\u0103 indirect\u0103 asupra celulelor care formeaz\u0103 mucoasa vulvo-vaginal\u0103, cresc\u00e2nd astfel activitatea acestora.<\/p>\n<p>Aceasta duce la sinteza fibrelor de elastin\u0103 \u0219i colagen \u0219i \u00eembun\u0103t\u0103\u021be\u0219te calitatea mucoasei vulvo-vaginale.<\/p>\n<h3>Care sunt consecin\u021bele \u00eemb\u0103tr\u00e2nirii asupra mucoasei vaginale?<\/h3>\n<p>Organele genitale feminine &#8211; ca toate organele corpului &#8211; nu sunt imunizate \u00eempotriva trecerii timpului. \u00cen timpul menopauzei, \u021besuturile zonei vulvare sunt afectate \u00een special de sc\u0103derea produc\u021biei de estrogen.<\/p>\n<p>F\u0103r\u0103 estrogen, mucoasa vaginal\u0103 se sub\u021biaz\u0103 \u0219i se usuc\u0103, devenind mai slab\u0103. Vaginul \u00ee\u0219i pierde suple\u021bea \u0219i elasticitatea. Mecanismele sale de protec\u021bie natural\u0103 devin mai pu\u021bin eficiente, cresc\u00e2nd astfel riscul de infec\u021bii vaginale.<\/p>\n<p>Drept urmare, aceste schimb\u0103ri fizice pot afecta calitatea vie\u021bii de zi cu zi a femeilor.<\/p>\n<p>Aceste simptome se datoreaz\u0103 de obicei pierderii elasticit\u0103\u021bii mucoasei \u0219i apar \u00een mod specific \u00een timpul menopauzei.<\/p>\n<h3>Ce tip de medic ar trebui s\u0103 v\u0103d pentru a primi acest tratament?<\/h3>\n<p>Orice practicieni specializa\u021bi \u00een ginecologie reconstructiv\u0103. Injec\u021biile DESIRIAL\u00ae \u0219i \/ sau DESIRIAL\u00ae PLUS trebuie efectuate \u00een cabinetul medicului de c\u0103tre practicieni autoriza\u021bi.<\/p>\n<h3>Ce implic\u0103 procedura?<\/h3>\n<p>Un anestezic local simplu poate fi sugerat \u00eenainte de fiecare injectare cu DESIRIAL\u00ae \u0219i \/ sau DESIRIAL\u00ae PLUS, pentru a asigura un tratament eficient f\u0103r\u0103 durere.<\/p>\n<p>DESIRIAL\u00ae este injectat de obicei \u00een zona vulvar\u0103 \u0219i la intrarea vaginului. Practicianul va folosi un ac foarte fin care face posibil\u0103 injectarea produsului foarte superficial, chiar sub \u021besutul mucoasei pentru a fi rehidratat.<\/p>\n<p>Practicianul va injecta DESIRIAL\u00ae PLUS chiar sub labia majora. Se va folosi o canul\u0103 mic\u0103 pentru a r\u0103sp\u00e2ndi produsul de-a lungul labiilor, f\u0103r\u0103 a provoca daune. Procedura dureaz\u0103 aproximativ 20 de minute.<\/p>\n<h3>La ce m\u0103 pot a\u0219tepta dup\u0103 tratamentul DESIRIAL\u00ae?<\/h3>\n<p>Produsele DESIRIAL\u00ae \u0219i DESIRIAL\u00ae PLUS consolideaz\u0103 hidratarea \u0219i restabilesc confortul zonelor intime. Mucoasa devine mai pu\u021bin sensibil\u0103 la inflama\u021bie \u0219i simptomele asociate scad. Durerea vulvar\u0103 (dispareunie), iritarea \u0219i m\u00e2nc\u0103rimea sunt de asemenea reduse. \u00cembun\u0103t\u0103\u021birea sau men\u021binerea calit\u0103\u021bii vie\u021bii dvs. este un beneficiu important al tratamentului DESIRIAL\u00ae. DESIRIAL\u00ae p\u0103streaz\u0103 feminitatea contribuind la limitarea usc\u0103ciunii vaginale.<\/p>\n<p>\u0218edin\u021be suplimentare de injectare pot fi necesare pentru a garanta un rezultat optim \u0219i de lung\u0103 durat\u0103. Medicul dumneavoastr\u0103 va \u0219ti care este tratamentul DESIRIAL\u00ae potrivit pentru dumneavoastr\u0103. Adresa\u021bi-v\u0103 medicului pentru informa\u021bii despre tratamentul DESIRIAL\u00ae \u0219i programa\u021bi-v\u0103 pentru un tratament.<\/p>\n<p>REZULTATE DEMONSTRATE CLINIC:<\/p>\n<ul>\n<li>94% dintre femei, \u0219i-au \u00eembun\u0103t\u0103\u021bit calitatea vie\u021bii semnificativ, dup\u0103 6 luni de tratament cu DESIRIAL.<\/li>\n<li>93% dintre femei, \u0219i-au \u00eembun\u0103t\u0103\u021bit semnificativ calitatea vie\u021bii dup\u0103 12 luni de tratament cu DESIRIAL PLUS.<\/li>\n<\/ul>\n<h3>Exist\u0103 contraindica\u021bii?<\/h3>\n<ul>\n<li>Femeile \u00eens\u0103rcinate sau care al\u0103pteaz\u0103.<\/li>\n<li>Zonele care prezint\u0103 semne de inflama\u021bie clinic\u0103 \u0219i \/ sau infec\u021bie viral\u0103 (de exemplu: papilom, herpes), bacteriene, fungice \u0219i \/ sau la pacien\u021bii trata\u021bi pentru aceste patologii.<\/li>\n<li>Pacien\u021bi cu hipersensibilitate cunoscut\u0103 la una dintre componente (acid hialuronic). Nu uita\u021bi s\u0103 spune\u021bi medicului dumneavoastr\u0103 despre istoricul dumneavoastr\u0103 patologic, cum ar fi bolile autoimune sau tratamentele imunoterapeutice.<\/li>\n<\/ul>\n<p>Contraindica\u021biile men\u021bionate nu sunt exhaustive. V\u0103 rug\u0103m s\u0103 citi\u021bi cu aten\u021bie instruc\u021biunile de utilizare. \u00cenainte de orice tratament DESIRIAL\u00ae este necesar\u0103 o consultare prealabil\u0103 cu medicul dumneavoastr\u0103.<\/p>\n<h3>Exist\u0103 efecte adverse?<\/h3>\n<p>Dup\u0103 o \u0219edin\u021b\u0103 de injectare, la fel ca \u00een cazul oric\u0103rei inject\u0103ri cu acid hialuronic, pot ap\u0103rea unele reac\u021bii, cum ar fi inflamarea, v\u00e2n\u0103t\u0103ile, m\u00e2nc\u0103rimea, sensibilitatea la locul inject\u0103rii, care vor trece \u00een c\u00e2teva zile (citi\u021bi instruc\u021biunile de utilizare cu aten\u021bie).<\/p>\n<p>Orice reac\u021bii adverse care persist\u0103 mai mult de o s\u0103pt\u0103m\u00e2n\u0103 sau apari\u021bia oric\u0103rui alt eveniment advers trebuie notificate medicului dvs. c\u00e2t mai repede posibil.<\/p>","protected":false},"excerpt":{"rendered":"<p>DESIRIAL\u00ae este disponibil \u00een dou\u0103 tipuri de gel: DESIRIAL\u00ae \u0219i DESIRIAL\u00ae PLUS. Acestea au diferite concentra\u021bii de acid hialuronic \u0219i propriet\u0103\u021bi v\u00e2scoelastice, astfel \u00eenc\u00e2t medicul dumneavoastr\u0103 ar putea alege cu exactitate ce produs ar fi mai potrivit pentru nevoile dvs. specifice.<\/p>\n<div class=\"lactoferrin_filler\" style=\"background-image:linear-gradient(to right, #edf6ed, #f6edf3); padding:18px; border-radius:18px\">Fiecare cutie este \u00eenso\u021bit\u0103 de o crem\u0103 de \u00eengrijire post-tratament cu lactoferin\u0103 pentru tratarea hematoamelor, echimozelor, edemelor &#8211; <a href=\"https:\/\/facebodylips.ro\/produs\/crema-tratarea-hematoamelor-echimozelor-edemelor-cu-lactoferina-3-ml-newlactoferrin\/\" style=\"color:rgba(158,32,102,1);text-decoration:underline\">New Lactoferrin, plic 3ml<\/a><\/div>\n<p style=\"color: #eb4034\">*Acest produs este destinat utiliz\u0103rii exclusive de c\u0103tre clinicienii esteticieni!<\/p>","protected":false},"featured_media":1442,"template":"","meta":[],"product_brand":[],"product_cat":[46,47],"product_tag":[],"class_list":{"0":"post-1394","1":"product","2":"type-product","3":"status-publish","4":"has-post-thumbnail","6":"product_cat-desirial","7":"product_cat-desirial-producatori","9":"first","10":"instock","11":"shipping-taxable","12":"purchasable","13":"product-type-simple"},"_links":{"self":[{"href":"https:\/\/plasmogel.com\/en\/wp-json\/wp\/v2\/product\/1394","targetHints":{"allow":["GET"]}}],"collection":[{"href":"https:\/\/plasmogel.com\/en\/wp-json\/wp\/v2\/product"}],"about":[{"href":"https:\/\/plasmogel.com\/en\/wp-json\/wp\/v2\/types\/product"}],"wp:featuredmedia":[{"embeddable":true,"href":"https:\/\/plasmogel.com\/en\/wp-json\/wp\/v2\/media\/1442"}],"wp:attachment":[{"href":"https:\/\/plasmogel.com\/en\/wp-json\/wp\/v2\/media?parent=1394"}],"wp:term":[{"taxonomy":"product_brand","embeddable":true,"href":"https:\/\/plasmogel.com\/en\/wp-json\/wp\/v2\/product_brand?post=1394"},{"taxonomy":"product_cat","embeddable":true,"href":"https:\/\/plasmogel.com\/en\/wp-json\/wp\/v2\/product_cat?post=1394"},{"taxonomy":"product_tag","embeddable":true,"href":"https:\/\/plasmogel.com\/en\/wp-json\/wp\/v2\/product_tag?post=1394"}],"curies":[{"name":"wp","href":"https:\/\/api.w.org\/{rel}","templated":true}]}}