{"id":1520,"date":"2021-06-14T11:29:22","date_gmt":"2021-06-14T11:29:22","guid":{"rendered":"https:\/\/plasmogel.com\/?post_type=product&#038;p=1520"},"modified":"2025-08-05T12:57:32","modified_gmt":"2025-08-05T10:57:32","slug":"cutie-polipropilena-pt-intepatoare-taietoare-03l","status":"publish","type":"product","link":"https:\/\/plasmogel.com\/en\/product\/cutie-polipropilena-pt-intepatoare-taietoare-03l\/","title":{"rendered":"Cutie polipropilen\u0103 \u00een\u021bep\u0103toare, t\u0103ietoare, 0,3L, 1buc"},"content":{"rendered":"<p>Cutie pentru \u00een\u021bep\u0103toare- t\u0102ietoare, din polipropilen\u0103.<\/p>\n<p>Recipient testat impotriva perforarii cu obiecte ascutite<\/p>\n<p>Capacul recipientelor prezinta orificii speciale pentru detasarea acelor de seringa, a lamelor de bisturiu &#8230; precum si a altor deseuri intepatoare taietoare de dimensiuni mai mari. Sistemul de inchidere definitiva elimina posibilitatea de contaminare a personalului care manipuleaza deseurile intepatoare taietoare, cat si refolosirea de catre persoane din exteriorul unitatilor sanitare. Odata inchis definitiv, recipientul este distrus prin incinerare. In urma acestui proces nu rezulta deseuri toxice.<\/p>\n<p>Conform standard NFX-30-500<br \/>\nConform standard BS 7320<br \/>\nPictograma cu Clasa 6 &#8211; deseuri infectioase<br \/>\nRecipientele sunt avizate de Ministerul Sanatatii &#8211; Institutul de Sanatate Publica<\/p>","protected":false},"excerpt":{"rendered":"<p>Cutie pentru \u00een\u021bep\u0103toare- tietoare, din polipropilen\u0103.<br \/>\nCapac prevazut cu orificii corespunzatoare fiecarei categorii de deseu intepator-taietor, autoblocant.<br \/>\nOdata inchis capacul nu mai poate fi deschis<\/p>\n<p>Se vinde la bucat\u0103.<br \/>\nCapacitate 0,3L<\/p>","protected":false},"featured_media":1540,"template":"","meta":[],"product_brand":[],"product_cat":[19,56],"product_tag":[],"class_list":{"0":"post-1520","1":"product","2":"type-product","3":"status-publish","4":"has-post-thumbnail","6":"product_cat-consumabile-medicale","7":"product_cat-cutii-deseuri-intepatoare","9":"first","10":"instock","11":"purchasable","12":"product-type-simple"},"_links":{"self":[{"href":"https:\/\/plasmogel.com\/en\/wp-json\/wp\/v2\/product\/1520","targetHints":{"allow":["GET"]}}],"collection":[{"href":"https:\/\/plasmogel.com\/en\/wp-json\/wp\/v2\/product"}],"about":[{"href":"https:\/\/plasmogel.com\/en\/wp-json\/wp\/v2\/types\/product"}],"wp:featuredmedia":[{"embeddable":true,"href":"https:\/\/plasmogel.com\/en\/wp-json\/wp\/v2\/media\/1540"}],"wp:attachment":[{"href":"https:\/\/plasmogel.com\/en\/wp-json\/wp\/v2\/media?parent=1520"}],"wp:term":[{"taxonomy":"product_brand","embeddable":true,"href":"https:\/\/plasmogel.com\/en\/wp-json\/wp\/v2\/product_brand?post=1520"},{"taxonomy":"product_cat","embeddable":true,"href":"https:\/\/plasmogel.com\/en\/wp-json\/wp\/v2\/product_cat?post=1520"},{"taxonomy":"product_tag","embeddable":true,"href":"https:\/\/plasmogel.com\/en\/wp-json\/wp\/v2\/product_tag?post=1520"}],"curies":[{"name":"wp","href":"https:\/\/api.w.org\/{rel}","templated":true}]}}