{"id":2374,"date":"2021-07-13T07:58:48","date_gmt":"2021-07-13T07:58:48","guid":{"rendered":"https:\/\/plasmogel.com\/?post_type=product&#038;p=2374"},"modified":"2026-03-11T14:46:25","modified_gmt":"2026-03-11T12:46:25","slug":"rrs-ha-long-lasting-3-ml-volumetrie-faciala","status":"publish","type":"product","link":"https:\/\/plasmogel.com\/en\/product\/rrs-ha-long-lasting-3-ml-volumetrie-faciala\/","title":{"rendered":"RRS HA Long Lasting, face volumetry treatment, 3ml"},"content":{"rendered":"<h2>RRS HA Long Lasting 3ml &#8211; acid hialuronic cross-linked (HA) 21 mg\/3 ml: este un tratament cu acid hialuronic injectabil care imbunatateste elasticitatea pielii realizand o hidratare optima, o imbunatatire semnificativa a aspectului pielii si remodelarea volumetrica.<\/h2>\n<p>Tampon protector: grupul de aminoacizi este conceput pentru a proteja si incetini biodegradarea continua a AH, si actioneaza ca o solutie osmolitica: osmolitii (aminoacizii) influenteaza pozitiv stresul osmotic local datorat injectarii dermice.<\/p>\n<p>Tampon fosfat<br \/>\n<strong>Cutia con\u021bine<\/strong><\/p>\n<p>1 sering\u0103 de unic\u0103 folosin\u021b\u0103 x 3 ml<\/p>\n<p><strong>Ingrediente active<\/strong><\/p>\n<p><a href=\"https:\/\/plasmogel.com\/en\/tratamente-combinate\/\">acid hialuronic reticulat<\/a><br \/>\ntampon protector, dispozitiv medical clasa III<\/p>\n<p><strong>Caracteristicile produsului<\/strong><\/p>\n<p>Rigiditate<br \/>\nMoldabilitate<br \/>\nRezisten\u021b\u0103 la hialuronidaza<br \/>\nU\u0219or de injectat<br \/>\nDurata dovedit\u0103<\/p>\n<p><strong>Indica\u021bii<\/strong><br \/>\nSe folose\u0219te pentru:<br \/>\n\u2013 <a href=\"https:\/\/grestetica.ro\/2021\/10\/12\/efectele-imbatranirii-tenului\/\" target=\"_blank\" rel=\"noopener\">piele \u00eemb\u0103tr\u00e2nit\u0103<\/a><br \/>\n\u2013 atrofie dermal\u0103<br \/>\n\u2013 uscarea pielii<br \/>\n\u2013 elastoza acnitic\u0103<br \/>\n\u2013 riduri<br \/>\n\u2013 piele decolorat\u0103<\/p>\n<p><strong>Contradic\u021bii<\/strong><\/p>\n<p>a nu se folosi daca exist\u0103:<br \/>\n\u2013 r\u0103ni de piele<br \/>\n\u2013 boli de piele<br \/>\n\u2013 alergie la orice component<br \/>\n\u2013 boal\u0103 sistemic\u0103 \u00een faz\u0103 activ\u0103<br \/>\n\u2013 sarcin\u0103 \u0219i al\u0103ptare<br \/>\n\u2013 la copii sub v\u00e2rsta de 18 ani<\/p>","protected":false},"excerpt":{"rendered":"<p>RRS HA Long Lasting<br \/>\nTratament cu acid hialuronic cu efect de usoara volumizare, biorevitalizare si hidratare. Con\u021bine 15 aminoacizi, rezultate remarcabile pe o perioad\u0103 de timp \u00eendelungat\u0103.<\/p>\n<p>Acid hialuronic cross-linked (reticulat) HA 7 mg\/ml<br \/>\nTampon protector 4,84 mg\/ml<br \/>\nSering\u0103 3 ml (0.1 Fl. Oz.)<\/p>\n<div class=\"lactoferrin_filler\" style=\"background-image:linear-gradient(to right, #edf6ed, #f6edf3); padding:18px; border-radius:18px\">Fiecare cutie este \u00eenso\u021bit\u0103 de o crem\u0103 de \u00eengrijire post-tratament cu lactoferin\u0103 pentru tratarea hematoamelor, echimozelor, edemelor &#8211; <a href=\"https:\/\/facebodylips.ro\/produs\/crema-tratarea-hematoamelor-echimozelor-edemelor-cu-lactoferina-3-ml-newlactoferrin\/\" style=\"color:rgba(158,32,102,1);text-decoration:underline\">New Lactoferrin, plic 3ml<\/a><\/div>\n<p style=\"color: #eb4034\">*Acest produs este destinat utiliz\u0103rii exclusive de c\u0103tre clinicienii esteticieni!<\/p>","protected":false},"featured_media":3737,"template":"","meta":[],"product_brand":[],"product_cat":[37,38,370,40],"product_tag":[125,216,220,218,217,219,199,222,108,221,85,290,293,292,291,295,299,84,296,294,300,305,288,289,304,301,297,303,298,86,302],"class_list":{"0":"post-2374","1":"product","2":"type-product","3":"status-publish","4":"has-post-thumbnail","6":"product_cat-aesthetic-dermal","7":"product_cat-mezoterapie","8":"product_cat-tratamente-combinate","9":"product_cat-tratamente-faciale-masti-seruri-etc","10":"product_tag-acid-hialuronic","11":"product_tag-cocktail-mezoterapie","12":"product_tag-fiole-injectabile-mezoterapie","13":"product_tag-fiole-mccm","14":"product_tag-fiole-mezoterapie","15":"product_tag-fiole-mezoterapie-bcn","16":"product_tag-fiole-mezoterapie-cu-ace","17":"product_tag-fiole-mezoterapie-virtuala","18":"product_tag-fiole-pentru-mezoterapie","19":"product_tag-fiole-sterile-mezoterapie","20":"product_tag-injectabil-pentru-riduri","21":"product_tag-jalupro","22":"product_tag-jalupro-hmw","23":"product_tag-jalupro-pret","24":"product_tag-juvederm-ultra-3","25":"product_tag-juvederm-ultra-4","26":"product_tag-restylane-defyne","27":"product_tag-riduri-profunde","28":"product_tag-rrs-eyes","29":"product_tag-rrs-hyalift-75-proactive","30":"product_tag-rrs-whitening","31":"product_tag-rrs-ha-eyes","32":"product_tag-stylage","33":"product_tag-stylage-acid-hialuronic","34":"product_tag-stylage-juvederm","35":"product_tag-stylage-l","36":"product_tag-stylage-special-lips","37":"product_tag-stylage-special-lips-lidocaine","38":"product_tag-stylage-xl","39":"product_tag-tratament-cu-acid-hialuronic","40":"product_tag-volite-juvederm","42":"first","43":"instock","44":"shipping-taxable","45":"purchasable","46":"product-type-simple"},"_links":{"self":[{"href":"https:\/\/plasmogel.com\/en\/wp-json\/wp\/v2\/product\/2374","targetHints":{"allow":["GET"]}}],"collection":[{"href":"https:\/\/plasmogel.com\/en\/wp-json\/wp\/v2\/product"}],"about":[{"href":"https:\/\/plasmogel.com\/en\/wp-json\/wp\/v2\/types\/product"}],"wp:featuredmedia":[{"embeddable":true,"href":"https:\/\/plasmogel.com\/en\/wp-json\/wp\/v2\/media\/3737"}],"wp:attachment":[{"href":"https:\/\/plasmogel.com\/en\/wp-json\/wp\/v2\/media?parent=2374"}],"wp:term":[{"taxonomy":"product_brand","embeddable":true,"href":"https:\/\/plasmogel.com\/en\/wp-json\/wp\/v2\/product_brand?post=2374"},{"taxonomy":"product_cat","embeddable":true,"href":"https:\/\/plasmogel.com\/en\/wp-json\/wp\/v2\/product_cat?post=2374"},{"taxonomy":"product_tag","embeddable":true,"href":"https:\/\/plasmogel.com\/en\/wp-json\/wp\/v2\/product_tag?post=2374"}],"curies":[{"name":"wp","href":"https:\/\/api.w.org\/{rel}","templated":true}]}}