{"id":2542,"date":"2021-09-15T13:12:00","date_gmt":"2021-09-15T13:12:00","guid":{"rendered":"https:\/\/plasmogel.com\/?post_type=product&#038;p=2542"},"modified":"2026-03-02T15:10:21","modified_gmt":"2026-03-02T13:10:21","slug":"ace-mezoterapie-31g-albastru-100-meso-relle","status":"publish","type":"product","link":"https:\/\/plasmogel.com\/en\/product\/ace-mezoterapie-31g-albastru-100-meso-relle\/","title":{"rendered":"Mesotherapy needles 31G blue, 4\/6\/12\/25mm, 100pcs, Meso-Relle"},"content":{"rendered":"<h2>Ace mezoterapie 31G Albastru, 4\/6\/12\/25mm, 100 buc\u0103\u021bi, Meso-Relle<\/h2>\n<p>Ace mezoterapie 31G Albastru, de unic\u0103 folosin\u021b\u0103, intradermice, specifice pentru mezoterapie, sterilizate cu oxid de etilen\u0103, realizate prin ascu\u021bire multipl\u0103 pentru o penetrare nedureroas\u0103.<\/p>\n<p>Lungime:\u00a04mm | 6mm | 12mm | 25mm<\/p>\n<p>Diametru: 31G sau 0,26mm<\/p>\n<p>Ambalaj: 100 ace\/cutie<\/p>\n<p>Mai multe op\u021biuni de ace pentru mezoterapie pute\u021bi g\u0103si<a href=\"https:\/\/plasmogel.com\/en\/consumabile\/\"> aici.<\/a><\/p>\n<p><strong>Ce este mezoterapia?<\/strong><\/p>\n<p><a href=\"https:\/\/www.vie-aesthetics.com\/treatments\/mesotherapy\/\" target=\"_blank\" rel=\"noopener\">Mezoterapia<\/a> este o metod\u0103 de \u00eembun\u0103t\u0103\u021bire a pielii dezvoltat\u0103 \u00een Fran\u021ba \u00een 1952 de un medic numit Michael Pistor. Scopul ini\u021bial a fost de a calma durerea pacien\u021bilor cu tulbur\u0103ri vasculare. Tratamentul a evoluat de-a lungul anilor, iar acum este folosit pentru tratamente legate de piele \u0219i cre\u0219terea p\u0103rului.<\/p>\n<p>\u00cen 1958, Pistor a folosit pentru prima dat\u0103 cuv\u00e2ntul mezoterapie \u00eentr-o publica\u021bie care a descris tehnica. A numit-o astfel pentru c\u0103 tratamentul se adresa stratului pielii numit mezoderm. Acum este folosit pentru mai multe terapii de \u00eengrijire a pielii \u0219i de recre\u0219tere a p\u0103rului, concepute pentru a ajuta la \u00eembun\u0103t\u0103\u021birea aspectului unei persoane.<\/p>\n<p>Principalele zone care ofer\u0103 beneficii excelente \u00een urma mezoterapiei includ:<\/p>\n<ul>\n<li>Reducerea celulitei<\/li>\n<li>Reducerea liniilor fine \u0219i a ridurilor<\/li>\n<li>Str\u00e2ngerea pielii laxe<\/li>\n<li>Reconturarea corpului<\/li>\n<li>Iluminarea pigmentului pielii<\/li>\n<li>Alopecia (c\u0103derea parului)<\/li>\n<li>\u00cendep\u0103rtarea gr\u0103similor de pe abdomen<\/li>\n<li>\u00cendep\u0103rtarea gr\u0103simii fesiere<\/li>\n<li>\u00cendep\u0103rtarea gr\u0103simii picioarelor<\/li>\n<li>\u00cendep\u0103rtarea gr\u0103simii \u0219oldurilor<\/li>\n<li>\u00cendep\u0103rtarea gr\u0103simii coapselor<\/li>\n<li>\u00cendep\u0103rtarea gr\u0103simii fe\u021bei<\/li>\n<li>\u00cendep\u0103rtarea gr\u0103simii de pe bra\u021be<\/li>\n<\/ul>","protected":false},"excerpt":{"rendered":"<p><strong>Ace mezoterapie 31G Albastru, 4\/6\/12\/25 mm, 100buc. Meso-Relle<\/strong><br \/>\nAceste ace de unic\u0103 folosin\u021b\u0103 promit un maxim de siguran\u021b\u0103 la injectare \u0219i o experien\u021b\u0103 c\u00e2t mai nedureroas\u0103 pentru pacient.<\/p>","protected":false},"featured_media":2566,"template":"","meta":[],"product_brand":[],"product_cat":[24,19,26],"product_tag":[213,196,214,200,199,203,204,195,201,197,202,198,160,205,210],"class_list":{"0":"post-2542","1":"product","2":"type-product","3":"status-publish","4":"has-post-thumbnail","6":"product_cat-ace-meso-relle","7":"product_cat-consumabile-medicale","8":"product_cat-meso-relle","9":"product_tag-ace-dermapen","10":"product_tag-aparat-mezoterapie-fara-ace","11":"product_tag-aparatura-medicala","12":"product_tag-curs-mezoterapie-cu-ace","13":"product_tag-fiole-mezoterapie-cu-ace","14":"product_tag-mezoterapia-fara-ace","15":"product_tag-mezoterapie-ace","16":"product_tag-mezoterapie-cu-ace","17":"product_tag-mezoterapie-cu-ace-pret","18":"product_tag-mezoterapie-faciala-cu-ace","19":"product_tag-mezoterapie-faciala-cu-ace-pret","20":"product_tag-mezoterapie-faciala-fara-ace","21":"product_tag-mezoterapie-fara-ace","22":"product_tag-mezoterapie-fara-ace-forum","23":"product_tag-seringi","25":"first","26":"instock","27":"purchasable","28":"product-type-variable"},"_links":{"self":[{"href":"https:\/\/plasmogel.com\/en\/wp-json\/wp\/v2\/product\/2542","targetHints":{"allow":["GET"]}}],"collection":[{"href":"https:\/\/plasmogel.com\/en\/wp-json\/wp\/v2\/product"}],"about":[{"href":"https:\/\/plasmogel.com\/en\/wp-json\/wp\/v2\/types\/product"}],"wp:featuredmedia":[{"embeddable":true,"href":"https:\/\/plasmogel.com\/en\/wp-json\/wp\/v2\/media\/2566"}],"wp:attachment":[{"href":"https:\/\/plasmogel.com\/en\/wp-json\/wp\/v2\/media?parent=2542"}],"wp:term":[{"taxonomy":"product_brand","embeddable":true,"href":"https:\/\/plasmogel.com\/en\/wp-json\/wp\/v2\/product_brand?post=2542"},{"taxonomy":"product_cat","embeddable":true,"href":"https:\/\/plasmogel.com\/en\/wp-json\/wp\/v2\/product_cat?post=2542"},{"taxonomy":"product_tag","embeddable":true,"href":"https:\/\/plasmogel.com\/en\/wp-json\/wp\/v2\/product_tag?post=2542"}],"curies":[{"name":"wp","href":"https:\/\/api.w.org\/{rel}","templated":true}]}}