{"id":2543,"date":"2021-09-15T13:12:00","date_gmt":"2021-09-15T13:12:00","guid":{"rendered":"https:\/\/plasmogel.com\/?post_type=product&#038;p=2543"},"modified":"2026-03-02T15:10:28","modified_gmt":"2026-03-02T13:10:28","slug":"ace-mezoterapie-30g-galben-100buc-meso-relle","status":"publish","type":"product","link":"https:\/\/plasmogel.com\/en\/product\/ace-mezoterapie-30g-galben-100buc-meso-relle\/","title":{"rendered":"Mesotherapy needles 30G yellow, 4\/6\/12\/25\/40mm, 100pcs, Meso-Relle"},"content":{"rendered":"<h2>Mesotherapy needles 30G yellow, 4\/6\/12\/25\/40mm, 100pcs, Meso-Relle<\/h2>\n<p>Ace mezoterapie 30G Galben, de unic\u0103 folosin\u021b\u0103, intradermice, specifice pentru mezoterapie, sterilizate cu oxid de etilen\u0103, realizate prin ascu\u021bire multipl\u0103 pentru o penetrare nedureroas\u0103.<\/p>\n<p>Lungime:\u00a04mm | 6mm | 12mm | 25mm | 40mm<\/p>\n<p>Diametru:\u00a030G sau 0,30mm<\/p>\n<p>Ambalaj: 100 ace\/cutie<\/p>\n<p>Alte ace pentru injectarea \u00een timpul tratamentului de mezoterapie pute\u021bi g\u0103si<a href=\"https:\/\/plasmogel.com\/en\/consumabile\/\"> aici.<\/a><\/p>\n<p><strong>Ce este mezoterapia?<\/strong><\/p>\n<p>Cuv\u00e2ntul \u201emezo\u201d indic\u0103 \u201emijloc\u201d. \u00cen procedurile de<a href=\"https:\/\/www.healthandaesthetics.co.uk\/what-are-the-benefits-of-mesotherapy\/\" target=\"_blank\" rel=\"noopener\"> mezoterapie<\/a>, ace sub\u021biri sunt folosite pentru a administra injec\u021bii \u00een stratul mijlociu al pielii. Un medic injecteaz\u0103 hormoni, vitamine \u0219i enzime \u00een piele folosind ace foarte sub\u021biri pentru a o str\u00e2nge \u0219i a o revitaliza. Scopul acestui tratament este de a aborda cauzele fundamentale ale deterior\u0103rii pielii, cum ar fi inflama\u021bia \u0219i circula\u021bia deficitar\u0103.<\/p>\n<p><strong>Beneficii mezoterapie<\/strong><\/p>\n<p>\u00cembun\u0103t\u0103\u021be\u0219te aspectul pielii \u2013 Mezoterapia este o op\u021biune pentru persoanele care doresc un plus de str\u0103lucire, \u00een special \u00een zona fe\u021bei \u0219i a g\u00e2tului. Procedura ajut\u0103 la eliminarea petelor de v\u00e2rst\u0103, \u0219i decolorarea pielii. Acest tratament niveleaz\u0103 nuan\u021ba pielii \u0219i stimuleaz\u0103 elastina \u0219i colagenul pentru a reda suple\u021bea fe\u021bei.<\/p>\n<p>Ofer\u0103 vitamine \u0219i al\u021bi nutrien\u021bi &#8211; Vitaminele, s\u0103rurile \u0219i alte combina\u021bii hr\u0103nitoare sunt administrate , f\u0103c\u00e2nd pielea s\u0103 se simt\u0103 proasp\u0103t\u0103 \u0219i revigorat\u0103.<\/p>\n<p>Se adreseaz\u0103 diverselor nevoi ale pielii \u2013 Primi\u021bi nutrien\u021bi personaliza\u021bi pentru pielea dumneavoastr\u0103, fie c\u0103 sunte\u021bi \u00een c\u0103utarea unui remediu anti-\u00eemb\u0103tr\u00e2nire sau dori\u021bi s\u0103 spori\u021bi luminozitatea pielii pe fa\u021b\u0103 \u0219i pe g\u00e2t.<\/p>\n<p>Men\u021bine pielea hidratat\u0103 \u2013 Mezoterapia ajut\u0103, de asemenea, la cre\u0219terea con\u021binutului de umiditate al pielii, f\u0103c\u00e2nd-o s\u0103 arate plin\u0103, str\u00e2ns\u0103 \u0219i s\u0103n\u0103toas\u0103.<\/p>\n<p>\u00cenlocuie\u0219te opera\u021biile costisitoare \u2013 Nu trebuie s\u0103 suferi\u021bi o interven\u021bie chirurgical\u0103 pentru a v\u0103 \u00eembun\u0103t\u0103\u021bi aspectul. Ob\u021bine\u021bi o piele cu aspect natural \u0219i s\u0103n\u0103tos dup\u0103 ce serurile \u00eembog\u0103\u021bite sunt administrate pe piele prin ace.<\/p>","protected":false},"excerpt":{"rendered":"<p><strong>Ace mezoterapie 30G Galben, 4\/6\/12\/25\/40 mm, 100buc. Meso-Relle<\/strong><\/p>\n<p>Ace folosite in practica medicala pentru procedura de mezoterapie la nivelul fetei sau corpului.<\/p>","protected":false},"featured_media":2572,"template":"","meta":[],"product_brand":[],"product_cat":[24,19,26],"product_tag":[209,200,215,208,211,152,199,203,204,201,202,207,210],"class_list":{"0":"post-2543","1":"product","2":"type-product","3":"status-publish","4":"has-post-thumbnail","6":"product_cat-ace-meso-relle","7":"product_cat-consumabile-medicale","8":"product_cat-meso-relle","9":"product_tag-consumabile-medicale","10":"product_tag-curs-mezoterapie-cu-ace","11":"product_tag-dermatologie","12":"product_tag-dispozitive-medicale","13":"product_tag-echipament-medical","14":"product_tag-estetica","15":"product_tag-fiole-mezoterapie-cu-ace","16":"product_tag-mezoterapia-fara-ace","17":"product_tag-mezoterapie-ace","18":"product_tag-mezoterapie-cu-ace-pret","19":"product_tag-mezoterapie-faciala-cu-ace-pret","20":"product_tag-mezoterapie-fara-ace-forum-ace-medicale","21":"product_tag-seringi","23":"first","24":"instock","25":"purchasable","26":"product-type-variable"},"_links":{"self":[{"href":"https:\/\/plasmogel.com\/en\/wp-json\/wp\/v2\/product\/2543","targetHints":{"allow":["GET"]}}],"collection":[{"href":"https:\/\/plasmogel.com\/en\/wp-json\/wp\/v2\/product"}],"about":[{"href":"https:\/\/plasmogel.com\/en\/wp-json\/wp\/v2\/types\/product"}],"wp:featuredmedia":[{"embeddable":true,"href":"https:\/\/plasmogel.com\/en\/wp-json\/wp\/v2\/media\/2572"}],"wp:attachment":[{"href":"https:\/\/plasmogel.com\/en\/wp-json\/wp\/v2\/media?parent=2543"}],"wp:term":[{"taxonomy":"product_brand","embeddable":true,"href":"https:\/\/plasmogel.com\/en\/wp-json\/wp\/v2\/product_brand?post=2543"},{"taxonomy":"product_cat","embeddable":true,"href":"https:\/\/plasmogel.com\/en\/wp-json\/wp\/v2\/product_cat?post=2543"},{"taxonomy":"product_tag","embeddable":true,"href":"https:\/\/plasmogel.com\/en\/wp-json\/wp\/v2\/product_tag?post=2543"}],"curies":[{"name":"wp","href":"https:\/\/api.w.org\/{rel}","templated":true}]}}