{"id":2544,"date":"2021-09-15T13:12:01","date_gmt":"2021-09-15T13:12:01","guid":{"rendered":"https:\/\/plasmogel.com\/?post_type=product&#038;p=2544"},"modified":"2026-03-02T15:10:33","modified_gmt":"2026-03-02T13:10:33","slug":"ace-mezoterapie-32g-roz-4-6-12mm-meso-relle","status":"publish","type":"product","link":"https:\/\/plasmogel.com\/en\/product\/ace-mezoterapie-32g-roz-4-6-12mm-meso-relle\/","title":{"rendered":"Mesotherapy needles 32G pink, 4\/6\/12mm, 100pcs, Meso-Relle"},"content":{"rendered":"<h2>Mesotherapy needles 32G pink, 4\/6\/12mm, 100pcs, Meso-Relle<\/h2>\n<p>Ace mezoterapie 32G Roz, de unic\u0103 folosin\u021b\u0103, intradermice, specifice pentru mezoterapie, sterilizate cu oxid de etilen\u0103, realizate prin ascu\u021bire multipl\u0103 pentru o penetrare nedureroas\u0103.<\/p>\n<p>Lungime: 4mm | 6mm | 12mm<\/p>\n<p>Diametru: 32G sau 0,23mm<\/p>\n<p>Ambalaj: 100 ace\/cutie<\/p>\n<p><strong>Ce trebuie s\u0103 \u0219tii despre mezoterapie?<\/strong><\/p>\n<p><a href=\"https:\/\/ijdvl.com\/position-paper-on-mesotherapy\/\" target=\"_blank\" rel=\"noopener\">Mezoterapia<\/a> combin\u0103 un cocktail la de vitamine puternice, care sunt injectate \u00een straturile profunde ale pielii cu un dispozitiv numit pistol de mezoterapie cu un singur ac, care activeaz\u0103 produc\u021bia de colagen \u0219i elastin\u0103.<\/p>\n<p>Mezoterapia este folosit\u0103 pentru a oferi un aspect pe placul pacientului la nivelul corpului, p\u0103rului \u0219i celulitei. Astfel:<\/p>\n<ul>\n<li>Ofer\u0103 o piele \u0219i un p\u0103r cu aspect s\u0103n\u0103tos<\/li>\n<li>Hidrateaz\u0103, \u00eentinere\u0219te \u0219i \u00eent\u0103re\u0219te pielea<\/li>\n<li>Regenereaz\u0103 \u0219i restructureaz\u0103 pielea<\/li>\n<li>Protejeaz\u0103 pielea<\/li>\n<li>Ofer\u0103 str\u0103lucire \u0219i hidratare pielii<\/li>\n<li>Reface pielea<\/li>\n<li>Elimin\u0103 acneea \u0219i cicatricile<\/li>\n<li>Ofer\u0103 str\u0103lucire instantanee<\/li>\n<\/ul>\n<p>Alte ace folosite \u00een mezoterapie, \u00een func\u021bie de zona injectat\u0103 \u0219i tehnica folosit\u0103, pot fi consultate <a href=\"https:\/\/plasmogel.com\/en\/consumabile\/\">aici<\/a>.<\/p>","protected":false},"excerpt":{"rendered":"<p><strong>Ace mezoterapie 32G Roz, 4\/6\/12\/25 mm, 100buc. Meso-Relle<\/strong><\/p>","protected":false},"featured_media":2575,"template":"","meta":[],"product_brand":[],"product_cat":[24,19,26],"product_tag":[209,200,212,208,211,108,203,204,201,202,207,210],"class_list":{"0":"post-2544","1":"product","2":"type-product","3":"status-publish","4":"has-post-thumbnail","6":"product_cat-ace-meso-relle","7":"product_cat-consumabile-medicale","8":"product_cat-meso-relle","9":"product_tag-consumabile-medicale","10":"product_tag-curs-mezoterapie-cu-ace","11":"product_tag-dermatocosmetice","12":"product_tag-dispozitive-medicale","13":"product_tag-echipament-medical","14":"product_tag-fiole-pentru-mezoterapie","15":"product_tag-mezoterapia-fara-ace","16":"product_tag-mezoterapie-ace","17":"product_tag-mezoterapie-cu-ace-pret","18":"product_tag-mezoterapie-faciala-cu-ace-pret","19":"product_tag-mezoterapie-fara-ace-forum-ace-medicale","20":"product_tag-seringi","22":"first","23":"instock","24":"purchasable","25":"product-type-variable"},"_links":{"self":[{"href":"https:\/\/plasmogel.com\/en\/wp-json\/wp\/v2\/product\/2544","targetHints":{"allow":["GET"]}}],"collection":[{"href":"https:\/\/plasmogel.com\/en\/wp-json\/wp\/v2\/product"}],"about":[{"href":"https:\/\/plasmogel.com\/en\/wp-json\/wp\/v2\/types\/product"}],"wp:featuredmedia":[{"embeddable":true,"href":"https:\/\/plasmogel.com\/en\/wp-json\/wp\/v2\/media\/2575"}],"wp:attachment":[{"href":"https:\/\/plasmogel.com\/en\/wp-json\/wp\/v2\/media?parent=2544"}],"wp:term":[{"taxonomy":"product_brand","embeddable":true,"href":"https:\/\/plasmogel.com\/en\/wp-json\/wp\/v2\/product_brand?post=2544"},{"taxonomy":"product_cat","embeddable":true,"href":"https:\/\/plasmogel.com\/en\/wp-json\/wp\/v2\/product_cat?post=2544"},{"taxonomy":"product_tag","embeddable":true,"href":"https:\/\/plasmogel.com\/en\/wp-json\/wp\/v2\/product_tag?post=2544"}],"curies":[{"name":"wp","href":"https:\/\/api.w.org\/{rel}","templated":true}]}}