{"id":2545,"date":"2021-09-15T13:12:01","date_gmt":"2021-09-15T13:12:01","guid":{"rendered":"https:\/\/plasmogel.com\/?post_type=product&#038;p=2545"},"modified":"2026-03-02T15:10:40","modified_gmt":"2026-03-02T13:10:40","slug":"ace-mezoterapie-27g-gri-100buc-meso-relle","status":"publish","type":"product","link":"https:\/\/plasmogel.com\/en\/product\/ace-mezoterapie-27g-gri-100buc-meso-relle\/","title":{"rendered":"Mesotherapy needles 27G gray, 4\/6\/12\/25\/40mm, 100pcs, Meso-Relle"},"content":{"rendered":"<h2>Mesotherapy needles 27G gray, 4\/6\/12\/25\/40mm, 100pcs, Meso-Relle<\/h2>\n<p>Ace mezoterapie 27G Gri, de unic\u0103 folosin\u021b\u0103, intradermice, specifice pentru <a href=\"https:\/\/dermnetnz.org\/topics\/mesotherapy\" target=\"_blank\" rel=\"noopener\"><strong>mezoterapie<\/strong><\/a>, sterilizate cu oxid de etilen\u0103, realizate prin ascu\u021bire multipl\u0103 pentru o penetrare nedureroas\u0103.<\/p>\n<p>Acele ambalate in vid, de unic\u0103 folosin\u021b\u0103 elimin\u0103 posibilitatea dezvolt\u0103rii coloniilor de bacterii pe ace \u0219i asigur\u0103 o siguran\u021b\u0103 sporit\u0103 la transport \u0219i utilizare.<\/p>\n<p>Lungime: 4mm | 6mm | 12mm | 25mm | 40mm<\/p>\n<p>Diametru: 27G sau 0,40mm<\/p>\n<p>Ambalaj: 100 ace\/cutie<\/p>\n<p>Alte ace speciale pentru mezoterapie pot fi g\u0103site <a href=\"https:\/\/plasmogel.com\/en\/consumabile\/\">aici.<\/a><\/p>","protected":false},"excerpt":{"rendered":"<p><strong>Ace mezoterapie 27G Gri, 4\/6\/12\/25\/40 mm, 100buc. Meso-Relle<\/strong><br \/>\nForma acelor minimizeaz\u0103 durerea asociat\u0103 cu injectarea.<\/p>","protected":false},"featured_media":2578,"template":"","meta":[],"product_brand":[],"product_cat":[24,19,26],"product_tag":[196,200,199,203,204,195,201,197,202,198,160,205],"class_list":{"0":"post-2545","1":"product","2":"type-product","3":"status-publish","4":"has-post-thumbnail","6":"product_cat-ace-meso-relle","7":"product_cat-consumabile-medicale","8":"product_cat-meso-relle","9":"product_tag-aparat-mezoterapie-fara-ace","10":"product_tag-curs-mezoterapie-cu-ace","11":"product_tag-fiole-mezoterapie-cu-ace","12":"product_tag-mezoterapia-fara-ace","13":"product_tag-mezoterapie-ace","14":"product_tag-mezoterapie-cu-ace","15":"product_tag-mezoterapie-cu-ace-pret","16":"product_tag-mezoterapie-faciala-cu-ace","17":"product_tag-mezoterapie-faciala-cu-ace-pret","18":"product_tag-mezoterapie-faciala-fara-ace","19":"product_tag-mezoterapie-fara-ace","20":"product_tag-mezoterapie-fara-ace-forum","22":"first","23":"instock","24":"purchasable","25":"product-type-variable"},"_links":{"self":[{"href":"https:\/\/plasmogel.com\/en\/wp-json\/wp\/v2\/product\/2545","targetHints":{"allow":["GET"]}}],"collection":[{"href":"https:\/\/plasmogel.com\/en\/wp-json\/wp\/v2\/product"}],"about":[{"href":"https:\/\/plasmogel.com\/en\/wp-json\/wp\/v2\/types\/product"}],"wp:featuredmedia":[{"embeddable":true,"href":"https:\/\/plasmogel.com\/en\/wp-json\/wp\/v2\/media\/2578"}],"wp:attachment":[{"href":"https:\/\/plasmogel.com\/en\/wp-json\/wp\/v2\/media?parent=2545"}],"wp:term":[{"taxonomy":"product_brand","embeddable":true,"href":"https:\/\/plasmogel.com\/en\/wp-json\/wp\/v2\/product_brand?post=2545"},{"taxonomy":"product_cat","embeddable":true,"href":"https:\/\/plasmogel.com\/en\/wp-json\/wp\/v2\/product_cat?post=2545"},{"taxonomy":"product_tag","embeddable":true,"href":"https:\/\/plasmogel.com\/en\/wp-json\/wp\/v2\/product_tag?post=2545"}],"curies":[{"name":"wp","href":"https:\/\/api.w.org\/{rel}","templated":true}]}}