{"id":2546,"date":"2021-09-15T13:12:01","date_gmt":"2021-09-15T13:12:01","guid":{"rendered":"https:\/\/plasmogel.com\/?post_type=product&#038;p=2546"},"modified":"2026-03-02T15:10:43","modified_gmt":"2026-03-02T13:10:43","slug":"ace-mezoterapie-33g-verde-100buc-meso-relle","status":"publish","type":"product","link":"https:\/\/plasmogel.com\/en\/product\/ace-mezoterapie-33g-verde-100buc-meso-relle\/","title":{"rendered":"Mesotherapy needles 33G green, 4\/12mm, 100pcs, Meso-Relle"},"content":{"rendered":"<h2>Mesotherapy needles 33G green, 4\/12mm, 100pcs, Meso-Relle<\/h2>\n<p>Ace mezoterapie 27G Verde, de unic\u0103 folosin\u021b\u0103, intradermice, specifice pentru mezoterapie, sterilizate cu oxid de etilen\u0103, realizate prin ascu\u021bire multipl\u0103 pentru o penetrare nedureroas\u0103.<\/p>\n<p><strong>Ce este mezoterapia?<\/strong><\/p>\n<p><a href=\"https:\/\/www.medicalnewstoday.com\/articles\/95640#1\" target=\"_blank\" rel=\"noopener\">Mezoterapia<\/a> este un tratament minim-invaziv, folosit pentru reducerea gr\u0103similor, reconturarea corpului, c\u0103derea p\u0103rului \u0219i rejuvenarea pielii. A ap\u0103rut \u00een Fran\u021ba \u00een 1952 pentru a trata tulbur\u0103rile vasculare \u0219i limfatice. S-a descoperit \u00eens\u0103 c\u0103, \u00een func\u021bie de substan\u021bele injectate, mezoterapia ar putea fi util\u0103 \u0219i \u00een tratarea durerilor cronice, c\u0103derii p\u0103rului (alopecie), afec\u021biunilor osoase \u0219i articulare \u0219i psoriazisului. Mai recent, s-a descoperit c\u0103, prin injectarea anumitor substan\u021be, mezoterapia poate fi un ajutor de n\u0103dejde pentru pierderea \u00een greutate, reducerea celulitei, sculptarea corpului, \u00eendep\u0103rtarea ridurilor \u0219i \u00eentinerirea fe\u021bei.<\/p>\n<p>Un fenomen interesant este acela c\u0103, de\u0219i tehnica este utilizat\u0103 pe scar\u0103 larg\u0103 \u00een toat\u0103 Europa \u0219i America de Sud, mezoterapia este o op\u021biune de tratament relativ nou\u0103 \u00een Statele Unite \u0219i Noua Zeeland\u0103.<\/p>\n<p>Lungime: 4mm | 12mm<\/p>\n<p>Diametru: 33G sau 0,20mm<\/p>\n<p>Ambalaj: 100 ace\/cutie<\/p>\n<p>Mai multe tipuri de ace pentru mezoterapie pot fi g\u0103site <a href=\"https:\/\/plasmogel.com\/en\/consumabile\/\">aici<\/a>.<\/p>","protected":false},"excerpt":{"rendered":"<p><strong>Ace mezoterapie 33G Albastru, 4\/12 mm, 100buc. Meso-Relle<\/strong><\/p>\n<p>&nbsp;<\/p>","protected":false},"featured_media":2581,"template":"","meta":[],"product_brand":[],"product_cat":[24,19,26],"product_tag":[206,200,199,203,204,201,202,205],"class_list":{"0":"post-2546","1":"product","2":"type-product","3":"status-publish","4":"has-post-thumbnail","6":"product_cat-ace-meso-relle","7":"product_cat-consumabile-medicale","8":"product_cat-meso-relle","9":"product_tag-ace-mezoterapie","10":"product_tag-curs-mezoterapie-cu-ace","11":"product_tag-fiole-mezoterapie-cu-ace","12":"product_tag-mezoterapia-fara-ace","13":"product_tag-mezoterapie-ace","14":"product_tag-mezoterapie-cu-ace-pret","15":"product_tag-mezoterapie-faciala-cu-ace-pret","16":"product_tag-mezoterapie-fara-ace-forum","18":"first","19":"instock","20":"purchasable","21":"product-type-variable"},"_links":{"self":[{"href":"https:\/\/plasmogel.com\/en\/wp-json\/wp\/v2\/product\/2546","targetHints":{"allow":["GET"]}}],"collection":[{"href":"https:\/\/plasmogel.com\/en\/wp-json\/wp\/v2\/product"}],"about":[{"href":"https:\/\/plasmogel.com\/en\/wp-json\/wp\/v2\/types\/product"}],"wp:featuredmedia":[{"embeddable":true,"href":"https:\/\/plasmogel.com\/en\/wp-json\/wp\/v2\/media\/2581"}],"wp:attachment":[{"href":"https:\/\/plasmogel.com\/en\/wp-json\/wp\/v2\/media?parent=2546"}],"wp:term":[{"taxonomy":"product_brand","embeddable":true,"href":"https:\/\/plasmogel.com\/en\/wp-json\/wp\/v2\/product_brand?post=2546"},{"taxonomy":"product_cat","embeddable":true,"href":"https:\/\/plasmogel.com\/en\/wp-json\/wp\/v2\/product_cat?post=2546"},{"taxonomy":"product_tag","embeddable":true,"href":"https:\/\/plasmogel.com\/en\/wp-json\/wp\/v2\/product_tag?post=2546"}],"curies":[{"name":"wp","href":"https:\/\/api.w.org\/{rel}","templated":true}]}}