{"id":2587,"date":"2021-05-01T08:09:29","date_gmt":"2021-05-01T08:09:29","guid":{"rendered":"https:\/\/plasmogel.com\/?post_type=product&#038;p=2587"},"modified":"2025-08-05T12:58:57","modified_gmt":"2025-08-05T10:58:57","slug":"crema-regeneranta-plasmogel","status":"publish","type":"product","link":"https:\/\/plasmogel.com\/en\/product\/crema-regeneranta-plasmogel\/","title":{"rendered":"Regenerative cream for PRP treatment augmentation, 50ml, Plasmogel"},"content":{"rendered":"<h2>Crem\u0103 regenerant\u0103 Plasmogel pentru extinderea terapiei vampir, dincolo de u\u0219ile clinicii medicale.<\/h2>\n<h4>Regenerative cream for PRP treatment augmentation, 50ml, Plasmogel<\/h4>\n<p>Ac\u021biunea \u0219i re\u021beta serului sunt incredibil de simple \u0219i \u00een acela\u0219i timp extrem de complexe: plasma dintr-o eprubet\u0103 PRP este amestecat\u0103 cu serul. Factorii de cre\u0219tere sunt activa\u021bi de receptorii din celulele pielii \u0219i promoveaz\u0103 regenerarea pielii.<br \/>\nCrema rezultat\u0103 din urma amestecului se recomand\u0103 mai ales pentru:<br \/>\n\u2022 uniformizarea culorii pielii<br \/>\n\u2022 o mai bun\u0103 hidratare a pielii, \u00eembun\u0103t\u0103\u021bind elasticitatea \u0219i rezisten\u021ba \u021besuturilor<br \/>\n\u2022 estomparea ridurilor<br \/>\n\u2022 reducerea petelor pigmentare<br \/>\nSe recomand\u0103 amestecarea cremei \u00eenainte de utilizare cu 1-2 ml de <a href=\"https:\/\/plasmogel.com\/en\/prp\/\">PRP<\/a> deja preparat. Odat\u0103 omogenizat\u0103 este gata de utilizare. Se aplic\u0103 de c\u0103tre pacient de dou\u0103 ori pe zi timp de o s\u0103pt\u0103m\u00e2n\u0103. Crema trebuie depozitat\u0103 \u00een frigider timp de maximum 7-8 zile; dup\u0103 acest termen, nu mai este recomandat\u0103 utilizarea acesteia.<\/p>","protected":false},"excerpt":{"rendered":"<p>Ser multifunc\u021bional pe baz\u0103 de gluconat de calciu, peptide \u0219i nano-peptide, conceput ca suport \u0219i extensie a tratamentului injectabil PRP ce permite o hidratare puternic\u0103, accelerarea vindec\u0103rii tenului \u0219i prelungirea rezultatelor tratamentului.<\/p>","protected":false},"featured_media":3410,"template":"","meta":[],"product_brand":[],"product_cat":[66],"product_tag":[],"class_list":{"0":"post-2587","1":"product","2":"type-product","3":"status-publish","4":"has-post-thumbnail","6":"product_cat-prp","8":"first","9":"instock","10":"shipping-taxable","11":"purchasable","12":"product-type-simple"},"_links":{"self":[{"href":"https:\/\/plasmogel.com\/en\/wp-json\/wp\/v2\/product\/2587","targetHints":{"allow":["GET"]}}],"collection":[{"href":"https:\/\/plasmogel.com\/en\/wp-json\/wp\/v2\/product"}],"about":[{"href":"https:\/\/plasmogel.com\/en\/wp-json\/wp\/v2\/types\/product"}],"wp:featuredmedia":[{"embeddable":true,"href":"https:\/\/plasmogel.com\/en\/wp-json\/wp\/v2\/media\/3410"}],"wp:attachment":[{"href":"https:\/\/plasmogel.com\/en\/wp-json\/wp\/v2\/media?parent=2587"}],"wp:term":[{"taxonomy":"product_brand","embeddable":true,"href":"https:\/\/plasmogel.com\/en\/wp-json\/wp\/v2\/product_brand?post=2587"},{"taxonomy":"product_cat","embeddable":true,"href":"https:\/\/plasmogel.com\/en\/wp-json\/wp\/v2\/product_cat?post=2587"},{"taxonomy":"product_tag","embeddable":true,"href":"https:\/\/plasmogel.com\/en\/wp-json\/wp\/v2\/product_tag?post=2587"}],"curies":[{"name":"wp","href":"https:\/\/api.w.org\/{rel}","templated":true}]}}