{"id":2921,"date":"2022-10-12T13:12:10","date_gmt":"2022-10-12T13:12:10","guid":{"rendered":"https:\/\/plasmogel.com\/?post_type=product&#038;p=2921"},"modified":"2025-12-22T17:05:18","modified_gmt":"2025-12-22T15:05:18","slug":"filler-cu-acid-hialuronic-ejal40","status":"publish","type":"product","link":"https:\/\/plasmogel.com\/en\/product\/filler-cu-acid-hialuronic-ejal40\/","title":{"rendered":"Ejal40, bio-stimulating hyaluronic acid filler, 2ml\/syringe"},"content":{"rendered":"<div class=\"et_pb_text et_pb_module et_pb_bg_layout_light et_pb_text_align_left et_animated et_pb_text_0 slide\">\n<div class=\"et_pb_text_inner\">\n<h2>Ejal40, bio-stimulating hyaluronic acid filler, 2ml\/syringe<\/h2>\n<p>Nu este u\u0219or s\u0103 alegi dintre numeroasele produse pentru biorevitalizare de pe pia\u021b\u0103 pe cel mai potrivit, simplu de utilizat \u0219i cu cele mai rapide \u0219i prelungite rezultate.<\/p>\n<p>Din acest motiv, datorit\u0103 experien\u021bei noastre \u0219i cu ajutorul marilor\u00a0<strong>centre de cercetare italiene<\/strong> , am ales dintre numeroasele combina\u021bii posibile de concentra\u021bii moleculare \u0219i greut\u0103\u021bi moleculare ale acidului hialuronic, urm\u0103toarele:<\/p>\n<p><strong>40mg \/ 2ml \u0219i 1200 \u2013 1800kDalton<img fetchpriority=\"high\" decoding=\"async\" class=\"wp-image-1005 size-medium alignleft\" src=\"https:\/\/www.medixasrl.com\/wp-content\/uploads\/2020\/11\/WhatsApp-Image-2020-11-17-at-12.27.40-300x280.jpeg\" alt=\"\" width=\"297\" height=\"277\" \/><\/strong><\/p>\n<p>Aceast\u0103 formul\u0103 stimuleaz\u0103 \u00een cel mai bun mod posibil receptorii acidului hialuronic prezen\u021bi \u00een piele.<\/p>\n<\/div>\n<\/div>\n<div class=\"et_pb_text et_pb_module et_pb_bg_layout_light et_pb_text_align_left et_animated et_pb_text_1 slide\">\n<div class=\"et_pb_text_inner\">\n<h3><strong>Patru motive bune<\/strong> pentru a alege fillerul cu acid hialuronic <strong>Ejal 40<\/strong><\/h3>\n<p>Este cea mai recent\u0103 genera\u021bie de\u00a0<strong>acid hialuronic<\/strong>\u00a0cu greutate molecular\u0103 medie produs\u0103 pentru a reconstrui structura de baz\u0103 a matricei extracelulare (ECM), astfel \u00eenc\u00e2t celulele implicate \u00een faza de regenerare a noilor fibre s\u0103 poat\u0103 restabili rela\u021biile func\u021bionale naturale.<img decoding=\"async\" class=\"wp-image-462 size-medium alignright\" src=\"https:\/\/www.medixasrl.com\/wp-content\/uploads\/2020\/11\/WhatsApp-Image-2020-11-02-at-18.29.14-1-300x270.jpeg\" alt=\"\" width=\"300\" height=\"270\" \/><\/p>\n<p>Este capabil s\u0103 restructureze \u0219i s\u0103 \u00eent\u0103reasc\u0103 matricea extracelular\u0103, revitaliz\u00e2nd pielea deja deshidratat\u0103 \u0219i deteriorat\u0103 de \u00eemb\u0103tr\u00e2nire \u0219i de expunerea la soare.<br \/>\nCre\u0219te capacitatea de biosintez\u0103 a fibroblastelor prin inducerea unui mediu fiziologic optim, sporind activit\u0103\u021bile celulare, hidratarea \u0219i sinteza colagenului, elastinei \u0219i acidului hialuronic.<\/p>\n<\/div>\n<\/div>\n<div class=\"et_pb_text et_pb_module et_pb_bg_layout_light et_pb_text_align_left et_animated et_pb_text_2 slide\">\n<div class=\"et_pb_text_inner\">\n<h3><strong>Ejal 40<\/strong>\u00a0este indicat<\/h3>\n<p><img decoding=\"async\" class=\"wp-image-463 size-medium alignleft\" src=\"https:\/\/www.medixasrl.com\/wp-content\/uploads\/2020\/11\/WhatsApp-Image-2020-11-02-at-18.29.43-300x221.jpeg\" alt=\"\" width=\"300\" height=\"221\" \/><\/p>\n<p><strong><br \/>\n&#8211; \u00cen procesul de reparare a \u021besutului dermic.<br \/>\n&#8211; \u00cen procesul de \u00eemb\u0103tr\u00e2nire a pielii.<br \/>\n<\/strong>&#8211;\u00a0<strong>\u00cen cazurile de cicatrizare \u00een urma traumatismelor superficiale ale pielii<\/strong>\u00a0(de exemplu, cicatrici de acnee \u0219i varicela).<\/p>\n<h3>Sc\u0103derea natural\u0103 a\u00a0<strong>acidului hialuronic<\/strong>\u00a0(HA)<\/h3>\n<p>Aspectul pielii este un indicator primar al \u00eemb\u0103tr\u00e2nirii, una dintre caracteristicile principale fiind fragmentarea matricei extracelulare (ECM) \u0219i a fibrelor de colagen.<img loading=\"lazy\" decoding=\"async\" class=\"wp-image-466 size-medium alignright\" src=\"https:\/\/www.medixasrl.com\/wp-content\/uploads\/2020\/11\/WhatsApp-Image-2020-11-02-at-18.31.15-300x200.jpeg\" alt=\"\" width=\"300\" height=\"200\" \/><\/p>\n<p>De fapt, fragmentarea colagenului este responsabil\u0103 pentru pierderea integrit\u0103\u021bii structurale \u0219i afectarea func\u021biilor fibroblastelor din piele.<\/p>\n<p>Tratamentele cu acid hialuronic care stimuleaz\u0103 produc\u021bia de colagen nou vor oferi o \u00eembun\u0103t\u0103\u021bire substan\u021bial\u0103 a aspectului \u0219i s\u0103n\u0103t\u0103\u021bii pielii \u00eemb\u0103tr\u00e2nite.<\/p>\n<p>Ejal 40 reface nivelul de acid hialuronic (HA) din piele \u0219i este perfect indicat \u00een tratamentele de \u00eentinerire \u0219i \u00eempotriva foto-\u00eemb\u0103tr\u00e2nirii, pentru tratamentul vergeturilor \u0219i \u00eenainte de utilizarea fillerelor intradermice.<\/p>\n<\/div>\n<\/div>\n<div class=\"et_pb_text et_pb_module et_pb_bg_layout_light et_pb_text_align_left et_animated et_pb_text_3 slide\">\n<div class=\"et_pb_text_inner\">\n<h3>Biorevitalizare cu doar 4 puncte de injectare<\/h3>\n<p><img loading=\"lazy\" decoding=\"async\" class=\"wp-image-497 size-medium alignleft\" src=\"https:\/\/www.medixasrl.com\/wp-content\/uploads\/2020\/11\/WhatsApp-Image-2020-11-02-at-18.31.45-1-268x300.jpeg\" alt=\"\" width=\"399\" height=\"445\" \/><\/p>\n<p>Tehnica\u00a0<strong>4 BRP<\/strong>\u00a0&#8211;\u00a0<strong>4 Bio Revitalization Points<\/strong> v\u0103 permite s\u0103 injecta\u021bi <strong>0,25 ml<\/strong> cu un ac de 30G, pe fiecare parte a fe\u021bei, \u00een doar 4 puncte, minimiz\u00e2nd riscul efectelor secundare.<\/p>\n<p>&nbsp;<\/p>\n<\/div>\n<\/div>\n<div class=\"et_pb_text et_pb_module et_pb_bg_layout_light et_pb_text_align_left et_animated et_pb_text_4 slide\">\n<div class=\"et_pb_text_inner\">\n<h3><strong>PROTOCOL<\/strong><\/h3>\n<p>&#8211;\u00a0<em><strong>3 tratamente distan\u021bate la dou\u0103 s\u0103pt\u0103m\u00e2ni\u00a0<\/strong><br \/>\n&#8211;\u00a0<strong>Se recomand\u0103 doua\/ trei cure pe an<\/strong><\/em><\/p>\n<p>&nbsp;<\/p>\n<p><strong>Ejal 40<\/strong>\u00a0este deosebit de potrivit pentru tratamentul\u00a0<strong>laxit\u0103\u021bii pielii<\/strong>,\u00a0<strong>ridurilor<\/strong>,\u00a0<strong>sc\u0103derii tonusului<\/strong>\u00a0\u0219i\u00a0<strong>elasticit\u0103\u021bii<\/strong>\u00a0\u0219i \u00eenainte de utilizarea\u00a0<strong>fillerelor intradermice.<\/strong><\/p>\n<\/div>\n<\/div>\n<h3><strong>Ingrediente<\/strong><\/h3>\n<p><strong>40 mg<\/strong> hialuronat de sodiu; clorur\u0103 de sodiu; fosfat de sodiu monobazic dihidrat; fosfat de sodiu dibazic dodecahidrat; apa ppi<\/p>\n<p>O sering\u0103 con\u021bine\u00a0<strong>2,0 ml de gel apirogen<\/strong>\u00a0,\u00a0<strong>sterilizat cu c\u0103ldur\u0103 umed\u0103<\/strong>.<\/p>\n<p><strong>Ambalare<\/strong><\/p>\n<p>Cutie con\u021bine o sering\u0103, dou\u0103 ace sterile de unic\u0103 folosin\u021b\u0103 de 30G \u00bd, un prospect \u0219i dou\u0103 etichete cu num\u0103rul lotului.<\/p>\n<p>&nbsp;<\/p>\n<p>&nbsp;<\/p>\n<div class=\"youtube-responsive-container\">\n<p><iframe title=\"Injectare cu gelul de acid hialuronic Ejal40\" width=\"800\" height=\"600\" src=\"https:\/\/www.youtube.com\/embed\/Ak6dW66p80U?feature=oembed\" frameborder=\"0\" allow=\"accelerometer; autoplay; clipboard-write; encrypted-media; gyroscope; picture-in-picture; web-share\" referrerpolicy=\"strict-origin-when-cross-origin\" allowfullscreen><\/iframe><\/p>\n<\/div>","protected":false},"excerpt":{"rendered":"<p><strong>Gel cu Acid Hialuronic, Ejal40, Medixa<\/strong><\/p>\n<ul>\n<li>cutia con\u021bine: o sering\u0103, 2ml<\/li>\n<li>concentra\u021bia acidului hialuronic: 40mg<\/li>\n<\/ul>\n<div class=\"lactoferrin_filler\" style=\"background-image:linear-gradient(to right, #edf6ed, #f6edf3); padding:18px; border-radius:18px\">Fiecare cutie este \u00eenso\u021bit\u0103 de o crem\u0103 de \u00eengrijire post-tratament cu lactoferin\u0103 pentru tratarea hematoamelor, echimozelor, edemelor &#8211; <a href=\"https:\/\/facebodylips.ro\/produs\/crema-tratarea-hematoamelor-echimozelor-edemelor-cu-lactoferina-3-ml-newlactoferrin\/\" style=\"color:rgba(158,32,102,1);text-decoration:underline\">New Lactoferrin, plic 3ml<\/a><\/div>\n<p style=\"color: #eb4034\">*Acest produs este destinat utiliz\u0103rii exclusive de c\u0103tre clinicienii esteticieni!<\/p>","protected":false},"featured_media":3687,"template":"","meta":[],"product_brand":[],"product_cat":[365,370],"product_tag":[363,362,360,361],"class_list":{"0":"post-2921","1":"product","2":"type-product","3":"status-publish","4":"has-post-thumbnail","6":"product_cat-medixa","7":"product_cat-tratamente-combinate","8":"product_tag-acid-hialuronic-40mg","9":"product_tag-acid-hialuronic-ejal40","10":"product_tag-filler-cu-acid-hialuronic-pret","11":"product_tag-gel-cu-acid-hialuronic","13":"first","14":"instock","15":"shipping-taxable","16":"purchasable","17":"product-type-simple"},"_links":{"self":[{"href":"https:\/\/plasmogel.com\/en\/wp-json\/wp\/v2\/product\/2921","targetHints":{"allow":["GET"]}}],"collection":[{"href":"https:\/\/plasmogel.com\/en\/wp-json\/wp\/v2\/product"}],"about":[{"href":"https:\/\/plasmogel.com\/en\/wp-json\/wp\/v2\/types\/product"}],"wp:featuredmedia":[{"embeddable":true,"href":"https:\/\/plasmogel.com\/en\/wp-json\/wp\/v2\/media\/3687"}],"wp:attachment":[{"href":"https:\/\/plasmogel.com\/en\/wp-json\/wp\/v2\/media?parent=2921"}],"wp:term":[{"taxonomy":"product_brand","embeddable":true,"href":"https:\/\/plasmogel.com\/en\/wp-json\/wp\/v2\/product_brand?post=2921"},{"taxonomy":"product_cat","embeddable":true,"href":"https:\/\/plasmogel.com\/en\/wp-json\/wp\/v2\/product_cat?post=2921"},{"taxonomy":"product_tag","embeddable":true,"href":"https:\/\/plasmogel.com\/en\/wp-json\/wp\/v2\/product_tag?post=2921"}],"curies":[{"name":"wp","href":"https:\/\/api.w.org\/{rel}","templated":true}]}}