{"id":3012,"date":"2022-11-09T14:06:33","date_gmt":"2022-11-09T14:06:33","guid":{"rendered":"https:\/\/plasmogel.com\/?post_type=product&#038;p=3012"},"modified":"2025-09-22T15:05:15","modified_gmt":"2025-09-22T13:05:15","slug":"microcanula-22g-40-50-70-90mm-xl-softfil-precision","status":"publish","type":"product","link":"https:\/\/plasmogel.com\/en\/product\/microcanula-22g-40-50-70-90mm-xl-softfil-precision\/","title":{"rendered":"Microcanula 22G 40\/50\/70\/90mm XL, SoftFil Precision"},"content":{"rendered":"<p><strong>Microcanulele 22G 40\/50\/70\/90 mm XL SoftFil Precision<\/strong> fac parte din cea mai mare gam\u0103 de micro-canule pe pia\u021b\u0103, prezent\u00e2nd urm\u0103toarele beneficii:<\/p>\n<ul>\n<li>gradatie in centimetri de-a lungul tubului din otel inoxidabil, pentru o adancime simetrica si un control mai bun asupra nivelului de injectare;<\/li>\n<li>tratament de suprafata, pentru a permite o patrundere perfecta in piele;<\/li>\n<li>calibru intern foarte mare &#8211; XL si perete foarte subtire, reducandu-se astfel presiunea necesara de injectare;<\/li>\n<li>reologie imbunatatita, pentru un debit cat mai constant al produsului: astfel, moleculele fillerului sunt mai putin supuse tensiunii fizice;<\/li>\n<li>orificiul lateral este indicat de catre semnul de la capatul de prindere, fiind astfel mai usor de reperat chiar si atunci cand canula este introdusa in piele;<\/li>\n<li>22 de dimensiuni de la 14G la 30G.<\/li>\n<\/ul>\n<p><strong>Dimensiuni disponibile<\/strong><\/p>\n<p>14g 90mm,<br \/>\n16g 70mm, 16g 90mm,<br \/>\n18g 70mm, 18g 90mm,<br \/>\n20g 70mm, 20g 90mm,<br \/>\n22g 40mm, 22g 50mm, 22G 70mm, 22G 90mm,<br \/>\n23G 30mm, 23g 50mm,<br \/>\n25g 30mm, 25g 40mm, 25g 50mm, 25g 60mm,<br \/>\n26G 13mm,<br \/>\n27G 25mm, 27G 40mm, 27G 50mm,<br \/>\n30G 25mm<\/p>\n<p><strong>Un v\u00e2rf rotund pentru o mai mare siguran\u021b\u0103<\/strong><\/p>\n<p>V\u00e2rful rotund al microcanulei SoftFil minimizeaz\u0103 riscul de embolizare \u0219i complica\u021bii vasculare. Atraumatic, previne rev\u0103rsarea superficial\u0103 de s\u00e2nge.<\/p>\n<p><strong>Un indicator de orificiu clar pentru mai mult control<\/strong><\/p>\n<p>Punctul ro\u0219u de pe baz\u0103 indic\u0103 pozi\u021bia ie\u0219irii produsului pentru a controla distribuirea produsului cu cea mai mare precizie.<\/p>\n<p><strong>O baz\u0103 Luer Lock pentru o rezisten\u021b\u0103 mai mare<\/strong><\/p>\n<p>Baza microcanulei SoftFil este special conceput\u0103 pentru o conexiune \u00eent\u0103rit\u0103 cu microcanula pentru a facilita injectarea.<\/p>\n<p><strong>Un design gradat pentru o mai mare precizie<\/strong><\/p>\n<p>Gradua\u021biile centimetrice reprezint\u0103 o modalitate unic\u0103 de a identifica cu exactitate loca\u021bia v\u00e2rfului microcanulei pentru o injec\u021bie mai sigur\u0103 \u0219i mai precis\u0103.<\/p>\n<p><strong>O combina\u021bie perfect\u0103 de rigiditate \u0219i flexibilitate pentru mai multe posibilit\u0103\u021bi<\/strong><\/p>\n<p>Microcanula SoftFil asigur\u0103 o alunecare lin\u0103 \u00een interiorul \u021besutului \u0219i o rigiditate adecvat\u0103 pentru a injecta \u00een plan profund f\u0103r\u0103 a flexa.<\/p>\n<p><strong>Tuburi siliconate din o\u021bel inoxidabil pentru un confort sporit<\/strong><\/p>\n<p>Pe tuburile microcanulelor SoftFil se efectueaz\u0103 un tratament de suprafa\u021b\u0103 pentru a asigura o ac\u021biune de alunecare adaptat\u0103 \u021besutului pielii, pentru a reduce disconfortul pacientului \u0219i pentru a \u00eembun\u0103t\u0103\u021bi manevrarea microcanulei.<\/p>\n<p>Greutate (cutie) 0,2 kg<br \/>\nDimensiuni (cutie) 15 \u00d7 12 \u00d7 6 cm<br \/>\nUnit\u0103\u021bi pe cutie 20<\/p>\n<p>&nbsp;<\/p>\n<p><iframe title=\"Microcanul\u0103 mezoterapie SoftFil Classic, SoftFil Precision\" width=\"800\" height=\"450\" src=\"https:\/\/www.youtube.com\/embed\/5Uj_qzC1emw?feature=oembed\" frameborder=\"0\" allow=\"accelerometer; autoplay; clipboard-write; encrypted-media; gyroscope; picture-in-picture\" allowfullscreen><\/iframe><\/p>","protected":false},"excerpt":{"rendered":"<p>Microcanula mezoterapie, SoftFil Precision<\/p>\n<p>* 22G 40\/50\/70\/90 mm \/ XL<br \/>\n* sistem de fixare luer-lock<br \/>\n* 20 unit\u0103\u021bi\/cutie<\/p>","protected":false},"featured_media":3066,"template":"","meta":[],"product_brand":[],"product_cat":[19,393],"product_tag":[394,425,395,396,397,426,409,400,427,421,428,429],"class_list":{"0":"post-3012","1":"product","2":"type-product","3":"status-publish","4":"has-post-thumbnail","6":"product_cat-consumabile-medicale","7":"product_cat-softfil","8":"product_tag-ac-canula","9":"product_tag-canula-negru","10":"product_tag-canule-acid-hialuronic","11":"product_tag-canule-injectare-acid-hialuronic","12":"product_tag-canule-mezoterapie","13":"product_tag-canule-mezoterapie-22g","14":"product_tag-canule-softfil-precision","15":"product_tag-micro-canule","16":"product_tag-microcanula-22g-40mm","17":"product_tag-microcanula-22g-50mm","18":"product_tag-microcanula-22g-70mm","19":"product_tag-microcanula-22g-90mm","21":"first","22":"instock","23":"purchasable","24":"product-type-variable"},"_links":{"self":[{"href":"https:\/\/plasmogel.com\/en\/wp-json\/wp\/v2\/product\/3012","targetHints":{"allow":["GET"]}}],"collection":[{"href":"https:\/\/plasmogel.com\/en\/wp-json\/wp\/v2\/product"}],"about":[{"href":"https:\/\/plasmogel.com\/en\/wp-json\/wp\/v2\/types\/product"}],"wp:featuredmedia":[{"embeddable":true,"href":"https:\/\/plasmogel.com\/en\/wp-json\/wp\/v2\/media\/3066"}],"wp:attachment":[{"href":"https:\/\/plasmogel.com\/en\/wp-json\/wp\/v2\/media?parent=3012"}],"wp:term":[{"taxonomy":"product_brand","embeddable":true,"href":"https:\/\/plasmogel.com\/en\/wp-json\/wp\/v2\/product_brand?post=3012"},{"taxonomy":"product_cat","embeddable":true,"href":"https:\/\/plasmogel.com\/en\/wp-json\/wp\/v2\/product_cat?post=3012"},{"taxonomy":"product_tag","embeddable":true,"href":"https:\/\/plasmogel.com\/en\/wp-json\/wp\/v2\/product_tag?post=3012"}],"curies":[{"name":"wp","href":"https:\/\/api.w.org\/{rel}","templated":true}]}}