{"id":3019,"date":"2022-11-09T14:06:33","date_gmt":"2022-11-09T14:06:33","guid":{"rendered":"https:\/\/plasmogel.com\/?post_type=product&#038;p=3019"},"modified":"2025-08-05T13:00:25","modified_gmt":"2025-08-05T11:00:25","slug":"canula-mezoterapie-27gx38mm-ac-25gx13mm-steriglide-tsk","status":"publish","type":"product","link":"https:\/\/plasmogel.com\/en\/product\/canula-mezoterapie-27gx38mm-ac-25gx13mm-steriglide-tsk\/","title":{"rendered":"Canula mezoterapie 27Gx38mm, ac 25Gx13mm, SteriGlide TSK"},"content":{"rendered":"<p>Canula mezoterapie 27Gx38mm cu ac 25Gx13mm, SteriGlide TSK este canula preferat\u0103 de mul\u021bi lideri de opinie din industria estetic\u0103.<\/p>\n<p>Conceptul din spatele crea\u021biei STERiGLIDE a fost \u00eembun\u0103t\u0103\u021birea canulei tradi\u021bionale, concept premiat la lansarea acesteia, \u00een 2012, care \u00eentrece \u00eenc\u0103 orice alt\u0103 canul\u0103 de pe pia\u021b\u0103 \u0219i r\u0103m\u00e2ne o canul\u0103 lider \u0219i gold standard.<\/p>\n<p>Designul s\u0103u patentat, v\u00e2rful \u00een form\u0103 de cupol\u0103 \u0219i tratamentul de suprafa\u021b\u0103 brevetat asigur\u0103 o alunecare mai bun\u0103 \u00een timpul unei inject\u0103ri. Acest lucru reduce dramatic for\u021ba de penetrare necesar\u0103 \u0219i riscul de v\u00e2n\u0103t\u0103i.<\/p>\n<p>De asemenea, ofer\u0103 o plasare mai precis\u0103 a fillerului \u0219i o pierdere redus\u0103 de produs \u00een compara\u021bie cu alte canule. Deoarece practicienii pot sim\u021bi \u0219i vedea cap\u0103tul v\u00e2rfului canulei prin marcajul clar al portului lateral, ei au un control manual mult mai mare.<\/p>\n<h3>Avantaje \u0219i caracteristici STERiGLIDE<\/h3>\n<p>Alunecare cu 50% mai bun\u0103<br \/>\nRisc redus de v\u00e2n\u0103t\u0103i<br \/>\nIntroducere mai u\u0219oar\u0103 a canulei<br \/>\nDisconfort redus al pacientului<br \/>\nDesign cu v\u00e2rf \u00een form\u0103 de cupol\u0103<\/p>\n<p>V\u00e2rful patentat \u00een form\u0103 de cupol\u0103 al STERiGLIDE creeaz\u0103 mai pu\u021bin\u0103 rezisten\u021b\u0103 dec\u00e2t un v\u00e2rf de canul\u0103 tradi\u021bional.<br \/>\nAmplasare mai precis\u0103 a umpluturii<br \/>\nPierderi reduse de produs<br \/>\nPractican\u021bii pot vedea \u0219i sim\u021bi cap\u0103tul v\u00e2rfului canulei<\/p>\n<p>Canulele STERiGLIDE sunt fabricate din o\u021bel de cea mai \u00eenalt\u0103 calitate, cu un tratament de suprafa\u021b\u0103 brevetat. Acest lucru reduce frecarea cu \u021besutul pielii \u0219i disconfortul pacientului \u0219i \u00eembun\u0103t\u0103\u021be\u0219te manipularea canulei.<\/p>\n<p>Marcaj clar pentru porturile laterale<br \/>\nManevrare mai bun\u0103<\/p>\n<p>Butucul din polimer dur al canulei STERiGLIDE are un marcaj clar pe portul lateral. Marcajul indic\u0103 pozi\u021bia deschiderii acului \u0219i ac\u021bioneaz\u0103 ca un ajutor vizual pentru o livrare mai precis\u0103 a fillerului.<\/p>\n<p>Exist\u0103 modele STERiGLIDE diferite:<\/p>\n<p>30Gx25mm (0.30x25mm)cu ace incluse de 27Gx1\/4&#8243; (0.4x7mm)<\/p>\n<p>27Gx25mm (0.40x25mm) cu ace incluse de 25Gx1\/2&#8243; (0.50x13mm)<br \/>\n27Gx38mm (0.40x38mm) cu ace incluse de 25Gx1\/2&#8243; (0.50x13mm)<br \/>\n27Gx50mm (0.40x50mm) cu ace incluse de 25Gx1\/2&#8243; (0.50x13mm)<\/p>\n<p>25Gx38mm (0.50x38mm) cu ace incluse de 23Gx3\/4&#8243; (0.60x19mm)<br \/>\n25Gx50mm (0.50x50mm) cu ace incluse de 23Gx3\/4&#8243; (0.60x19mm)<\/p>\n<p>22Gx38mm (0,70x38mm) cu ace incluse de 21Gx1&#8243; (0,80&#215;25 mm)<br \/>\n22Gx50mm (0,70x50mm) cu ace incluse de 21Gx1&#8243; (0,80&#215;25 mm)<br \/>\n22Gx70mm (0,70x70mm) cu ace incluse de 21Gx1&#8243; (0,80&#215;25 mm)<\/p>\n<p>&nbsp;<\/p>\n<div class=\"youtube-responsive-container\">\n<iframe title=\"Canula mezoterapie STERiGLIDE TSK, prezentare\" width=\"800\" height=\"450\" src=\"https:\/\/www.youtube.com\/embed\/qfGnyo1EFm4?feature=oembed\" frameborder=\"0\" allow=\"accelerometer; autoplay; clipboard-write; encrypted-media; gyroscope; picture-in-picture\" allowfullscreen><\/iframe>\n<\/div>","protected":false},"excerpt":{"rendered":"<p><strong>Canula mezoterapie 27Gx50mm, ac 25Gx13mm, SteriGlide TSK<\/strong><\/p>\n<p>Canulele Steriglide TSK sunt utilizate pentru sesiunile de mezoterapie cu acid hialuronic.<\/p>\n<p>Canulele TSK Steriglide permit, \u00een general, o injec\u021bie mai practic\u0103 \u0219i simplificat\u0103 \u00een dermul superficial datorit\u0103 v\u00e2rfului s\u0103u patentat care permite o alunecare de \u00eenalt\u0103 performan\u021b\u0103.<\/p>\n<p>Astfel, p\u0103trunderea produsului este mai moale \u0219i reduce riscul de v\u00e2n\u0103t\u0103i.<\/p>","protected":false},"featured_media":3087,"template":"","meta":[],"product_brand":[],"product_cat":[19,446],"product_tag":[447,448],"class_list":{"0":"post-3019","1":"product","2":"type-product","3":"status-publish","4":"has-post-thumbnail","6":"product_cat-consumabile-medicale","7":"product_cat-tsk","8":"product_tag-canula-de-mezoterapie","9":"product_tag-canula-mezoterapie-cu-acid-hialuronic","11":"first","12":"instock","13":"purchasable","14":"product-type-variable"},"_links":{"self":[{"href":"https:\/\/plasmogel.com\/en\/wp-json\/wp\/v2\/product\/3019","targetHints":{"allow":["GET"]}}],"collection":[{"href":"https:\/\/plasmogel.com\/en\/wp-json\/wp\/v2\/product"}],"about":[{"href":"https:\/\/plasmogel.com\/en\/wp-json\/wp\/v2\/types\/product"}],"wp:featuredmedia":[{"embeddable":true,"href":"https:\/\/plasmogel.com\/en\/wp-json\/wp\/v2\/media\/3087"}],"wp:attachment":[{"href":"https:\/\/plasmogel.com\/en\/wp-json\/wp\/v2\/media?parent=3019"}],"wp:term":[{"taxonomy":"product_brand","embeddable":true,"href":"https:\/\/plasmogel.com\/en\/wp-json\/wp\/v2\/product_brand?post=3019"},{"taxonomy":"product_cat","embeddable":true,"href":"https:\/\/plasmogel.com\/en\/wp-json\/wp\/v2\/product_cat?post=3019"},{"taxonomy":"product_tag","embeddable":true,"href":"https:\/\/plasmogel.com\/en\/wp-json\/wp\/v2\/product_tag?post=3019"}],"curies":[{"name":"wp","href":"https:\/\/api.w.org\/{rel}","templated":true}]}}