{"id":3027,"date":"2022-11-09T14:06:34","date_gmt":"2022-11-09T14:06:34","guid":{"rendered":"https:\/\/plasmogel.com\/?post_type=product&#038;p=3027"},"modified":"2023-10-12T10:08:43","modified_gmt":"2023-10-12T10:08:43","slug":"ac-injectare-botox-34gx9mm-steriject-tsk","status":"publish","type":"product","link":"https:\/\/plasmogel.com\/en\/product\/ac-injectare-botox-34gx9mm-steriject-tsk\/","title":{"rendered":"Ac injectare botox, 34Gx9mm, STERiJECT TSK"},"content":{"rendered":"<p>Ac injectare botox este cel mai sub\u021bire ac disponibil p\u00e2n\u0103 \u00een prezent pentru livrarea toxinei botulinice.<\/p>\n<p>Progresele tehnologice au f\u0103cut posibil ca acest ac s\u0103 fie cu 33% mai sub\u021bire dec\u00e2t un ac de 30G (folosit pentru seringile de insulin\u0103) \u0219i cu 14% mai sub\u021bire dec\u00e2t acul TSK 34G.<\/p>\n<p>Acest diametru extrem de mic al acului injectare botox are ca rezultat o experien\u021b\u0103 aproape nedureroas\u0103 pentru pacien\u021bi \u0219i este ideal pentru injec\u021biile cu toxina botulinic\u0103.<\/p>\n<p>Butucii sunt fabrica\u021bi folosind un polimer extrem de dur care \u00eempiedic\u0103 \u201eflexia\u201d butucului atunci c\u00e2nd este expus la presiuni ridicate, ceea ce previne \u00een cele din urm\u0103 scurgerile \u0219i ruperea acului.<\/p>\n<p>Acest nou design patentat de hub LDS care are ca rezultat preven\u021bia pierderii de p\u00e2n\u0103 la 0,08 ml de substan\u021b\u0103, ceea ce duce la economii semnificative de costuri la injectarea medicamentelor mai scumpe.<\/p>\n<p>Acul injectare botox permite o conexiune Luer Lock \u0219i mai str\u00e2ns\u0103 \u0219i previne devierea butucului atunci c\u00e2nd este expus la presiuni ridicate.<\/p>\n<p>Avantaje<\/p>\n<ul>\n<li>Echimoze minime<\/li>\n<li>Ac de toxin\u0103 foarte sub\u021bire<\/li>\n<li>Experien\u021b\u0103 aproape nedureroas\u0103<\/li>\n<li>Economisi\u021bi p\u00e2n\u0103 la 0,08 ml BoNT per ac<\/li>\n<li>Economii semnificative de costuri<\/li>\n<li>Ideal pentru toxina botulinic\u0103 \u0219i oftalmologie<\/li>\n<li>14% mai sub\u021bire dec\u00e2t un 34g<\/li>\n<li>x100 ace<\/li>\n<\/ul>\n<p>&nbsp;<\/p>\n<p><iframe title=\"Ac invizibil pentru injectarea toxinei botulinice, STERiJECT TSK\" width=\"800\" height=\"450\" src=\"https:\/\/www.youtube.com\/embed\/-VwZO3Fuayw?feature=oembed\" frameborder=\"0\" allow=\"accelerometer; autoplay; clipboard-write; encrypted-media; gyroscope; picture-in-picture; web-share\" allowfullscreen><\/iframe><\/p>","protected":false},"excerpt":{"rendered":"<p>Ac invizibil ideal pentru injectarea toxinei botulinice \u0219i oftalmologie, STERiJECT, TSK<\/p>\n<p>Dimensiuni: 34Gx9mm<br \/>\nCutie: 100 buc<\/p>\n<p>&nbsp;<\/p>\n<p>&nbsp;<\/p>","protected":false},"featured_media":3099,"template":"","meta":[],"product_brand":[],"product_cat":[19,446],"product_tag":[493,492,452,453,454,455],"class_list":{"0":"post-3027","1":"product","2":"type-product","3":"status-publish","4":"has-post-thumbnail","6":"product_cat-consumabile-medicale","7":"product_cat-tsk","8":"product_tag-ac-34-g","9":"product_tag-ac-34g","10":"product_tag-ac-injectare-botox","11":"product_tag-ac-invizibil","12":"product_tag-ac-oftalmologie","13":"product_tag-ac-steriject","15":"first","16":"instock","17":"shipping-taxable","18":"purchasable","19":"product-type-simple"},"_links":{"self":[{"href":"https:\/\/plasmogel.com\/en\/wp-json\/wp\/v2\/product\/3027","targetHints":{"allow":["GET"]}}],"collection":[{"href":"https:\/\/plasmogel.com\/en\/wp-json\/wp\/v2\/product"}],"about":[{"href":"https:\/\/plasmogel.com\/en\/wp-json\/wp\/v2\/types\/product"}],"wp:featuredmedia":[{"embeddable":true,"href":"https:\/\/plasmogel.com\/en\/wp-json\/wp\/v2\/media\/3099"}],"wp:attachment":[{"href":"https:\/\/plasmogel.com\/en\/wp-json\/wp\/v2\/media?parent=3027"}],"wp:term":[{"taxonomy":"product_brand","embeddable":true,"href":"https:\/\/plasmogel.com\/en\/wp-json\/wp\/v2\/product_brand?post=3027"},{"taxonomy":"product_cat","embeddable":true,"href":"https:\/\/plasmogel.com\/en\/wp-json\/wp\/v2\/product_cat?post=3027"},{"taxonomy":"product_tag","embeddable":true,"href":"https:\/\/plasmogel.com\/en\/wp-json\/wp\/v2\/product_tag?post=3027"}],"curies":[{"name":"wp","href":"https:\/\/api.w.org\/{rel}","templated":true}]}}