{"id":3049,"date":"2022-11-09T14:33:31","date_gmt":"2022-11-09T14:33:31","guid":{"rendered":"https:\/\/plasmogel.com\/?post_type=product&#038;p=3049"},"modified":"2025-09-22T16:00:20","modified_gmt":"2025-09-22T14:00:20","slug":"microcanula-27g-40mm-cu-ac-pre-injectare-5-6-8mm-softfil-easyguide","status":"publish","type":"product","link":"https:\/\/plasmogel.com\/en\/product\/microcanula-27g-40mm-cu-ac-pre-injectare-5-6-8mm-softfil-easyguide\/","title":{"rendered":"Microcanula 27G 40mm cu Ac pre-injectare 5\/6.8mm, SoftFil EasyGuide"},"content":{"rendered":"<p><strong>Microcanula 27G 40mm cu Ac pre-injectare 5\/6.8mm, SoftFil EasyGuide este instrumentul esen\u021bial care optimizeaz\u0103 inject\u0103rile.<\/strong> Un adev\u0103rat partener al microcanulei, acul s\u0103u pre-injectare ghideaz\u0103 canula \u0219i faciliteaz\u0103 gestul medicului.<br \/>\nInjectarea 2.0 devine fluid\u0103 \u0219i confortabil\u0103 datorit\u0103 acestui dispozitiv revolu\u021bionar.<\/p>\n<p>8 dimensiuni de la 22G la 27G.<\/p>\n<p><strong>Mai mult\u0103 precizie<\/strong><\/p>\n<p>Datorit\u0103 formei sale unice de jum\u0103tate de ac, canula este pozi\u021bionat\u0103 perfect \u0219i apoi ghidat\u0103 \u00een direc\u021bia \u0219i ad\u00e2ncimea de injectare dorite, prin alunecarea \u00een jgheabul acului. Este mai mult dec\u00e2t un ac, este \u0219i un ghid.<\/p>\n<p><strong>Proceduri estetice simplificate<\/strong><\/p>\n<p>Acest \u201eac inteligent\u201d combin\u0103, realizarea pre-g\u0103urii \u0219i introducerea canulei, \u00eentr-o singur\u0103 mi\u0219care. Acest instrument revolu\u021bionar face injectarea 2.0 confortabil\u0103 pentru medic \u0219i pacient. Iar \u00eencep\u0103torii la fel de mult ca exper\u021bii pot aprecia inject\u0103rile u\u0219oare cu SoftFil EasyGuide.<\/p>\n<p><strong>Proceduri estetice simplificate<\/strong><\/p>\n<p>Acest \u201eac inteligent\u201d combin\u0103, \u00eentr-un singur gest, realizarea pre-g\u0103urii \u0219i introducerea canulei. Acest instrument revolu\u021bionar face injectarea 2.0 mult mai confortabil\u0103 pentru medici \u0219i pacien\u021bi. \u00cencep\u0103torii la fel de mult ca exper\u021bii pot aprecia inject\u0103rile u\u0219oare cu SoftFil EasyGuide.<\/p>\n<p>Greutate (cutie) 0,2 kg<\/p>\n<p>Dimensiuni (cutie) 15 \u00d7 12 \u00d7 6 cm<br \/>\nUnit\u0103\u021bi pe cutie 20<br \/>\nm\u0103rimea<br \/>\n22G 50mm \u2013 5mm,<br \/>\n23G 70mm \u2013 5mm,<br \/>\n25G 40mm \u2013 5mm, 25G 50mm \u2013 5mm, 25G 50mm &#8211; 6.8mm, 25G 60mm \u2013 5mm,<br \/>\n27G 40mm &#8211; 5mm, 27G 40mm &#8211; 6.8mm<\/p>\n<p><em>Pentru utilizare numai de c\u0103tre profesioni\u0219tii din domeniul s\u0103n\u0103t\u0103\u021bii.<\/em><\/p>\n<p>&nbsp;<\/p>\n<p><iframe title=\"Ac \u0219i micro-canul\u0103 mezoterapie SoftFil Easy-Guide, prezentare\" width=\"800\" height=\"450\" src=\"https:\/\/www.youtube.com\/embed\/DGYf2319ubQ?feature=oembed\" frameborder=\"0\" allow=\"accelerometer; autoplay; clipboard-write; encrypted-media; gyroscope; picture-in-picture\" allowfullscreen><\/iframe><\/p>\n<p>&nbsp;<\/p>\n<p><iframe title=\"Ac SoftFil Easy-Guide, prezentare\" width=\"800\" height=\"450\" src=\"https:\/\/www.youtube.com\/embed\/hH-MABMWRCY?feature=oembed\" frameborder=\"0\" allow=\"accelerometer; autoplay; clipboard-write; encrypted-media; gyroscope; picture-in-picture\" allowfullscreen><\/iframe><\/p>\n<p>&nbsp;<\/p>","protected":false},"excerpt":{"rendered":"<p><strong>Microcanula mezoterapie cu ac pre-injectare, SoftFil EasyGuide<\/strong><\/p>\n<p>* 27G 40 mm<br \/>\n* ac pre-injectare 5\/6.8 mm<br \/>\n* sistem de fixare luer-lock<br \/>\n* 20 unit\u0103\u021bi\/cutie<\/p>","protected":false},"featured_media":3035,"template":"","meta":[],"product_brand":[],"product_cat":[19,393],"product_tag":[394,395,396,397,398,399,400,401,402],"class_list":{"0":"post-3049","1":"product","2":"type-product","3":"status-publish","4":"has-post-thumbnail","6":"product_cat-consumabile-medicale","7":"product_cat-softfil","8":"product_tag-ac-canula","9":"product_tag-canule-acid-hialuronic","10":"product_tag-canule-injectare-acid-hialuronic","11":"product_tag-canule-mezoterapie","12":"product_tag-canule-mezoterapie-27g","13":"product_tag-canule-softfil-easyguide","14":"product_tag-micro-canule","15":"product_tag-microcanula-27g-40mm","16":"product_tag-microcanula-alb","18":"first","19":"instock","20":"purchasable","21":"product-type-variable"},"_links":{"self":[{"href":"https:\/\/plasmogel.com\/en\/wp-json\/wp\/v2\/product\/3049","targetHints":{"allow":["GET"]}}],"collection":[{"href":"https:\/\/plasmogel.com\/en\/wp-json\/wp\/v2\/product"}],"about":[{"href":"https:\/\/plasmogel.com\/en\/wp-json\/wp\/v2\/types\/product"}],"wp:featuredmedia":[{"embeddable":true,"href":"https:\/\/plasmogel.com\/en\/wp-json\/wp\/v2\/media\/3035"}],"wp:attachment":[{"href":"https:\/\/plasmogel.com\/en\/wp-json\/wp\/v2\/media?parent=3049"}],"wp:term":[{"taxonomy":"product_brand","embeddable":true,"href":"https:\/\/plasmogel.com\/en\/wp-json\/wp\/v2\/product_brand?post=3049"},{"taxonomy":"product_cat","embeddable":true,"href":"https:\/\/plasmogel.com\/en\/wp-json\/wp\/v2\/product_cat?post=3049"},{"taxonomy":"product_tag","embeddable":true,"href":"https:\/\/plasmogel.com\/en\/wp-json\/wp\/v2\/product_tag?post=3049"}],"curies":[{"name":"wp","href":"https:\/\/api.w.org\/{rel}","templated":true}]}}