{"id":3242,"date":"2023-02-09T10:50:28","date_gmt":"2023-02-09T10:50:28","guid":{"rendered":"https:\/\/plasmogel.com\/?post_type=product&#038;p=3242"},"modified":"2025-08-11T11:20:24","modified_gmt":"2025-08-11T09:20:24","slug":"eprubete-prp-newlife-acs-10x15ml-plasmogel","status":"publish","type":"product","link":"https:\/\/plasmogel.com\/en\/product\/eprubete-prp-newlife-acs-10x15ml-plasmogel\/","title":{"rendered":"Eprubete PRP Newlife ACS 10x15ml, Plasmogel"},"content":{"rendered":"<p><strong>Eprubete PRP Newlife ACS<\/strong>\u00a0de ultim\u0103 genera\u021bie, cu o <strong>formul\u0103 \u00eembun\u0103t\u0103\u021bit\u0103<\/strong>, care con\u021bin o <strong>cantitate mai mare de citrat de sodiu<\/strong>, care <strong>formeaz\u0103 o plasm\u0103 mai dens\u0103<\/strong>, potrivite pentru<strong> injectarea \u00een chirurgia plastic\u0103 \u015fi de reconstruc\u0163ie, <a href=\"https:\/\/grestetica.ro\/blog\/terapia-prp-solutia-ideala-pentru-afectiunile-ochilor\/\" target=\"_blank\" rel=\"nofollow noopener\">oftalmologie<\/a>, dermatologie, ginecologie, tricologie<\/strong>.<\/p>\n<p>Gelul separator din aceste eprubete speciale are un rol imens pentru practica PRP, \u0219i anume separarea componentelor plasmatice (globule ro\u0219ii, albe, trombocite) \u0219i p\u0103strarea vitaminelor din aceasta pentru a fi reinjectate. Practic, cele mai importante substan\u021be sunt p\u0103strate, iar cele irelevante sunt depuse.<\/p>\n<p>Citratul de sodiu<\/p>\n<ul>\n<li>Previne coagularea s\u00e2ngelui<\/li>\n<li>Ajut\u0103 la p\u0103strarea concentra\u021biilor de hormoni naturali, de aminoacizi \u0219i vitamine din plasm\u0103.<\/li>\n<li>Se utilizeaz\u0103 in vivo<\/li>\n<\/ul>\n<p>Gelul biologic<\/p>\n<ul>\n<li>Absorb\u021bie calitativ\u0103<\/li>\n<li>Concentra\u021bie m\u0103rit\u0103 de trombocite<\/li>\n<li>Stratul de delimitare clar conturat<\/li>\n<li>Fixare bun\u0103 (perfect\u0103) a eritrocitelor<\/li>\n<li>Nu influen\u021beaz\u0103 componen\u021ba plasmei trombocitare autologe<\/li>\n<\/ul>\n<p>Substan\u021bele con\u021binute de eprubeta PRP Newlife ACS<\/p>\n<ul>\n<li>permit ob\u021binerea plasmei autologe necesar\u0103 pentru injectarea \u00een corpul uman<\/li>\n<li>asigur\u0103 o absorb\u021bie adecvat\u0103 a trombocitelor \u00een concentra\u021bii corespunz\u0103toare intervalului terapeutic<\/li>\n<li>formeaz\u0103 o barier\u0103 bine definit\u0103 care previne amestecarea plasmei cu ansamblul RBC (globule ro\u0219ii)<\/li>\n<li>nu afecteaz\u0103 compozi\u021bia plasmei autologe<\/li>\n<\/ul>\n<p id=\"tw-target-text\" class=\"tw-data-text tw-text-large tw-ta\" dir=\"ltr\" data-placeholder=\"Translation\"><span class=\"Y2IQFc\" lang=\"ro\"><strong>Cum func\u021bioneaz\u0103 PRP Plasmogelul?<\/strong><\/span><\/p>\n<p class=\"tw-data-text tw-text-large tw-ta\" dir=\"ltr\" data-placeholder=\"Translation\"><span class=\"Y2IQFc\" lang=\"ro\">Plin de factori de cre\u0219tere \u0219i de trombocite, PRP-ul ini\u021biaz\u0103 repararea \u0219i promoveaz\u0103 proliferarea celulelor stem mezenchimale. Procesul natural de vindecare al PRP intensific\u0103 eforturile organismului prin furnizarea unei concentra\u021bii mai mari de trombocite direct \u00een zona \u021bint\u0103.<\/span><\/p>\n<p class=\"tw-data-text tw-text-large tw-ta\" dir=\"ltr\" data-placeholder=\"Translation\"><span class=\"Y2IQFc\" lang=\"ro\">Pentru a ob\u021bine\u00a0<strong>PRP-ul<\/strong>, se preleveaz\u0103 o mic\u0103 prob\u0103 de s\u00e2nge (similar unei probe de test de laborator) \u0219i se plaseaz\u0103 \u00eentr-o centrifug\u0103 care \u00eenv\u00e2rte s\u00e2ngele la viteze mari, separ\u00e2nd plasma \u0219i trombocitele de celelalte componente ale s\u00e2ngelui. Procesul produce o solu\u021bie foarte concentrat\u0103 de trombocite \u0219i factori de cre\u0219tere benefici. PRP-ul este apoi injectat \u00een \u0219i \u00een jurul zonei v\u0103t\u0103mate, pornind \u0219i sporind semnificativ procesul de vindecare.<\/span><\/p>","protected":false},"excerpt":{"rendered":"<p style=\"text-align: left\"><strong>Eprubete PRP New Life ACS 15ml (chirurgia plastic\u0103 \u015fi de reconstruc\u0163ie, <a href=\"https:\/\/grestetica.ro\/blog\/terapia-prp-solutia-ideala-pentru-afectiunile-ochilor\/\" target=\"_blank\" rel=\"nofollow noopener\">oftalmologie<\/a>, dermatologie, ginecologie, tricologie), sunt folosite la terapia cu plasm\u0103 autolog\u0103 concentrat\u0103.<\/strong><\/p>\n<p style=\"text-align: left\">Capacitate eprubet\u0103 <strong>15 ml<\/strong><br \/>\nCutia con\u021bine <strong>10 eprubete<\/strong><br \/>\nViteza de rota\u021bie <strong>4000 RPM<\/strong><br \/>\nTimp de centrifugare <strong>7 min<\/strong><\/p>\n<p style=\"text-align: left\">Eprubetele<\/p>\n<ul>\n<li style=\"text-align: left\">con\u021bin citrat de sodiu<\/li>\n<li style=\"text-align: left\">con\u021bin gel biologic inert, care separ\u0103 trombocitele de eritrocite \u0219i leucocite<\/li>\n<li style=\"text-align: left\">sunt confec\u021bionate din sticl\u0103 medical\u0103 borosilicat\u0103 de cea mai \u00eenalt\u0103 calitate \u015fi \u00eenchise ermetic cu un dop care asigur\u0103 sterilitatea, stabilitatea con\u0163inutului interior \u0219i p\u0103strarea vidului \u00een interiorul eprubetei.<\/li>\n<\/ul>","protected":false},"featured_media":3243,"template":"","meta":[],"product_brand":[],"product_cat":[66,30],"product_tag":[274,356,350,358,357,491,359],"class_list":{"0":"post-3242","1":"product","2":"type-product","3":"status-publish","4":"has-post-thumbnail","6":"product_cat-prp","7":"product_cat-plasmogel","8":"product_tag-eprubete-prp","9":"product_tag-eprubete-prp-acs","10":"product_tag-eprubete-prp-gel","11":"product_tag-gel-prp-gel","12":"product_tag-pprubete-prp-gel","13":"product_tag-prp-15ml","14":"product_tag-prp-acs-prp-acdainlatura-termenul-prp-gel-pret-prp-gel-pretinlatura-termenul-prp-ortopedie-prp-ortopedieinlatura-termenul-prp-stomatologie-prp-stomatologie","16":"first","17":"instock","18":"shipping-taxable","19":"purchasable","20":"product-type-simple"},"_links":{"self":[{"href":"https:\/\/plasmogel.com\/en\/wp-json\/wp\/v2\/product\/3242","targetHints":{"allow":["GET"]}}],"collection":[{"href":"https:\/\/plasmogel.com\/en\/wp-json\/wp\/v2\/product"}],"about":[{"href":"https:\/\/plasmogel.com\/en\/wp-json\/wp\/v2\/types\/product"}],"wp:featuredmedia":[{"embeddable":true,"href":"https:\/\/plasmogel.com\/en\/wp-json\/wp\/v2\/media\/3243"}],"wp:attachment":[{"href":"https:\/\/plasmogel.com\/en\/wp-json\/wp\/v2\/media?parent=3242"}],"wp:term":[{"taxonomy":"product_brand","embeddable":true,"href":"https:\/\/plasmogel.com\/en\/wp-json\/wp\/v2\/product_brand?post=3242"},{"taxonomy":"product_cat","embeddable":true,"href":"https:\/\/plasmogel.com\/en\/wp-json\/wp\/v2\/product_cat?post=3242"},{"taxonomy":"product_tag","embeddable":true,"href":"https:\/\/plasmogel.com\/en\/wp-json\/wp\/v2\/product_tag?post=3242"}],"curies":[{"name":"wp","href":"https:\/\/api.w.org\/{rel}","templated":true}]}}