{"id":3328,"date":"2023-11-01T10:27:56","date_gmt":"2023-11-01T10:27:56","guid":{"rendered":"https:\/\/plasmogel.com\/?post_type=product&#038;p=3328"},"modified":"2026-02-16T15:30:23","modified_gmt":"2026-02-16T13:30:23","slug":"centrifuga-xc-spinplus-3000-ideala-pentru-prp-100-5000rpm","status":"publish","type":"product","link":"https:\/\/plasmogel.com\/en\/product\/centrifuga-xc-spinplus-3000-ideala-pentru-prp-100-5000rpm\/","title":{"rendered":"Centrifuga XC Spinplus, ideala pentru PRP, 100-5000rpm"},"content":{"rendered":"<h2>Centrifuga XC Spinplus &#8211; o centrifug\u0103 Clinic\u0103 Digital\u0103 de \u00eenalt\u0103 precizie (reglaj din 10 in 10 rpm)<\/h2>\n<p>Aceasta centrifuga ofera ajutor medicului care utilizeaza terapia vampir in clinica lui, zilnic, pentru a oferi pacientului tratament pentru diferite afectiuni estetice precum hiperpigmentarea, ridurile, acneea sau caderea parului. Cu toate acestea, ariile de tratament ale prp se extind in mai multe domenii medicale, precum ortopedie, stomatologie sau ginecologie.<\/p>\n<p><strong>Caracteristici<\/strong><\/p>\n<p>Viteza : 100 \u2013 5,000 rpm, cu reglaj 10 \u2013 10 rpm ;<br \/>\nForta Centrifuga G : rcf max 3074 g ;<br \/>\nAfi\u0219aj digital ;<br \/>\nRotor unghi fix 45\u00b0 (special pentru <a href=\"https:\/\/www.ncbi.nlm.nih.gov\/pmc\/articles\/PMC7589810\/#:~:text=PRP%20therapy%20is%20based%20on,in%20vitro%2C%20and%20animal%20studies.\" target=\"_blank\" rel=\"noopener\">PRP<\/a>, PRF)<br \/>\nTimer 0-99 min ;<\/p>\n<p>La sf\u0103r\u0219itul programului centrifuga emite semnal sonor si deschide capacul \u201eSHORT-SPIN\u201d<\/p>\n<p>The suction cups will fix the centrifuge on the table to avoid movements and reduce vibrations (+ to the stability of the blood cell membrane)<br \/>\nPermite memorarea ultimelor setari pentru economisirea timpului dumneavoastra<br \/>\nCapacity - tubes 15 ml \/ 10 ml \/ 7 ml x 8 pcs<br \/>\n12 months warranty<br \/>\n5.5 kg<\/p>\n<p>Prepararea PRP-ului necesit\u0103 instrumente speciale pentru a oferi rezultate. <a href=\"https:\/\/plasmogel.com\/en\/prp\/\">Aici<\/a> puteti gasi eprubete si creme care pot fi cumparate impreuna cu aceasta centrifuga.<\/p>","protected":false},"excerpt":{"rendered":"<p>Centrifuga XC Spinplus este ideal\u0103 pentru separarea plasmei, ureei, probe de s\u00e2nge \u0219i alte aplica\u021bii de rutin\u0103 \u00een spitale, clinici \u0219i laboratoare de cercetare.<\/p>\n<p>&nbsp;<\/p>","protected":false},"featured_media":390,"template":"","meta":[],"product_brand":[],"product_cat":[30,66],"product_tag":[183,189,193,181,194,182,187,192,191,180,190,171,185,179,176,82,186,168,177,169,173,170,174,188,184,172,178,175],"class_list":{"0":"post-3328","1":"product","2":"type-product","3":"status-publish","4":"has-post-thumbnail","6":"product_cat-plasmogel","7":"product_cat-prp","8":"product_tag-ce-este-terapia-vampir","9":"product_tag-injectare-cu-plasma","10":"product_tag-injectii-cu-plasma-fata","11":"product_tag-injectii-cu-plasma-in-scalp","12":"product_tag-lifting-vampir","13":"product_tag-plasma-imbogatita-cu-trombocite","14":"product_tag-plasma-trombocitara","15":"product_tag-plasmafacial","16":"product_tag-plasmolifting-facial","17":"product_tag-plasmolifting-facial-pareri","18":"product_tag-plasmolifting-pareri","19":"product_tag-pret-terapia-vampir","20":"product_tag-procedura-vampir-pret","21":"product_tag-regenacr","22":"product_tag-terapia-cu-plasma","23":"product_tag-terapia-vampir","24":"product_tag-terapia-vampir-par-pret","25":"product_tag-terapia-vampir-pret","26":"product_tag-terapie-prp-pret","27":"product_tag-terapie-vampir","28":"product_tag-terapie-vampir-pret","29":"product_tag-tratament-cu-plasma","30":"product_tag-tratament-cu-plasma-pentru-fata","31":"product_tag-tratament-facial-cu-plasma","32":"product_tag-tratament-plasma","33":"product_tag-tratament-vampir","34":"product_tag-tratament-vampir-pret","35":"product_tag-vampirelift","37":"first","38":"instock","39":"shipping-taxable","40":"purchasable","41":"product-type-simple"},"_links":{"self":[{"href":"https:\/\/plasmogel.com\/en\/wp-json\/wp\/v2\/product\/3328","targetHints":{"allow":["GET"]}}],"collection":[{"href":"https:\/\/plasmogel.com\/en\/wp-json\/wp\/v2\/product"}],"about":[{"href":"https:\/\/plasmogel.com\/en\/wp-json\/wp\/v2\/types\/product"}],"wp:featuredmedia":[{"embeddable":true,"href":"https:\/\/plasmogel.com\/en\/wp-json\/wp\/v2\/media\/390"}],"wp:attachment":[{"href":"https:\/\/plasmogel.com\/en\/wp-json\/wp\/v2\/media?parent=3328"}],"wp:term":[{"taxonomy":"product_brand","embeddable":true,"href":"https:\/\/plasmogel.com\/en\/wp-json\/wp\/v2\/product_brand?post=3328"},{"taxonomy":"product_cat","embeddable":true,"href":"https:\/\/plasmogel.com\/en\/wp-json\/wp\/v2\/product_cat?post=3328"},{"taxonomy":"product_tag","embeddable":true,"href":"https:\/\/plasmogel.com\/en\/wp-json\/wp\/v2\/product_tag?post=3328"}],"curies":[{"name":"wp","href":"https:\/\/api.w.org\/{rel}","templated":true}]}}