{"id":3396,"date":"2024-04-04T14:08:19","date_gmt":"2024-04-04T12:08:19","guid":{"rendered":"https:\/\/plasmogel.com\/?post_type=product&#038;p=3396"},"modified":"2025-12-17T12:07:24","modified_gmt":"2025-12-17T10:07:24","slug":"crema-cu-lactoferina-50-ml","status":"publish","type":"product","link":"https:\/\/plasmogel.com\/en\/product\/crema-cu-lactoferina-50-ml\/","title":{"rendered":"Crema tratarea hematoamelor, echimozelor, edemelor cu lactoferina, 50ml, Newlactoferrin"},"content":{"rendered":"<h3>Crema tratarea hematoamelor, echimozelor, edemelor cu lactoferina, 50ml, Newlactoferrin<\/h3>\n<p>Descoper\u0103 Newlactoferin, solu\u021bia avansat\u0103 de \u00eengrijire post-procedural\u0103, proiectat\u0103 cu grij\u0103 pentru a sus\u021bine procesul de vindecare \u0219i recuperare a pielii dup\u0103 <strong>tratamente cosmetice neinvazive \u0219i laser<\/strong>.<\/p>\n<p>Dezvoltat \u00een colaborare cu exper\u021bi \u00een dermatologie \u0219i formulat cu ingrediente premium, inclusiv acid hialuronic, bisabolol, aloe vera \u0219i lactoferin\u0103, Newlactoferin reprezint\u0103 un pas esen\u021bial \u00een rutina de \u00eengrijire a pacien\u021bilor dup\u0103 <strong>procedurile de radiofrecven\u021b\u0103, fillere dermice, mezoterapie, laser \u0219i peelinguri chimice<\/strong>.<\/p>\n<p>C\u00e2nd vine vorba de \u00eengrijirea pielii post-tratament, este crucial s\u0103 alegem produsele potrivite, care s\u0103 ofere hidratare, calmare \u0219i protec\u021bie eficient\u0103. Newlactoferin a fost conceput cu aceste nevoi \u00een minte, oferind beneficii multiple pentru a sprijini recuperarea pielii \u0219i pentru a ob\u021bine rezultate optime.<\/p>\n<p><strong>Studii asupra lactoferinei<\/strong><\/p>\n<p>Studiile au ar\u0103tat c\u0103 lactoferina are efecte antioxidante \u0219i antimicrobiene care cheleaz\u0103 fierul \u0219i astfel contracareaz\u0103 formarea discromiei cutanate.<\/p>\n<p>Lactoferina este o component\u0103 important\u0103 a sistemului imunitar uman. Acesta este eliberat de anumite tipuri de celule albe din s\u00e2nge \u00een focarul de inflama\u021bie \u0219i are efecte antibacteriene \u0219i antiinflamatorii.<\/p>\n<p>Mai mult, lactoferina pare s\u0103 aib\u0103 beneficii imunologice, pe l\u00e2ng\u0103 func\u021biile sale antibacteriene \u0219i antivirale importante.<\/p>\n<p>S-a demonstrat c\u0103 utilizarea lactoferinei poate reduce \u00een mod eficient acneea \u0219i inflama\u021bia pielii.<\/p>\n<p><strong>Studii asupra arbutinei<\/strong><\/p>\n<p>Arbutina este cunoscut\u0103 pentru capacitatea sa de a inhiba tirozinaza, o enzim\u0103 esen\u021bial\u0103 \u00een produc\u021bia de melanin\u0103. Un studiu publicat \u00een &#8222;Journal of Investigative Dermatology&#8221; a demonstrat c\u0103 arbutina reduce eficient sinteza melaninei \u00een melanocite, ceea ce ajut\u0103 la diminuarea petelor pigmentare \u0219i la uniformizarea tonului pielii.<\/p>\n<p>Pe l\u00e2ng\u0103 propriet\u0103\u021bile sale depigmentante, arbutina are \u0219i efecte antioxidante. Un studiu publicat \u00een &#8222;Journal of Cosmetic Dermatology&#8221; a ar\u0103tat c\u0103 arbutina poate proteja celulele pielii de stresul oxidativ, contribuind astfel la prevenirea \u00eemb\u0103tr\u00e2nirii premature a pielii.<\/p>\n<p><strong>Studii asupra bisabololului<\/strong><\/p>\n<p>Bisabololul este cunoscut pentru capacitatea sa de a combate radicalii liberi, care sunt responsabili de \u00eemb\u0103tr\u00e2nirea prematur\u0103 a pielii. Studiile au demonstrat c\u0103 bisabololul poate proteja celulele pielii de stresul oxidativ, contribuind la men\u021binerea unui aspect t\u00e2n\u0103r \u0219i s\u0103n\u0103tos al pielii.<\/p>\n<p>Datorit\u0103 propriet\u0103\u021bilor sale antiinflamatorii \u0219i antibacteriene, bisabololul este eficient \u0219i \u00een tratamentele pentru acnee. Un studiu a eviden\u021biat reducerea semnificativ\u0103 a leziunilor acneice \u0219i a ro\u0219e\u021bii pielii \u00een urma utiliz\u0103rii produselor care con\u021bin bisabolol.<\/p>\n<p>Un studiu a ar\u0103tat c\u0103 bisabololul are capacitatea de a reduce inflama\u021bia \u0219i irita\u021biile pielii. Acest efect este datorat modula\u021biei eliber\u0103rii de citokine proinflamatorii, ceea ce face bisabololul foarte eficient \u00een tratamentele pentru piele sensibil\u0103 sau iritat\u0103 .<\/p>\n<p><strong>Studii asupra aloe vera<\/strong><\/p>\n<p>Aloe vera con\u021bine vitamine \u0219i compu\u0219i fenolici cu propriet\u0103\u021bi antioxidante. Un studiu publicat \u00een &#8222;Molecules&#8221; a ar\u0103tat c\u0103 extractele de aloe vera pot proteja pielea de stresul oxidativ, ceea ce previne \u00eemb\u0103tr\u00e2nirea prematur\u0103 \u0219i deteriorarea celular\u0103.<\/p>\n<p>Aloe vera este considerat\u0103 sigur\u0103 pentru utilizarea \u00een produse cosmetice \u0219i este bine tolerat\u0103 de majoritatea tipurilor de piele. Un studiu de evaluare a siguran\u021bei publicat \u00een &#8222;Contact Dermatitis&#8221; a confirmat c\u0103 produsele care con\u021bin aloe vera au un risc sc\u0103zut de a provoca irita\u021bii sau reac\u021bii alergice.<\/p>\n<h3>Beneficii Cheie:<\/h3>\n<p><strong>Hidratare Intens\u0103<\/strong>: Acidul hialuronic, un ingredient cu capacitate excep\u021bional\u0103 de a re\u021bine apa, ofer\u0103 hidratare profund\u0103 \u0219i ajut\u0103 la refacerea barierei cutanate \u0219i la men\u021binerea elasticit\u0103\u021bii pielii.<\/p>\n<p><strong>Calmare<\/strong>: Bisabololul \u0219i aloe vera reduc inflama\u021bia \u0219i irita\u021bia \u0219i diminueaz\u0103 senza\u021bia de arsur\u0103 \u0219i disconfort post-tratament.<\/p>\n<p><strong>Regenerare<\/strong>: Lactoferina, un puternic antioxidant, ajut\u0103 la stimularea procesului de regenerare a \u021besuturilor \u0219i la protejarea pielii \u00eempotriva daunelor oxidative.<\/p>\n<h3>Mod de Utilizare<\/h3>\n<p>Recomand\u0103m aplicarea generoas\u0103 pe zona tratat\u0103 imediat dup\u0103 procedur\u0103 \u0219i continuarea aplic\u0103rii de dou\u0103 ori pe zi , p\u00e2n\u0103 observa\u021bi c\u0103 \u021besutul cutanat revine la normal.<\/p>\n<h3>Produs testat dermatologic<\/h3>\n<p>Newlactoferin este testat dermatologic \u0219i formulat conform celor mai \u00eenalte standarde de siguran\u021b\u0103 \u0219i eficacitate, oferind pacien\u021bilor \u00eencredere \u0219i confort \u00een utilizare.<\/p>","protected":false},"excerpt":{"rendered":"<p>Solu\u021bie de \u00eengrijire post-procedural\u0103, pentru a sus\u021bine procesul de vindecare \u0219i recuperare a pielii dup\u0103 tratamentele cosmetice neinvazive \u0219i laser: procedurile de radiofrecven\u021b\u0103, fillere dermice, mezoterapie, laser \u0219i peelinguri chimice.<\/p>\n<p>O formul\u0103 complex\u0103 pe baz\u0103 de lactoferin\u0103, aloe vera \u0219i acid hialuronic, care:<\/p>\n<ul>\n<li>trateaz\u0103 echimozele \u0219i hematoamele \u00een urma tratamentelor estetice<\/li>\n<li>\u00eembun\u0103t\u0103\u021be\u0219te rezultatul estetic<\/li>\n<li>trateaz\u0103 ridurile \u0219i cearc\u0103nele<\/li>\n<\/ul>\n<p>&nbsp;<\/p>\n<ul>\n<li>Tub 50 ml<\/li>\n<\/ul>","protected":false},"featured_media":3397,"template":"","meta":[],"product_brand":[],"product_cat":[66],"product_tag":[499,497,500,501,495,494],"class_list":{"0":"post-3396","1":"product","2":"type-product","3":"status-publish","4":"has-post-thumbnail","6":"product_cat-prp","7":"product_tag-crema-edem","8":"product_tag-crema-hematoame","9":"product_tag-crema-regeneranta","10":"product_tag-crema-regenerativa","11":"product_tag-kelapher","12":"product_tag-lactoferina","14":"first","15":"instock","16":"shipping-taxable","17":"purchasable","18":"product-type-simple"},"_links":{"self":[{"href":"https:\/\/plasmogel.com\/en\/wp-json\/wp\/v2\/product\/3396","targetHints":{"allow":["GET"]}}],"collection":[{"href":"https:\/\/plasmogel.com\/en\/wp-json\/wp\/v2\/product"}],"about":[{"href":"https:\/\/plasmogel.com\/en\/wp-json\/wp\/v2\/types\/product"}],"wp:featuredmedia":[{"embeddable":true,"href":"https:\/\/plasmogel.com\/en\/wp-json\/wp\/v2\/media\/3397"}],"wp:attachment":[{"href":"https:\/\/plasmogel.com\/en\/wp-json\/wp\/v2\/media?parent=3396"}],"wp:term":[{"taxonomy":"product_brand","embeddable":true,"href":"https:\/\/plasmogel.com\/en\/wp-json\/wp\/v2\/product_brand?post=3396"},{"taxonomy":"product_cat","embeddable":true,"href":"https:\/\/plasmogel.com\/en\/wp-json\/wp\/v2\/product_cat?post=3396"},{"taxonomy":"product_tag","embeddable":true,"href":"https:\/\/plasmogel.com\/en\/wp-json\/wp\/v2\/product_tag?post=3396"}],"curies":[{"name":"wp","href":"https:\/\/api.w.org\/{rel}","templated":true}]}}