{"id":3514,"date":"2024-12-04T15:49:21","date_gmt":"2024-12-04T13:49:21","guid":{"rendered":"https:\/\/plasmogel.com\/?post_type=product&#038;p=3514"},"modified":"2026-03-11T14:44:28","modified_gmt":"2026-03-11T12:44:28","slug":"reparestim-ha-td-tratament-anti-imbatranire-5-flacoane-x-5-ml","status":"publish","type":"product","link":"https:\/\/plasmogel.com\/en\/product\/reparestim-ha-td-tratament-anti-imbatranire-5-flacoane-x-5-ml\/","title":{"rendered":"Reparestim HA TD. Tratament anti-\u00eemb\u0103tr\u00e2nire, 5 flacoane x 5 ml"},"content":{"rendered":"<p>Reparestim\u00ae HA TD ofer\u0103 un instrument esen\u021bial pentru regenerarea pielii \u00eemb\u0103tr\u00e2nite, oxidate de fumat sau poluare, ten matur cu linii fine, piele deteriorat\u0103 dup\u0103 proceduri estetice \u0219i\/sau chirurgicale.<\/p>\n<h3>Ingrediente active<\/h3>\n<p>Acid hialuronic, acid lipoic, hesperidin\u0103, taurin\u0103, metilsilanol manuronat, extract de Avena, extract de rozmarin, extract de ceai, extract de glicin\u0103 soja, aminoacizi.<\/p>\n<h3>Indica\u021bii<\/h3>\n<p>\u2022 Efect antioxidant.<br \/>\n\u2022 \u00cembun\u0103t\u0103\u021be\u0219te elasticitatea \u0219i hidratarea pielii.<\/p>\n<h3>Ambalaj<\/h3>\n<p>5 flacoane x 5 ml<\/p>","protected":false},"excerpt":{"rendered":"<p>Reparestim HA TD. Tratament anti-\u00eemb\u0103tr\u00e2nire.<\/p>\n<p>Acid hialuronic, aminoacizi, vitamine, antioxidan\u021bi.<\/p>\n<p>5 flacoane x 5 ml<\/p>\n<div class=\"lactoferrin_filler\" style=\"background-image:linear-gradient(to right, #edf6ed, #f6edf3); padding:18px; border-radius:18px\">Fiecare cutie este \u00eenso\u021bit\u0103 de o crem\u0103 de \u00eengrijire post-tratament cu lactoferin\u0103 pentru tratarea hematoamelor, echimozelor, edemelor &#8211; <a href=\"https:\/\/facebodylips.ro\/produs\/crema-tratarea-hematoamelor-echimozelor-edemelor-cu-lactoferina-3-ml-newlactoferrin\/\" style=\"color:rgba(158,32,102,1);text-decoration:underline\">New Lactoferrin, plic 3ml<\/a><\/div>\n<p style=\"color: #eb4034\">*Acest produs este destinat utiliz\u0103rii exclusive de c\u0103tre clinicienii esteticieni!<\/p>","protected":false},"featured_media":3516,"template":"","meta":[],"product_brand":[],"product_cat":[38,37,58,59,36,370],"product_tag":[],"class_list":{"0":"post-3514","1":"product","2":"type-product","3":"status-publish","4":"has-post-thumbnail","6":"product_cat-mezoterapie","7":"product_cat-aesthetic-dermal","8":"product_cat-aesthetic-dermal-producatori","9":"product_cat-skin-tech","10":"product_cat-skintech","11":"product_cat-tratamente-combinate","13":"first","14":"instock","15":"shipping-taxable","16":"purchasable","17":"product-type-simple"},"_links":{"self":[{"href":"https:\/\/plasmogel.com\/en\/wp-json\/wp\/v2\/product\/3514","targetHints":{"allow":["GET"]}}],"collection":[{"href":"https:\/\/plasmogel.com\/en\/wp-json\/wp\/v2\/product"}],"about":[{"href":"https:\/\/plasmogel.com\/en\/wp-json\/wp\/v2\/types\/product"}],"wp:featuredmedia":[{"embeddable":true,"href":"https:\/\/plasmogel.com\/en\/wp-json\/wp\/v2\/media\/3516"}],"wp:attachment":[{"href":"https:\/\/plasmogel.com\/en\/wp-json\/wp\/v2\/media?parent=3514"}],"wp:term":[{"taxonomy":"product_brand","embeddable":true,"href":"https:\/\/plasmogel.com\/en\/wp-json\/wp\/v2\/product_brand?post=3514"},{"taxonomy":"product_cat","embeddable":true,"href":"https:\/\/plasmogel.com\/en\/wp-json\/wp\/v2\/product_cat?post=3514"},{"taxonomy":"product_tag","embeddable":true,"href":"https:\/\/plasmogel.com\/en\/wp-json\/wp\/v2\/product_tag?post=3514"}],"curies":[{"name":"wp","href":"https:\/\/api.w.org\/{rel}","templated":true}]}}