{"id":3518,"date":"2024-12-04T15:52:13","date_gmt":"2024-12-04T13:52:13","guid":{"rendered":"https:\/\/plasmogel.com\/?post_type=product&#038;p=3518"},"modified":"2026-03-11T14:44:29","modified_gmt":"2026-03-11T12:44:29","slug":"reparestim-relax-skin-td-cu-bonta-568-5-flacoane-x-5-ml","status":"publish","type":"product","link":"https:\/\/plasmogel.com\/en\/product\/reparestim-relax-skin-td-cu-bonta-568-5-flacoane-x-5-ml\/","title":{"rendered":"Reparestim Relax Skin TD cu BoNtA 568\u00ae, 5 flacoane x 5 ml"},"content":{"rendered":"<p>Reparestim Relax Skin TD cu BoNtA 568\u00ae este o asociere a trei oligopeptide sintetice care ajut\u0103 la atenuarea ridurilor de expresie.<br \/>\nPoate fi folosit ca o alternativ\u0103 cosmetic\u0103 de \u00eentinerire at\u00e2t pentru b\u0103rba\u021bi, c\u00e2t \u0219i pentru femeile care nu doresc s\u0103 se supun\u0103 unor tratamente invazive sau ca o completare pentru a ajuta la prelungirea efectelor oric\u0103rei metode de blocare a contrac\u021biei musculare.<\/p>\n<h3>Ingrediente active<\/h3>\n<ul>\n<li>Pentapeptida-18<\/li>\n<li>Acetil Hexapeptid\u0103-8<\/li>\n<li>Acetil Octapeptid-3<\/li>\n<\/ul>\n<h3>Ambalaj<\/h3>\n<p>5 flacoane x 5 ml<\/p>","protected":false},"excerpt":{"rendered":"<p>Reparestim Relax Skin cu Bonta. Repar\u0103, reumple \u0219i stimuleaz\u0103 fa\u021ba \u0219i decolteul.<\/p>\n<p>Acid hialuronic, peptide biomimetice, aminoacizi<\/p>\n<p>5 flacoane x 5 ml<\/p>\n<div class=\"lactoferrin_filler\" style=\"background-image:linear-gradient(to right, #edf6ed, #f6edf3); padding:18px; border-radius:18px\">Fiecare cutie este \u00eenso\u021bit\u0103 de o crem\u0103 de \u00eengrijire post-tratament cu lactoferin\u0103 pentru tratarea hematoamelor, echimozelor, edemelor &#8211; <a href=\"https:\/\/facebodylips.ro\/produs\/crema-tratarea-hematoamelor-echimozelor-edemelor-cu-lactoferina-3-ml-newlactoferrin\/\" style=\"color:rgba(158,32,102,1);text-decoration:underline\">New Lactoferrin, plic 3ml<\/a><\/div>\n<p style=\"color: #eb4034\">*Acest produs este destinat utiliz\u0103rii exclusive de c\u0103tre clinicienii esteticieni!<\/p>","protected":false},"featured_media":3520,"template":"","meta":[],"product_brand":[],"product_cat":[38,37,58,59,36,370],"product_tag":[],"class_list":{"0":"post-3518","1":"product","2":"type-product","3":"status-publish","4":"has-post-thumbnail","6":"product_cat-mezoterapie","7":"product_cat-aesthetic-dermal","8":"product_cat-aesthetic-dermal-producatori","9":"product_cat-skin-tech","10":"product_cat-skintech","11":"product_cat-tratamente-combinate","13":"first","14":"instock","15":"shipping-taxable","16":"purchasable","17":"product-type-simple"},"_links":{"self":[{"href":"https:\/\/plasmogel.com\/en\/wp-json\/wp\/v2\/product\/3518","targetHints":{"allow":["GET"]}}],"collection":[{"href":"https:\/\/plasmogel.com\/en\/wp-json\/wp\/v2\/product"}],"about":[{"href":"https:\/\/plasmogel.com\/en\/wp-json\/wp\/v2\/types\/product"}],"wp:featuredmedia":[{"embeddable":true,"href":"https:\/\/plasmogel.com\/en\/wp-json\/wp\/v2\/media\/3520"}],"wp:attachment":[{"href":"https:\/\/plasmogel.com\/en\/wp-json\/wp\/v2\/media?parent=3518"}],"wp:term":[{"taxonomy":"product_brand","embeddable":true,"href":"https:\/\/plasmogel.com\/en\/wp-json\/wp\/v2\/product_brand?post=3518"},{"taxonomy":"product_cat","embeddable":true,"href":"https:\/\/plasmogel.com\/en\/wp-json\/wp\/v2\/product_cat?post=3518"},{"taxonomy":"product_tag","embeddable":true,"href":"https:\/\/plasmogel.com\/en\/wp-json\/wp\/v2\/product_tag?post=3518"}],"curies":[{"name":"wp","href":"https:\/\/api.w.org\/{rel}","templated":true}]}}