{"id":3522,"date":"2024-12-04T15:55:58","date_gmt":"2024-12-04T13:55:58","guid":{"rendered":"https:\/\/plasmogel.com\/?post_type=product&#038;p=3522"},"modified":"2026-03-11T14:44:30","modified_gmt":"2026-03-11T12:44:30","slug":"reparestim-whitening-td-repara-reumple-si-stimuleaza-efect-de-iluminare-5-flacoane-x-5-ml","status":"publish","type":"product","link":"https:\/\/plasmogel.com\/en\/product\/reparestim-whitening-td-repara-reumple-si-stimuleaza-efect-de-iluminare-5-flacoane-x-5-ml\/","title":{"rendered":"Reparestim Whitening TD. Repar\u0103, reumple \u0219i stimuleaz\u0103, efect de iluminare, 5 flacoane x 5 ml"},"content":{"rendered":"<p>Reparestim\u00ae Whitening TD este o solu\u021bie de iluminare pentru toate fototipurile cutanate cu tulbur\u0103ri de hiperpigmentare, \u00een special pielea foto-deteriorat\u0103 \u0219i hiperpigmentat\u0103.<\/p>\n<h3>Ingrediente active<\/h3>\n<p>Acid hialuronic, arbutin\u0103, extract de r\u0103d\u0103cin\u0103 Glycyrrhiza Glabra, Morus Alba, acid aminoetilfosfinic (AMPA), pantenol, vitamina A, vitamina E.<\/p>\n<h3>Indica\u021bii<\/h3>\n<ul>\n<li>Culoarea neted\u0103 a pielii<\/li>\n<li>Albi\u021bi pielea<\/li>\n<li>Efect de luminozitate<\/li>\n<li>Efect antioxidant<\/li>\n<li>Cre\u0219te turn-ul epidermic<\/li>\n<li>\u00cembun\u0103t\u0103\u021be\u0219te elasticitatea \u0219i hidratarea pielii<\/li>\n<\/ul>\n<h3>Ambalaj<\/h3>\n<p>5 flacoane x 5 ml<\/p>","protected":false},"excerpt":{"rendered":"<p>Reparestim Whitening TD. Repar\u0103, reumple \u0219i stimuleaz\u0103 cu efect de iluminare.<\/p>\n<p>Acid hialuronic, antioxidan\u021bi, vitamine, peptide biomimetice, ingrediente depigmentante.<\/p>\n<p>5 flacoane x 5 ml<\/p>\n<div class=\"lactoferrin_filler\" style=\"background-image:linear-gradient(to right, #edf6ed, #f6edf3); padding:18px; border-radius:18px\">Fiecare cutie este \u00eenso\u021bit\u0103 de o crem\u0103 de \u00eengrijire post-tratament cu lactoferin\u0103 pentru tratarea hematoamelor, echimozelor, edemelor &#8211; <a href=\"https:\/\/facebodylips.ro\/produs\/crema-tratarea-hematoamelor-echimozelor-edemelor-cu-lactoferina-3-ml-newlactoferrin\/\" style=\"color:rgba(158,32,102,1);text-decoration:underline\">New Lactoferrin, plic 3ml<\/a><\/div>\n<p style=\"color: #eb4034\">*Acest produs este destinat utiliz\u0103rii exclusive de c\u0103tre clinicienii esteticieni!<\/p>","protected":false},"featured_media":3524,"template":"","meta":[],"product_brand":[],"product_cat":[25,37,58,38,59,36,370],"product_tag":[],"class_list":{"0":"post-3522","1":"product","2":"type-product","3":"status-publish","4":"has-post-thumbnail","6":"product_cat-producatori","7":"product_cat-aesthetic-dermal","8":"product_cat-aesthetic-dermal-producatori","9":"product_cat-mezoterapie","10":"product_cat-skin-tech","11":"product_cat-skintech","12":"product_cat-tratamente-combinate","14":"first","15":"outofstock","16":"shipping-taxable","17":"purchasable","18":"product-type-simple"},"_links":{"self":[{"href":"https:\/\/plasmogel.com\/en\/wp-json\/wp\/v2\/product\/3522","targetHints":{"allow":["GET"]}}],"collection":[{"href":"https:\/\/plasmogel.com\/en\/wp-json\/wp\/v2\/product"}],"about":[{"href":"https:\/\/plasmogel.com\/en\/wp-json\/wp\/v2\/types\/product"}],"wp:featuredmedia":[{"embeddable":true,"href":"https:\/\/plasmogel.com\/en\/wp-json\/wp\/v2\/media\/3524"}],"wp:attachment":[{"href":"https:\/\/plasmogel.com\/en\/wp-json\/wp\/v2\/media?parent=3522"}],"wp:term":[{"taxonomy":"product_brand","embeddable":true,"href":"https:\/\/plasmogel.com\/en\/wp-json\/wp\/v2\/product_brand?post=3522"},{"taxonomy":"product_cat","embeddable":true,"href":"https:\/\/plasmogel.com\/en\/wp-json\/wp\/v2\/product_cat?post=3522"},{"taxonomy":"product_tag","embeddable":true,"href":"https:\/\/plasmogel.com\/en\/wp-json\/wp\/v2\/product_tag?post=3522"}],"curies":[{"name":"wp","href":"https:\/\/api.w.org\/{rel}","templated":true}]}}