{"id":3526,"date":"2024-12-04T16:00:58","date_gmt":"2024-12-04T14:00:58","guid":{"rendered":"https:\/\/plasmogel.com\/?post_type=product&#038;p=3526"},"modified":"2026-03-11T14:44:32","modified_gmt":"2026-03-11T12:44:32","slug":"reparestim-eyes-td-5-flacoane-x-3-ml","status":"publish","type":"product","link":"https:\/\/plasmogel.com\/en\/product\/reparestim-eyes-td-5-flacoane-x-3-ml\/","title":{"rendered":"Reparestim\u00ae Eyes TD, 5 flacoane x 3 ml"},"content":{"rendered":"<p>Reparestim\u00ae Eyes TD este utilizat ca ameliorator al conturului ochilor, \u00een special fum\u0103torilor, pacien\u021bilor cu tulbur\u0103ri pigmentare, tenului congestionat \u0219i obosit.<\/p>\n<h3>Ingrediente active<\/h3>\n<p>Acid hialuronic, troxerutina, hesperidina, peptide, extract de vita de vie Vitis Vinfiera, manuronat de metilsilanol, cumarina, escina, extract de ruscus, extract de solidago.<\/p>\n<h3>Indica\u021bii<\/h3>\n<ul>\n<li>\u00cembun\u0103t\u0103\u021be\u0219te aspectul ochilor umfla\u021bi (pungi sub ochi)<\/li>\n<li>Contur neted al ochilor<\/li>\n<li>\u00cembun\u0103t\u0103\u021be\u0219te elasticitatea pielii<\/li>\n<li>Efect antioxidant<\/li>\n<li>Efect de albire<\/li>\n<\/ul>\n<h3>Ambalaj<\/h3>\n<p>5 flacoane x 3 ml<\/p>","protected":false},"excerpt":{"rendered":"<p>Reparestim Eyes TD. Repara, reumple si stimuleaza conturul ochilor.<\/p>\n<p>Acid hialuronic, peptide biomimetice, aminoacizi, antioxidan\u021bi, vitamine.<\/p>\n<p>5 flacoane x 3 ml<\/p>\n<div class=\"lactoferrin_filler\" style=\"background-image:linear-gradient(to right, #edf6ed, #f6edf3); padding:18px; border-radius:18px\">Fiecare cutie este \u00eenso\u021bit\u0103 de o crem\u0103 de \u00eengrijire post-tratament cu lactoferin\u0103 pentru tratarea hematoamelor, echimozelor, edemelor &#8211; <a href=\"https:\/\/facebodylips.ro\/produs\/crema-tratarea-hematoamelor-echimozelor-edemelor-cu-lactoferina-3-ml-newlactoferrin\/\" style=\"color:rgba(158,32,102,1);text-decoration:underline\">New Lactoferrin, plic 3ml<\/a><\/div>\n<p style=\"color: #eb4034\">*Acest produs este destinat utiliz\u0103rii exclusive de c\u0103tre clinicienii esteticieni!<\/p>","protected":false},"featured_media":3528,"template":"","meta":[],"product_brand":[],"product_cat":[38,37,58,36,370],"product_tag":[],"class_list":{"0":"post-3526","1":"product","2":"type-product","3":"status-publish","4":"has-post-thumbnail","6":"product_cat-mezoterapie","7":"product_cat-aesthetic-dermal","8":"product_cat-aesthetic-dermal-producatori","9":"product_cat-skintech","10":"product_cat-tratamente-combinate","12":"first","13":"instock","14":"shipping-taxable","15":"purchasable","16":"product-type-simple"},"_links":{"self":[{"href":"https:\/\/plasmogel.com\/en\/wp-json\/wp\/v2\/product\/3526","targetHints":{"allow":["GET"]}}],"collection":[{"href":"https:\/\/plasmogel.com\/en\/wp-json\/wp\/v2\/product"}],"about":[{"href":"https:\/\/plasmogel.com\/en\/wp-json\/wp\/v2\/types\/product"}],"wp:featuredmedia":[{"embeddable":true,"href":"https:\/\/plasmogel.com\/en\/wp-json\/wp\/v2\/media\/3528"}],"wp:attachment":[{"href":"https:\/\/plasmogel.com\/en\/wp-json\/wp\/v2\/media?parent=3526"}],"wp:term":[{"taxonomy":"product_brand","embeddable":true,"href":"https:\/\/plasmogel.com\/en\/wp-json\/wp\/v2\/product_brand?post=3526"},{"taxonomy":"product_cat","embeddable":true,"href":"https:\/\/plasmogel.com\/en\/wp-json\/wp\/v2\/product_cat?post=3526"},{"taxonomy":"product_tag","embeddable":true,"href":"https:\/\/plasmogel.com\/en\/wp-json\/wp\/v2\/product_tag?post=3526"}],"curies":[{"name":"wp","href":"https:\/\/api.w.org\/{rel}","templated":true}]}}