{"id":3530,"date":"2024-12-04T16:09:04","date_gmt":"2024-12-04T14:09:04","guid":{"rendered":"https:\/\/plasmogel.com\/?post_type=product&#038;p=3530"},"modified":"2026-03-11T14:44:33","modified_gmt":"2026-03-11T12:44:33","slug":"reparestim-stretch-360o-td-5-flacoane-x-10-ml","status":"publish","type":"product","link":"https:\/\/plasmogel.com\/en\/product\/reparestim-stretch-360o-td-5-flacoane-x-10-ml\/","title":{"rendered":"Reparestim\u00ae Stretch 360\u00ba TD, 5 flacoane x 10 ml"},"content":{"rendered":"<p>Reparestim\u00ae Stretch Marks TD este o mezosolu\u021bie care are ca obiectiv \u00eembun\u0103t\u0103\u021birea elasticit\u0103\u021bii \u0219i grosimii pielii prin regenerarea zonelor de vergeturi.<\/p>\n<h3>Ingrediente active<\/h3>\n<p>Acid hialuronic, Mannuronat de metilsilanol, ADN de sodiu, Extract de Centella Asiatica, Extract de Avena, Extract de glicin\u0103 Soja, sh-Polypeptide-1, Lecitin\u0103.<\/p>\n<h3>Indica\u021bii<\/h3>\n<ul>\n<li>\u00cembun\u0103t\u0103\u021be\u0219te reepitelizarea<\/li>\n<li>\u00cembun\u0103t\u0103\u021be\u0219te tensiunea \u0219i elasticitatea pielii<\/li>\n<li>\u00cembun\u0103t\u0103\u021be\u0219te volumul dermic \u0219i hidratarea<\/li>\n<li>Ob\u021bine\u021bi un efect de fermitate a pielii<\/li>\n<li>\u00cembun\u0103t\u0103\u021be\u0219te \u00een mod activ generarea de noi celule ale pielii<\/li>\n<li>Reface grosimea \u0219i red\u0103 calitatea pielii<\/li>\n<li>Ob\u021bine\u021bi un efect antioxidant<\/li>\n<\/ul>\n<p>Zona de tratament: Abdomen\/Coaps\u0103<\/p>\n<h3>Ambalaj<\/h3>\n<p>5 flacoane x 10 ml<\/p>","protected":false},"excerpt":{"rendered":"<p>Reparestim Stretch 360. Repara, reumple si stimuleaza. Repararea striilor.<\/p>\n<p>Acid hialuronic, peptide biomimetice, aminoacizi, vitamine, antioxidan\u021bi.<\/p>\n<p>5 flacoane x 10 ml<\/p>\n<div class=\"lactoferrin_filler\" style=\"background-image:linear-gradient(to right, #edf6ed, #f6edf3); padding:18px; border-radius:18px\">Fiecare cutie este \u00eenso\u021bit\u0103 de o crem\u0103 de \u00eengrijire post-tratament cu lactoferin\u0103 pentru tratarea hematoamelor, echimozelor, edemelor &#8211; <a href=\"https:\/\/facebodylips.ro\/produs\/crema-tratarea-hematoamelor-echimozelor-edemelor-cu-lactoferina-3-ml-newlactoferrin\/\" style=\"color:rgba(158,32,102,1);text-decoration:underline\">New Lactoferrin, plic 3ml<\/a><\/div>\n<p style=\"color: #eb4034\">*Acest produs este destinat utiliz\u0103rii exclusive de c\u0103tre clinicienii esteticieni!<\/p>","protected":false},"featured_media":3532,"template":"","meta":[],"product_brand":[],"product_cat":[38,37,58,36,370],"product_tag":[],"class_list":{"0":"post-3530","1":"product","2":"type-product","3":"status-publish","4":"has-post-thumbnail","6":"product_cat-mezoterapie","7":"product_cat-aesthetic-dermal","8":"product_cat-aesthetic-dermal-producatori","9":"product_cat-skintech","10":"product_cat-tratamente-combinate","12":"first","13":"instock","14":"shipping-taxable","15":"purchasable","16":"product-type-simple"},"_links":{"self":[{"href":"https:\/\/plasmogel.com\/en\/wp-json\/wp\/v2\/product\/3530","targetHints":{"allow":["GET"]}}],"collection":[{"href":"https:\/\/plasmogel.com\/en\/wp-json\/wp\/v2\/product"}],"about":[{"href":"https:\/\/plasmogel.com\/en\/wp-json\/wp\/v2\/types\/product"}],"wp:featuredmedia":[{"embeddable":true,"href":"https:\/\/plasmogel.com\/en\/wp-json\/wp\/v2\/media\/3532"}],"wp:attachment":[{"href":"https:\/\/plasmogel.com\/en\/wp-json\/wp\/v2\/media?parent=3530"}],"wp:term":[{"taxonomy":"product_brand","embeddable":true,"href":"https:\/\/plasmogel.com\/en\/wp-json\/wp\/v2\/product_brand?post=3530"},{"taxonomy":"product_cat","embeddable":true,"href":"https:\/\/plasmogel.com\/en\/wp-json\/wp\/v2\/product_cat?post=3530"},{"taxonomy":"product_tag","embeddable":true,"href":"https:\/\/plasmogel.com\/en\/wp-json\/wp\/v2\/product_tag?post=3530"}],"curies":[{"name":"wp","href":"https:\/\/api.w.org\/{rel}","templated":true}]}}