{"id":3534,"date":"2024-12-04T16:13:25","date_gmt":"2024-12-04T14:13:25","guid":{"rendered":"https:\/\/plasmogel.com\/?post_type=product&#038;p=3534"},"modified":"2026-03-11T14:44:34","modified_gmt":"2026-03-11T12:44:34","slug":"reparestim-cellulite-td-5-flacoane-x-10-ml","status":"publish","type":"product","link":"https:\/\/plasmogel.com\/en\/product\/reparestim-cellulite-td-5-flacoane-x-10-ml\/","title":{"rendered":"Reparestim\u00ae Cellulite TD, 5 flacoane x 10 ml"},"content":{"rendered":"<p>Solu\u021bia Reparestim\u00ae Cellulite TD este folosit\u0103 ca ameliorator al tonului pielii. Prin urmare, este indicat \u00een special pentru pielea deshidratat\u0103 \u0219i sub\u021bire \u0219i pacien\u021bii cu modific\u0103ri hormonale.<\/p>\n<h3>Ingrediente active<\/h3>\n<p>Acid hialuronic, cafeina, carnitina, troxerutina, extract de anghinare, extract de Centella Asiatica, extract de Hedera Helix, extract de fucus, extract de ruscus.<\/p>\n<h3>Indica\u021bii<\/h3>\n<ul>\n<li>Repara pielea cu aspect de coaja de portocala<\/li>\n<li>\u00cembun\u0103t\u0103\u021be\u0219te tonul pielii<\/li>\n<li>Stimuleaz\u0103 fermitatea pielii<\/li>\n<li>Cre\u0219te elasticitatea pielii<\/li>\n<li>\u00cendep\u0103rta\u021bi excesul de ap\u0103 din piele<\/li>\n<li>Hidrateaz\u0103 \u0219i hr\u0103ne\u0219te pielea<\/li>\n<li>Ofer\u0103 un efect antiradicali liberi<\/li>\n<\/ul>\n<p>Zona de tratament: fese\/spatele coapsei<\/p>\n<h3>Ambalaj<\/h3>\n<p>5 flacoane x 10 ml<\/p>","protected":false},"excerpt":{"rendered":"<p>Reparestim Cellulite. Normalizeaz\u0103 aspectul celulitei \u0219i elasticitatea pielii.<\/p>\n<p>Acid hialuronic, peptide biomimetice, aminoacizi, vitamine, antioxidan\u021bi, extracte lipolitice.<\/p>\n<p>5 flacoane x 10 ml<\/p>\n<div class=\"lactoferrin_filler\" style=\"background-image:linear-gradient(to right, #edf6ed, #f6edf3); padding:18px; border-radius:18px\">Fiecare cutie este \u00eenso\u021bit\u0103 de o crem\u0103 de \u00eengrijire post-tratament cu lactoferin\u0103 pentru tratarea hematoamelor, echimozelor, edemelor &#8211; <a href=\"https:\/\/facebodylips.ro\/produs\/crema-tratarea-hematoamelor-echimozelor-edemelor-cu-lactoferina-3-ml-newlactoferrin\/\" style=\"color:rgba(158,32,102,1);text-decoration:underline\">New Lactoferrin, plic 3ml<\/a><\/div>\n<p style=\"color: #eb4034\">*Acest produs este destinat utiliz\u0103rii exclusive de c\u0103tre clinicienii esteticieni!<\/p>","protected":false},"featured_media":3536,"template":"","meta":[],"product_brand":[],"product_cat":[38,37,58,36,370],"product_tag":[],"class_list":{"0":"post-3534","1":"product","2":"type-product","3":"status-publish","4":"has-post-thumbnail","6":"product_cat-mezoterapie","7":"product_cat-aesthetic-dermal","8":"product_cat-aesthetic-dermal-producatori","9":"product_cat-skintech","10":"product_cat-tratamente-combinate","12":"first","13":"instock","14":"shipping-taxable","15":"purchasable","16":"product-type-simple"},"_links":{"self":[{"href":"https:\/\/plasmogel.com\/en\/wp-json\/wp\/v2\/product\/3534","targetHints":{"allow":["GET"]}}],"collection":[{"href":"https:\/\/plasmogel.com\/en\/wp-json\/wp\/v2\/product"}],"about":[{"href":"https:\/\/plasmogel.com\/en\/wp-json\/wp\/v2\/types\/product"}],"wp:featuredmedia":[{"embeddable":true,"href":"https:\/\/plasmogel.com\/en\/wp-json\/wp\/v2\/media\/3536"}],"wp:attachment":[{"href":"https:\/\/plasmogel.com\/en\/wp-json\/wp\/v2\/media?parent=3534"}],"wp:term":[{"taxonomy":"product_brand","embeddable":true,"href":"https:\/\/plasmogel.com\/en\/wp-json\/wp\/v2\/product_brand?post=3534"},{"taxonomy":"product_cat","embeddable":true,"href":"https:\/\/plasmogel.com\/en\/wp-json\/wp\/v2\/product_cat?post=3534"},{"taxonomy":"product_tag","embeddable":true,"href":"https:\/\/plasmogel.com\/en\/wp-json\/wp\/v2\/product_tag?post=3534"}],"curies":[{"name":"wp","href":"https:\/\/api.w.org\/{rel}","templated":true}]}}