{"id":3538,"date":"2024-12-04T16:17:37","date_gmt":"2024-12-04T14:17:37","guid":{"rendered":"https:\/\/plasmogel.com\/?post_type=product&#038;p=3538"},"modified":"2026-03-11T14:44:36","modified_gmt":"2026-03-11T12:44:36","slug":"reparestim-hair-pentru-cresterea-parului-5-flacoane-x-5-ml","status":"publish","type":"product","link":"https:\/\/plasmogel.com\/en\/product\/reparestim-hair-pentru-cresterea-parului-5-flacoane-x-5-ml\/","title":{"rendered":"Reparestim Hair. Pentru cre\u0219terea p\u0103rului. 5 flacoane x 5 ml"},"content":{"rendered":"<p>Reparestim Hair TD este un regenerator capilar care revitalizeaz\u0103 \u0219i \u00eent\u0103re\u0219te fibra capilar\u0103 printr-un aport mai mare de nutrien\u021bi esen\u021biali. Reparestim Hair TD echilibreaz\u0103 matricea perifolicular\u0103 dermic\u0103.<\/p>\n<p>Reparestim Hair TD este indicat at\u00e2t b\u0103rba\u021bilor c\u00e2t \u0219i femeilor ca \u00eengrijire preventiv\u0103 sau de \u00eentre\u021binere.<\/p>\n<p>Ingrediente active<\/p>\n<p>Acid hialuronic, biotin\u0103, pantenol, ADN de sodiu, sh-polipeptid\u0103-1, manuronat de metilsinal, Ginkgo Biloba, extract de Avena, lecitin\u0103, aminoacizi.<\/p>\n<p>Indica\u021bii<\/p>\n<ul>\n<li>Ofer\u0103 p\u0103rului nutrien\u021bi echilibra\u021bi.<\/li>\n<li>Previne c\u0103derea excesiv\u0103 a p\u0103rului.<\/li>\n<li>Red\u0103 vitalitatea parului.<\/li>\n<li>Preg\u0103tirea pielii \u00eenainte de transplantul de p\u0103r<\/li>\n<\/ul>","protected":false},"excerpt":{"rendered":"<p>Reparestim Hair. Pentru cre\u0219terea p\u0103rului.<\/p>\n<p>Acid hialuronic, aminoacizi, vitamine, peptide biomimetice, factori de cre\u0219tere, minerale.<\/p>\n<p>5 flacoane x 5 ml<\/p>\n<div class=\"lactoferrin_filler\" style=\"background-image:linear-gradient(to right, #edf6ed, #f6edf3); padding:18px; border-radius:18px\">Fiecare cutie este \u00eenso\u021bit\u0103 de o crem\u0103 de \u00eengrijire post-tratament cu lactoferin\u0103 pentru tratarea hematoamelor, echimozelor, edemelor &#8211; <a href=\"https:\/\/facebodylips.ro\/produs\/crema-tratarea-hematoamelor-echimozelor-edemelor-cu-lactoferina-3-ml-newlactoferrin\/\" style=\"color:rgba(158,32,102,1);text-decoration:underline\">New Lactoferrin, plic 3ml<\/a><\/div>\n<p><span style=\"color: red\">*Acest produs este destinat utiliz\u0103rii exclusive de c\u0103tre medici speciali\u0219ti!<\/span><\/p>","protected":false},"featured_media":3540,"template":"","meta":[],"product_brand":[],"product_cat":[38,37,58,59,36,370],"product_tag":[],"class_list":{"0":"post-3538","1":"product","2":"type-product","3":"status-publish","4":"has-post-thumbnail","6":"product_cat-mezoterapie","7":"product_cat-aesthetic-dermal","8":"product_cat-aesthetic-dermal-producatori","9":"product_cat-skin-tech","10":"product_cat-skintech","11":"product_cat-tratamente-combinate","13":"first","14":"instock","15":"shipping-taxable","16":"purchasable","17":"product-type-simple"},"_links":{"self":[{"href":"https:\/\/plasmogel.com\/en\/wp-json\/wp\/v2\/product\/3538","targetHints":{"allow":["GET"]}}],"collection":[{"href":"https:\/\/plasmogel.com\/en\/wp-json\/wp\/v2\/product"}],"about":[{"href":"https:\/\/plasmogel.com\/en\/wp-json\/wp\/v2\/types\/product"}],"wp:featuredmedia":[{"embeddable":true,"href":"https:\/\/plasmogel.com\/en\/wp-json\/wp\/v2\/media\/3540"}],"wp:attachment":[{"href":"https:\/\/plasmogel.com\/en\/wp-json\/wp\/v2\/media?parent=3538"}],"wp:term":[{"taxonomy":"product_brand","embeddable":true,"href":"https:\/\/plasmogel.com\/en\/wp-json\/wp\/v2\/product_brand?post=3538"},{"taxonomy":"product_cat","embeddable":true,"href":"https:\/\/plasmogel.com\/en\/wp-json\/wp\/v2\/product_cat?post=3538"},{"taxonomy":"product_tag","embeddable":true,"href":"https:\/\/plasmogel.com\/en\/wp-json\/wp\/v2\/product_tag?post=3538"}],"curies":[{"name":"wp","href":"https:\/\/api.w.org\/{rel}","templated":true}]}}