{"id":3560,"date":"2025-02-04T14:36:18","date_gmt":"2025-02-04T12:36:18","guid":{"rendered":"https:\/\/plasmogel.com\/?post_type=product&#038;p=3560"},"modified":"2026-03-17T16:39:06","modified_gmt":"2026-03-17T14:39:06","slug":"seringi-insulina-0-5-ml-cu-ac-atasat-30g-x-8mm-100-buc-bd","status":"publish","type":"product","link":"https:\/\/plasmogel.com\/en\/product\/seringi-insulina-0-5-ml-cu-ac-atasat-30g-x-8mm-100-buc-bd\/","title":{"rendered":"Seringi insulin\u0103 0.5 ml cu ac ata\u0219at, 30G x 8mm, 100 buc, BD Micro Fine"},"content":{"rendered":"<h2>Seringi insulin\u0103 0.5 ml cu ac ata\u0219at BD Micro-Fine (100 buc)<\/h2>\n<p data-start=\"407\" data-end=\"606\"><strong data-start=\"407\" data-end=\"468\">Seringi insulin\u0103 0.5 ml cu ac ata\u0219at 30G \u00d7 8 mm \u2013 BD<\/strong> sunt dispozitive medicale de unic\u0103 folosin\u021b\u0103, concepute pentru administrarea precis\u0103 \u0219i sigur\u0103 a unor volume mici de solu\u021bii injectabile.<\/p>\n<p data-start=\"608\" data-end=\"819\">Volumul de <strong data-start=\"619\" data-end=\"629\">0.5 ml<\/strong> \u0219i <strong data-start=\"633\" data-end=\"650\">gradarea fin\u0103<\/strong> permit dozarea exact\u0103, fiind ideale pentru administrarea <strong data-start=\"708\" data-end=\"721\">insulinei<\/strong>, dar \u0219i pentru alte aplica\u021bii precum <strong data-start=\"759\" data-end=\"818\">vitamine, tratamente subcutanate sau proceduri estetice<\/strong>.<\/p>\n<p data-start=\"821\" data-end=\"1104\">Seringa este prev\u0103zut\u0103 cu <strong data-start=\"847\" data-end=\"901\">ac foarte sub\u021bire 30G (0.3 mm) cu lungimea de 8 mm<\/strong>, care asigur\u0103 <strong data-start=\"916\" data-end=\"948\">injec\u021bii mai pu\u021bin dureroase<\/strong> \u0219i un nivel ridicat de confort pentru pacient. Acul este <strong data-start=\"1006\" data-end=\"1026\">ata\u0219at permanent<\/strong>, elimin\u00e2nd riscul de scurgeri \u0219i oferind stabilitate \u00een timpul administr\u0103rii.<\/p>\n<p data-start=\"1106\" data-end=\"1260\">Fiecare sering\u0103 este <strong data-start=\"1127\" data-end=\"1195\">steril\u0103, ambalat\u0103 individual \u0219i destinat\u0103 unei singure utiliz\u0103ri<\/strong>, respect\u00e2nd standardele interna\u021bionale de calitate \u0219i siguran\u021b\u0103.<\/p>\n<h6>SERINGILE BECTON DICKINSON ( BD ) SUNT PRODUSE CONFORM CELOR MAI INALTE STANDARDE DE PRODUC\u021aIE \u0218I \u00ceN CONFORMITATE CU TOATE REGLEMENTARILE APLICABILE.<\/h6>\n<p>Seringi insulin\u0103 0.5 ml cu ac atasat 30G 0,30 X 8 mm.<\/p>\n<ul>\n<li>Scal\u0103 gradat\u0103, cu diviziuni din 10 \u00een 10 \u0219i cu subdiviziuni la mm, pentru un control mai precis al cantit\u0103\u021bii injectate.<\/li>\n<li>Ac ata\u0219at de 30G 0,30 X 8 mm.<\/li>\n<li>Capacitate sering\u0103: 0.5 ml<\/li>\n<li>Ambalate in blistere de 10 buc\u0103\u021bi.<\/li>\n<li>100 buc\/cutie<\/li>\n<\/ul>\n<h3>Instruc\u021biuni de utilizare<\/h3>\n<ul>\n<li>A nu se folosi dac\u0103 ambalajul unitar\/steril ( blisterul ) este deteriorat.<\/li>\n<li>Produs medical de unic\u0103 folosin\u021b\u0103.<\/li>\n<li>Verifica\u021bi data expir\u0103rii \u00eenainte de utilizare.<\/li>\n<li>A se utiliza imediat dup\u0103 scoaterea din ambalaj.<\/li>\n<li>A nu se l\u0103sa la \u00eendem\u00e2na copiilor.<\/li>\n<li>Destinat exclusiv utiliz\u0103rii de c\u0103tre personal calificat.<\/li>\n<li>Depozita\u021bi in locuri uscate \u0219i r\u0103coroase.<\/li>\n<li>A nu se expune la soare, c\u0103ldur\u0103 sau umiditate.<\/li>\n<li>Dup\u0103 utilizare trebuie aruncat conform legisla\u021biei \u00een vigoare.<\/li>\n<li>Nu contin latex, netoxice, apirogenice.<\/li>\n<li>Verifica\u021bi integritatea fiecarei seringi inainte de utilizare.<\/li>\n<li>\u00cendeparta\u021bi capacul alb \u0219i cel colorat av\u00e2nd grij\u0103 s\u0103 nu atinge\u021bi acul.<\/li>\n<\/ul>\n<p>Set 100 seringi \/cutie, ambalate \u00een blistere de c\u00e2te 10 buc\u0103\u021bi.<\/p>\n<p>Aceste seringi sunt utilizate \u00een <strong data-start=\"1576\" data-end=\"1646\">tratamentul diabetului, proceduri medicale, estetice sau cosmetice<\/strong>, precum \u0219i \u00een alte aplica\u021bii unde este necesar\u0103 administrarea precis\u0103 a unor cantit\u0103\u021bi mici de solu\u021bii injectabile.<\/p>","protected":false},"excerpt":{"rendered":"<p>Seringi sterile de <strong data-start=\"141\" data-end=\"151\">0.5 ml<\/strong> cu <strong data-start=\"155\" data-end=\"179\">ac ata\u0219at 30G \u00d7 8 mm<\/strong>, produse de <strong data-start=\"192\" data-end=\"233\"><span class=\"hover:entity-accent entity-underline inline cursor-pointer align-baseline\"><span class=\"whitespace-normal\">Becton Dickinson<\/span><\/span><\/strong>. Ideale pentru administrarea precis\u0103 a <strong data-start=\"273\" data-end=\"286\">insulinei<\/strong>, dar \u0219i pentru alte aplica\u021bii medicale sau estetice care necesit\u0103 dozare fin\u0103 \u0219i confort sporit.<\/p>\n<ul>\n<li>seringi insulin\u0103 0.5 ml<\/li>\n<li>ac atasat 30G 0,30 X 8 mm<\/li>\n<li>1 cutie cu seringi = 100 buc<\/li>\n<li>ambalate c\u00e2te 10 buc\u0103\u021bi \u00een blister<\/li>\n<\/ul>\n<p>Produc\u0103tor seringi : Becton Dickinson ( BD ) \/ Produse \u00een S.U.A.<\/p>\n<p>&nbsp;<\/p>","protected":false},"featured_media":3802,"template":"","meta":[],"product_brand":[],"product_cat":[19,372,69],"product_tag":[235,376,377,379,378],"class_list":{"0":"post-3560","1":"product","2":"type-product","3":"status-publish","4":"has-post-thumbnail","6":"product_cat-consumabile-medicale","7":"product_cat-bd-micro-fine","8":"product_cat-seringi","9":"product_tag-seringi-insulina","10":"product_tag-seringi-insulina-1-ml","11":"product_tag-seringi-insulina-1-0-ml","12":"product_tag-seringi-insulina-bd-micro-fine","13":"product_tag-seringi-insulina-cu-ac-atasat","15":"first","16":"instock","17":"shipping-taxable","18":"purchasable","19":"product-type-simple"},"_links":{"self":[{"href":"https:\/\/plasmogel.com\/en\/wp-json\/wp\/v2\/product\/3560","targetHints":{"allow":["GET"]}}],"collection":[{"href":"https:\/\/plasmogel.com\/en\/wp-json\/wp\/v2\/product"}],"about":[{"href":"https:\/\/plasmogel.com\/en\/wp-json\/wp\/v2\/types\/product"}],"wp:featuredmedia":[{"embeddable":true,"href":"https:\/\/plasmogel.com\/en\/wp-json\/wp\/v2\/media\/3802"}],"wp:attachment":[{"href":"https:\/\/plasmogel.com\/en\/wp-json\/wp\/v2\/media?parent=3560"}],"wp:term":[{"taxonomy":"product_brand","embeddable":true,"href":"https:\/\/plasmogel.com\/en\/wp-json\/wp\/v2\/product_brand?post=3560"},{"taxonomy":"product_cat","embeddable":true,"href":"https:\/\/plasmogel.com\/en\/wp-json\/wp\/v2\/product_cat?post=3560"},{"taxonomy":"product_tag","embeddable":true,"href":"https:\/\/plasmogel.com\/en\/wp-json\/wp\/v2\/product_tag?post=3560"}],"curies":[{"name":"wp","href":"https:\/\/api.w.org\/{rel}","templated":true}]}}