{"id":3572,"date":"2025-02-21T11:32:08","date_gmt":"2025-02-21T09:32:08","guid":{"rendered":"https:\/\/plasmogel.com\/?post_type=product&#038;p=3572"},"modified":"2026-03-05T10:40:18","modified_gmt":"2026-03-05T08:40:18","slug":"solutie-avansata-pentru-regenerare-cutanata-exozomi-plasmogel","status":"publish","type":"product","link":"https:\/\/plasmogel.com\/en\/product\/solutie-avansata-pentru-regenerare-cutanata-exozomi-plasmogel\/","title":{"rendered":"Solu\u021bie avansat\u0103 pentru regenerare cutanat\u0103, Exozomi Plasmogel"},"content":{"rendered":"<p><span style=\"font-size: medium\"><b>Exozomi Plasmogel \u2013 Solu\u021bie avansat\u0103 pentru regenerare cutanat\u0103<\/b><\/span><\/p>\n<p>Exozomii PLASMOGEL sunt un booster cutanat de \u00eenalt\u0103 puritate, formula\u021bi cu polinucleotide ADN, peptide \u0219i exozomi vegetali. Produsul este destinat utiliz\u0103rii medicale \u00een tratamentele de regenerare cutanat\u0103, av\u00e2nd rolul de a stimula procesele naturale de re\u00eennoire celular\u0103 prin activarea produc\u021biei endogene de colagen \u0219i elastin\u0103.<\/p>\n<p>Indica\u021bii \u0219i beneficii:<br \/>\nExozomii PLASMOGEL sunt recomanda\u021bi \u00een protocoalele estetice minim invazive pentru:<br \/>\n&#8211; Rejuvenarea \u0219i revitalizarea pielii prin stimularea proceselor regenerative;<br \/>\n&#8211; Reducerea liniilor fine \u0219i \u00eembun\u0103t\u0103\u021birea fermit\u0103\u021bii cutanate;<br \/>\n&#8211; Accelerarea vindec\u0103rii dup\u0103 proceduri estetice (laser, peeling chimic, microneedling);<br \/>\n&#8211; Restabilirea echilibrului hidrolipidic \u0219i cre\u0219terea elasticit\u0103\u021bii pielii.<\/p>\n<p>Compozi\u021bie activ\u0103:<br \/>\n&#8211; Exozomi vegetali: optimizeaz\u0103 comunicarea celular\u0103 \u0219i stimuleaz\u0103 regenerarea tisular\u0103;<br \/>\n&#8211; Polinucleotide ADN: favorizeaz\u0103 repararea \u021besuturilor \u0219i sinteza de colagen;<br \/>\n&#8211; Peptide biomimetice: accelereaz\u0103 procesele de vindecare \u0219i \u00eent\u0103rire a barierei cutanate;<br \/>\n&#8211; Hialuronat de sodiu: hidrateaz\u0103 intens \u0219i men\u021bine elasticitatea pielii.<\/p>\n<p>Mod de aplicare:<br \/>\n&#8211; Se aplic\u0103 prin tehnici adecvate de mezoterapie sau micro-needling \u00een zona fe\u021bei, decolteului, m\u00e2inilor, dup\u0103 dezinfectarea zonei tratate.<br \/>\n&#8211; Se maseaz\u0103 u\u0219or p\u00e2n\u0103 la absorb\u021bia complet\u0103.<br \/>\n&#8211; Dozajul \u0219i frecven\u021ba aplic\u0103rii se stabilesc conform protocolului terapeutic personalizat.<\/p>\n<p>Precau\u021bii \u0219i contraindica\u021bii:<br \/>\n&#8211; A nu se utiliza pe pielea cu infec\u021bii active, inflama\u021bii sau leziuni deschise.<br \/>\n&#8211; Contraindicat persoanelor cu hipersensibilitate la oricare dintre componente.<br \/>\n&#8211; Nu se utilizeaz\u0103 \u00een timpul sarcinii sau al\u0103pt\u0103rii.<br \/>\n&#8211; Nu se injecteaz\u0103.<\/p>\n<p>Condi\u021bii de p\u0103strare:<br \/>\n&#8211; A se p\u0103stra la temperaturi \u00eentre 2\u00b0C \u0219i 18\u00b0C, ferit de surse de c\u0103ldur\u0103.<br \/>\n&#8211; A nu se congela.<\/p>","protected":false},"excerpt":{"rendered":"<p><span style=\"font-size: medium\"><b>Solu\u021bie avansat\u0103 pentru regenerare cutanat\u0103. Exozomi Plasmogel<\/b><\/span><\/p>\n<p>1 flacon x 5 ml<\/p>","protected":false},"featured_media":3573,"template":"","meta":[],"product_brand":[],"product_cat":[30,38,66,370,40],"product_tag":[],"class_list":{"0":"post-3572","1":"product","2":"type-product","3":"status-publish","4":"has-post-thumbnail","6":"product_cat-plasmogel","7":"product_cat-mezoterapie","8":"product_cat-prp","9":"product_cat-tratamente-combinate","10":"product_cat-tratamente-faciale-masti-seruri-etc","12":"first","13":"outofstock","14":"shipping-taxable","15":"purchasable","16":"product-type-simple"},"_links":{"self":[{"href":"https:\/\/plasmogel.com\/en\/wp-json\/wp\/v2\/product\/3572","targetHints":{"allow":["GET"]}}],"collection":[{"href":"https:\/\/plasmogel.com\/en\/wp-json\/wp\/v2\/product"}],"about":[{"href":"https:\/\/plasmogel.com\/en\/wp-json\/wp\/v2\/types\/product"}],"wp:featuredmedia":[{"embeddable":true,"href":"https:\/\/plasmogel.com\/en\/wp-json\/wp\/v2\/media\/3573"}],"wp:attachment":[{"href":"https:\/\/plasmogel.com\/en\/wp-json\/wp\/v2\/media?parent=3572"}],"wp:term":[{"taxonomy":"product_brand","embeddable":true,"href":"https:\/\/plasmogel.com\/en\/wp-json\/wp\/v2\/product_brand?post=3572"},{"taxonomy":"product_cat","embeddable":true,"href":"https:\/\/plasmogel.com\/en\/wp-json\/wp\/v2\/product_cat?post=3572"},{"taxonomy":"product_tag","embeddable":true,"href":"https:\/\/plasmogel.com\/en\/wp-json\/wp\/v2\/product_tag?post=3572"}],"curies":[{"name":"wp","href":"https:\/\/api.w.org\/{rel}","templated":true}]}}