{"id":3702,"date":"2026-01-16T15:14:36","date_gmt":"2026-01-16T13:14:36","guid":{"rendered":"https:\/\/plasmogel.com\/?post_type=product&#038;p=3702"},"modified":"2026-01-16T15:14:36","modified_gmt":"2026-01-16T13:14:36","slug":"punga-cu-gheata-instant-14x18-cm-dispo-easy-ice-compresa-rece-de-unica-folosinta","status":"publish","type":"product","link":"https:\/\/plasmogel.com\/en\/product\/punga-cu-gheata-instant-14x18-cm-dispo-easy-ice-compresa-rece-de-unica-folosinta\/","title":{"rendered":"Pung\u0103 cu ghea\u021b\u0103 instant 14\u00d718 cm \u2013 Dispo Easy Ice, compres\u0103 rece de unic\u0103 folosin\u021b\u0103"},"content":{"rendered":"<p data-start=\"776\" data-end=\"1186\"><strong data-start=\"776\" data-end=\"824\">Punga gheata instant 14\u00d718 cm Dispo Easy Ice<\/strong> este o compres\u0103 rece de unic\u0103 folosin\u021b\u0103 care ofer\u0103 r\u0103cire imediat\u0103 pentru situa\u021bii \u00een care ave\u021bi nevoie de terapie rece f\u0103r\u0103 a avea acces la ghea\u021b\u0103 tradi\u021bional\u0103. Acest produs este ideal pentru calmarea durerii, reducerea umfl\u0103turilor \u0219i pentru a sprijini recuperarea dup\u0103 leziuni minore, hematoame, entorse sau hipertermie.<\/p>\n<h3 data-start=\"1188\" data-end=\"1220\">\ud83d\udd39 Caracteristici principale<\/h3>\n<ul data-start=\"1221\" data-end=\"1902\">\n<li data-start=\"1221\" data-end=\"1441\">\n<p data-start=\"1223\" data-end=\"1441\"><strong data-start=\"1223\" data-end=\"1245\">Activare instant\u0103:<\/strong> Pur \u0219i simplu sparge\u021bi bula intern\u0103 de ap\u0103 prin comprimare pentru a declan\u0219a reac\u021bia care duce la sc\u0103derea rapid\u0103 a temperaturii p\u00e2n\u0103 la aproximativ -4 \u00b0C.<\/p>\n<\/li>\n<li data-start=\"1442\" data-end=\"1590\">\n<p data-start=\"1444\" data-end=\"1590\"><strong data-start=\"1444\" data-end=\"1476\">F\u0103r\u0103 necesitatea congel\u0103rii:<\/strong> Utilizarea nu presupune refrigerare prealabil\u0103 \u2014 gata de folosit imediat.<\/p>\n<\/li>\n<li data-start=\"1591\" data-end=\"1779\">\n<p data-start=\"1593\" data-end=\"1779\"><strong data-start=\"1593\" data-end=\"1617\">Portabil\u0103 \u0219i comod\u0103:<\/strong> Dimensiunea compact\u0103 de 14 \u00d7 18 cm o face u\u0219or de introdus \u00een trusa de prim ajutor, geant\u0103 de sport sau kit de c\u0103l\u0103torie.<\/p>\n<\/li>\n<li data-start=\"1780\" data-end=\"1902\">\n<p data-start=\"1782\" data-end=\"1902\"><strong data-start=\"1782\" data-end=\"1804\">Utilizare extern\u0103:<\/strong> Produs de unic\u0103 folosin\u021b\u0103, destinat exclusiv uzului extern.<\/p>\n<\/li>\n<\/ul>\n<h3 data-start=\"1904\" data-end=\"1933\">\ud83d\udd39 Indica\u021bii de utilizare<\/h3>\n<p data-start=\"1934\" data-end=\"1982\">Aceast\u0103 pung\u0103 cu ghea\u021b\u0103 este potrivit\u0103 pentru:<\/p>\n<ul data-start=\"1983\" data-end=\"2166\">\n<li data-start=\"1983\" data-end=\"2008\">\n<p data-start=\"1985\" data-end=\"2008\">hematoame \u0219i echimoze<\/p>\n<\/li>\n<li data-start=\"2009\" data-end=\"2044\">\n<p data-start=\"2011\" data-end=\"2044\">entorse sau \u00eentinderi musculare<\/p>\n<\/li>\n<li data-start=\"2045\" data-end=\"2069\">\n<p data-start=\"2047\" data-end=\"2069\">leziuni superficiale<\/p>\n<\/li>\n<li data-start=\"2070\" data-end=\"2166\">\n<p data-start=\"2072\" data-end=\"2166\">hipertermie \u0219i situa\u021bii ce necesit\u0103 aplicare rece rapid\u0103<\/p>\n<\/li>\n<\/ul>\n<h3 data-start=\"2168\" data-end=\"2192\">\ud83d\udd39 Cum se utilizeaz\u0103<\/h3>\n<ol data-start=\"2193\" data-end=\"2543\">\n<li data-start=\"2193\" data-end=\"2284\">\n<p data-start=\"2196\" data-end=\"2284\">\u021aine\u021bi punga cu ambele m\u00e2ini \u0219i <strong data-start=\"2228\" data-end=\"2252\">sparge\u021bi bula cu ap\u0103<\/strong> din interior prin comprimare.<\/p>\n<\/li>\n<li data-start=\"2285\" data-end=\"2332\">\n<p data-start=\"2288\" data-end=\"2332\">Agita\u021bi u\u0219or pentru a amesteca con\u021binutul.<\/p>\n<\/li>\n<li data-start=\"2333\" data-end=\"2543\">\n<p data-start=\"2336\" data-end=\"2543\">Aplica\u021bi pe zona afectat\u0103 pentru un efect calmant instant.<br data-start=\"2394\" data-end=\"2397\" \/>\ud83d\udc49 Limita\u021bi contactul cu pielea la maximum ~15 minute pentru a evita disconfortul din cauza frigului intens.<\/p>\n<\/li>\n<\/ol>\n<h3 data-start=\"2545\" data-end=\"2561\">\ud83d\udd39 Precau\u021bii<\/h3>\n<ul data-start=\"2562\" data-end=\"2885\">\n<li data-start=\"2562\" data-end=\"2613\">\n<p data-start=\"2564\" data-end=\"2613\">Folosi\u021bi <strong data-start=\"2573\" data-end=\"2588\">doar extern<\/strong> \u0219i <strong data-start=\"2592\" data-end=\"2610\">o singur\u0103 dat\u0103<\/strong>.<\/p>\n<\/li>\n<li data-start=\"2614\" data-end=\"2679\">\n<p data-start=\"2616\" data-end=\"2679\">Evita\u021bi contactul cu ochii \u0219i nu l\u0103sa\u021bi la \u00eendem\u00e2na copiilor.<\/p>\n<\/li>\n<li data-start=\"2680\" data-end=\"2789\">\n<p data-start=\"2682\" data-end=\"2789\">\u00cen caz de ingerare sau contact accidental cu con\u021binutul, cl\u0103ti\u021bi cu ap\u0103 \u0219i solicita\u021bi asisten\u021b\u0103 medical\u0103.<\/p>\n<\/li>\n<li data-start=\"2790\" data-end=\"2885\">\n<p data-start=\"2792\" data-end=\"2885\">Nu se aplic\u0103 direct pe leziuni deschise f\u0103r\u0103 protec\u021bie.<\/p>\n<\/li>\n<\/ul>\n<p data-start=\"2887\" data-end=\"2999\"><strong data-start=\"2887\" data-end=\"2900\">Con\u021binut:<\/strong> amestec de s\u0103ruri azotate \u0219i ap\u0103<br data-start=\"2933\" data-end=\"2936\" \/><strong data-start=\"2936\" data-end=\"2950\">Cantitate:<\/strong> 1 bucat\u0103<\/p>","protected":false},"excerpt":{"rendered":"<p>Punga cu ghea\u021b\u0103 instant <em data-start=\"387\" data-end=\"403\">Dispo Easy Ice<\/em> ofer\u0103 o solu\u021bie rapid\u0103 \u0219i simpl\u0103 de terapie rece atunci c\u00e2nd este necesar\u0103 reducerea durerii, a edemelor sau a hematoamelor f\u0103r\u0103 a folosi frigider sau congelator.<\/p>\n<p>Se activeaz\u0103 imediat prin comprimare \u0219i se aplic\u0103 direct pe zona afectat\u0103.<\/p>\n<p>Perfect\u0103 pentru prim ajutor \u00een sport, acas\u0103 sau \u00een context medical.<\/p>","protected":false},"featured_media":3703,"template":"","meta":[],"product_brand":[],"product_cat":[66],"product_tag":[],"class_list":{"0":"post-3702","1":"product","2":"type-product","3":"status-publish","4":"has-post-thumbnail","6":"product_cat-prp","8":"first","9":"instock","10":"shipping-taxable","11":"purchasable","12":"product-type-simple"},"_links":{"self":[{"href":"https:\/\/plasmogel.com\/en\/wp-json\/wp\/v2\/product\/3702","targetHints":{"allow":["GET"]}}],"collection":[{"href":"https:\/\/plasmogel.com\/en\/wp-json\/wp\/v2\/product"}],"about":[{"href":"https:\/\/plasmogel.com\/en\/wp-json\/wp\/v2\/types\/product"}],"wp:featuredmedia":[{"embeddable":true,"href":"https:\/\/plasmogel.com\/en\/wp-json\/wp\/v2\/media\/3703"}],"wp:attachment":[{"href":"https:\/\/plasmogel.com\/en\/wp-json\/wp\/v2\/media?parent=3702"}],"wp:term":[{"taxonomy":"product_brand","embeddable":true,"href":"https:\/\/plasmogel.com\/en\/wp-json\/wp\/v2\/product_brand?post=3702"},{"taxonomy":"product_cat","embeddable":true,"href":"https:\/\/plasmogel.com\/en\/wp-json\/wp\/v2\/product_cat?post=3702"},{"taxonomy":"product_tag","embeddable":true,"href":"https:\/\/plasmogel.com\/en\/wp-json\/wp\/v2\/product_tag?post=3702"}],"curies":[{"name":"wp","href":"https:\/\/api.w.org\/{rel}","templated":true}]}}