{"id":3756,"date":"2026-03-16T17:13:37","date_gmt":"2026-03-16T15:13:37","guid":{"rendered":"https:\/\/plasmogel.com\/?post_type=product&#038;p=3756"},"modified":"2026-03-17T11:23:53","modified_gmt":"2026-03-17T09:23:53","slug":"seringi-insulina-0-5ml-ac-100buc","status":"publish","type":"product","link":"https:\/\/plasmogel.com\/en\/product\/seringi-insulina-0-5ml-ac-100buc\/","title":{"rendered":"Seringi insulin\u0103 0.5 ml cu ac ata\u0219at 30Gx8mm, 100buc, Farmac-Zabban"},"content":{"rendered":"<p data-start=\"394\" data-end=\"598\"><strong data-start=\"394\" data-end=\"462\">Seringi insulin\u0103 0.5 ml cu ac ata\u0219at 30G \u00d7 8 mm \u2013 Farmac-Zabban (FZ)<\/strong> sunt dispozitive medicale sterile de unic\u0103 folosin\u021b\u0103, concepute pentru administrarea precis\u0103 \u0219i sigur\u0103 a insulinei precum \u0219i a unor volume mici de solu\u021bii injectabile.<\/p>\n<p data-start=\"600\" data-end=\"913\">Volumul redus \u0219i <strong data-start=\"617\" data-end=\"645\">gradarea fin\u0103 a seringii<\/strong> permit dozarea exact\u0103, fiind potrivite pentru proceduri care necesit\u0103 precizie ridicat\u0103. <strong data-start=\"735\" data-end=\"784\">Acul sub\u021bire 30G (0.3 mm) cu lungimea de 8 mm<\/strong> este conceput pentru injec\u021bii superficiale sau subcutanate, oferind un nivel ridicat de confort \u0219i control \u00een timpul utiliz\u0103rii.<\/p>\n<p data-start=\"915\" data-end=\"1186\">Acul este <strong data-start=\"925\" data-end=\"945\">ata\u0219at permanent<\/strong>, ceea ce reduce riscul de pierdere a solu\u021biei \u0219i asigur\u0103 o administrare stabil\u0103. Fiecare sering\u0103 este <strong data-start=\"1048\" data-end=\"1082\">steril\u0103 \u0219i ambalat\u0103 individual<\/strong>, fiind destinat\u0103 <strong data-start=\"1100\" data-end=\"1126\">unei singure utiliz\u0103ri<\/strong>, conform standardelor europene pentru dispozitive medicale.<\/p>\n<p>&nbsp;<\/p>\n<p>Sunt produse conform celor mai inalte standarde de produc\u021bie \u0219i \u00een conformitate cu toate reglementarile aplicabile:<\/p>\n<ul>\n<li>UNI EN 7886 care prive\u0219te corpul seringii \u0219i componentele sale,<\/li>\n<li>UNI EN 7864, care se refer\u0103 la fabricarea acului \u0219i a materialelor din care este compus,<\/li>\n<li>UNI EN ISO 6009 care se refer\u0103 la codurile de culoare ale acelor,<\/li>\n<li>UNI EN 20594 cu referire la parametrii luerului,<\/li>\n<li>UNI EN 9626 privind compozi\u021bia o\u021belului pentru ac.<\/li>\n<\/ul>\n<h3>Descriere<\/h3>\n<ul>\n<li>Seringa este alcatuit\u0103 din 3 p\u0103r\u021bi: corp transparent, piston \u0219i garnitur\u0103.<\/li>\n<li>Scal\u0103 gradat\u0103, cu diviziuni din 10 \u00een 10\u00a0 \u0219i cu subdiviziuni la mm, pentru un control mai precis al cantit\u0103\u021bii injectate.<\/li>\n<li>Ambalate individual \u00een polietilen\u0103 \u0219i h\u00e2rtie medical\u0103.<\/li>\n<li>Ac ata\u0219at de 30G x 8 mm.<\/li>\n<li>Marcaj CE.<\/li>\n<\/ul>\n<h3><strong>Instruc\u021biuni de utilizare<\/strong><\/h3>\n<ul>\n<li>A nu se folosi dac\u0103 ambalajul unitar\/steril ( blisterul ) este deteriorat<\/li>\n<li>Produs medical de unic\u0103 folosin\u021b\u0103<\/li>\n<li>Verifica\u021bi data expir\u0103rii \u00eenainte de utilizare<\/li>\n<li>A se utiliza imediat dup\u0103 scoaterea din ambalaj<\/li>\n<li>A nu se l\u0103sa la \u00eendem\u00e2na copiilor<\/li>\n<li>Destinat exclusiv utiliz\u0103rii de c\u0103tre personal calificat<\/li>\n<li>Depozita\u021bi in locuri uscate \u0219i r\u0103coroase<\/li>\n<li>A nu se expune la soare, c\u0103ldur\u0103 sau umiditate<\/li>\n<li>Dup\u0103 utilizare trebuie aruncat conform legisla\u021biei \u00een vigoare.<\/li>\n<\/ul>\n<p>Set 100 seringi \/cutie, ambalate individual.<\/p>\n<p>Aceste seringi sunt utilizate \u00een <strong data-start=\"1421\" data-end=\"1552\">tratamentul diabetului \u0219i alte aplica\u021bii medicale care necesit\u0103 administrarea precis\u0103 a unor volume mici de solu\u021bii injectabile<\/strong>.<\/p>","protected":false},"excerpt":{"rendered":"<p>Seringi <strong data-start=\"138\" data-end=\"157\">insulin\u0103 0.5 ml<\/strong> cu <strong data-start=\"161\" data-end=\"185\">ac ata\u0219at 30G \u00d7 8 mm<\/strong>, fabricate de <strong data-start=\"200\" data-end=\"241\"><span class=\"hover:entity-accent entity-underline inline cursor-pointer align-baseline\"><span class=\"whitespace-normal\">Farmac-Zabban<\/span><\/span><\/strong>. Concepute pentru administrarea precis\u0103 a insulinei, cu gradare fin\u0103 \u0219i ac sub\u021bire pentru injec\u021bii confortabile.<br \/>\nIdeale pentru administrarea precis\u0103 a unor volume mici \u00een aplica\u021bii medicale, estetice sau cosmetice, datorit\u0103 grad\u0103rii fine \u0219i acului foarte sub\u021bire.<\/p>\n<ul>\n<li>Volum 0.5 ml<\/li>\n<li>Ac 30G x 8mm<\/li>\n<li>\u00a0100 buc\/cutie<\/li>\n<li>Ambalate individual.<\/li>\n<li>Produc\u0103tor: Farmac-Zabban<\/li>\n<li>Produs \u00een: Italia<\/li>\n<\/ul>\n<p>&nbsp;<\/p>","protected":false},"featured_media":3767,"template":"","meta":[],"product_brand":[],"product_cat":[19,67,69],"product_tag":[],"class_list":{"0":"post-3756","1":"product","2":"type-product","3":"status-publish","4":"has-post-thumbnail","6":"product_cat-consumabile-medicale","7":"product_cat-farmac-zabban","8":"product_cat-seringi","10":"first","11":"instock","12":"shipping-taxable","13":"purchasable","14":"product-type-simple"},"_links":{"self":[{"href":"https:\/\/plasmogel.com\/en\/wp-json\/wp\/v2\/product\/3756","targetHints":{"allow":["GET"]}}],"collection":[{"href":"https:\/\/plasmogel.com\/en\/wp-json\/wp\/v2\/product"}],"about":[{"href":"https:\/\/plasmogel.com\/en\/wp-json\/wp\/v2\/types\/product"}],"wp:featuredmedia":[{"embeddable":true,"href":"https:\/\/plasmogel.com\/en\/wp-json\/wp\/v2\/media\/3767"}],"wp:attachment":[{"href":"https:\/\/plasmogel.com\/en\/wp-json\/wp\/v2\/media?parent=3756"}],"wp:term":[{"taxonomy":"product_brand","embeddable":true,"href":"https:\/\/plasmogel.com\/en\/wp-json\/wp\/v2\/product_brand?post=3756"},{"taxonomy":"product_cat","embeddable":true,"href":"https:\/\/plasmogel.com\/en\/wp-json\/wp\/v2\/product_cat?post=3756"},{"taxonomy":"product_tag","embeddable":true,"href":"https:\/\/plasmogel.com\/en\/wp-json\/wp\/v2\/product_tag?post=3756"}],"curies":[{"name":"wp","href":"https:\/\/api.w.org\/{rel}","templated":true}]}}