{"id":3761,"date":"2026-03-17T10:35:56","date_gmt":"2026-03-17T08:35:56","guid":{"rendered":"https:\/\/plasmogel.com\/?post_type=product&#038;p=3761"},"modified":"2026-03-17T12:11:18","modified_gmt":"2026-03-17T10:11:18","slug":"seringi-insulina-1ml-ac-27gx13mm-100buc","status":"publish","type":"product","link":"https:\/\/plasmogel.com\/en\/product\/seringi-insulina-1ml-ac-27gx13mm-100buc\/","title":{"rendered":"Seringi insulin\u0103 1 ml cu ac 27Gx13mm, 100buc, Farmac-Zabban"},"content":{"rendered":"<p data-start=\"391\" data-end=\"589\"><strong data-start=\"391\" data-end=\"461\">Seringile inculin\u0103 1 ml cu ac deta\u0219abil 27G \u00d7 13 mm \u2013 Farmac-Zabban (FZ)<\/strong> sunt dispozitive medicale de unic\u0103 folosin\u021b\u0103, concepute pentru administrarea precis\u0103 a unor volume mici de solu\u021bii injectabile.<\/p>\n<p data-start=\"591\" data-end=\"867\">Datorit\u0103 volumului de <strong data-start=\"613\" data-end=\"638\">1 ml \u0219i grad\u0103rii fine<\/strong>, aceste seringi permit dozare exact\u0103 \u0219i control bun \u00een timpul utiliz\u0103rii. <strong data-start=\"713\" data-end=\"755\">Acul 27G (0.4 mm) cu lungimea de 13 mm<\/strong> este potrivit pentru injec\u021bii superficiale sau subcutanate \u0219i ofer\u0103 un echilibru bun \u00eentre precizie \u0219i confort.<\/p>\n<p data-start=\"869\" data-end=\"1004\">Sistemul cu <strong data-start=\"881\" data-end=\"897\">ac deta\u0219abil<\/strong> ofer\u0103 flexibilitate \u00een utilizare \u0219i permite schimbarea acului dac\u0103 este necesar pentru diferite proceduri.<\/p>\n<p data-start=\"1006\" data-end=\"1151\">Seringile sunt <strong data-start=\"1021\" data-end=\"1089\">sterile, ambalate individual \u0219i destinate unei singure utiliz\u0103ri<\/strong>, respect\u00e2nd standardele europene pentru dispozitive medicale.<\/p>\n<p>Sunt produse conform celor mai inalte standarde de produc\u021bie \u0219i \u00een conformitate cu toate reglementarile aplicabile:<\/p>\n<ul>\n<li>UNI EN 7886 care prive\u0219te corpul seringii \u0219i componentele sale,<\/li>\n<li>UNI EN 7864, care se refer\u0103 la fabricarea acului \u0219i a materialelor din care este compus,<\/li>\n<li>UNI EN ISO 6009 care se refer\u0103 la codurile de culoare ale acelor,<\/li>\n<li>UNI EN 20594 cu referire la parametrii luerului,<\/li>\n<li>UNI EN 9626 privind compozi\u021bia o\u021belului pentru ac.<\/li>\n<\/ul>\n<h3>Descriere<\/h3>\n<ul>\n<li>Seringa este alcatuit\u0103 din 3 p\u0103r\u021bi: corp transparent, piston \u0219i garnitur\u0103.<\/li>\n<li>Scal\u0103 gradat\u0103, cu diviziuni din 10 \u00een 10\u00a0 \u0219i cu subdiviziuni la mm, pentru un control mai precis al cantit\u0103\u021bii injectate.<\/li>\n<li>Ambalate individual \u00een polietilen\u0103 \u0219i h\u00e2rtie medical\u0103.<\/li>\n<li>Ac ata\u0219at de 27G x 13 mm.<\/li>\n<li>Marcaj CE.<\/li>\n<\/ul>\n<h3><strong>Instruc\u021biuni de utilizare<\/strong><\/h3>\n<ul>\n<li>A nu se folosi dac\u0103 ambalajul unitar\/steril ( blisterul ) este deteriorat<\/li>\n<li>Produs medical de unic\u0103 folosin\u021b\u0103<\/li>\n<li>Verifica\u021bi data expir\u0103rii \u00eenainte de utilizare<\/li>\n<li>A se utiliza imediat dup\u0103 scoaterea din ambalaj<\/li>\n<li>A nu se l\u0103sa la \u00eendem\u00e2na copiilor<\/li>\n<li>Destinat exclusiv utiliz\u0103rii de c\u0103tre personal calificat<\/li>\n<li>Depozita\u021bi in locuri uscate \u0219i r\u0103coroase<\/li>\n<li>A nu se expune la soare, c\u0103ldur\u0103 sau umiditate<\/li>\n<li>Dup\u0103 utilizare trebuie aruncat conform legisla\u021biei \u00een vigoare.<\/li>\n<\/ul>\n<p>Set 100 seringi \/cutie, ambalate individual.<\/p>\n<p>Aceste seringi pot fi utilizate pentru <strong data-start=\"1423\" data-end=\"1540\">administrarea insulinei, vitaminelor, medicamentelor injectabile, tratamente estetice sau alte aplica\u021bii medicale<\/strong> care necesit\u0103 dozare precis\u0103 a unor volume mici de solu\u021bii.<\/p>","protected":false},"excerpt":{"rendered":"<p>Seringi insulin\u0103 <strong data-start=\"128\" data-end=\"136\">1 ml<\/strong> cu <strong data-start=\"140\" data-end=\"168\">ac deta\u0219abil 27G \u00d7 13 mm<\/strong>, fabricate de <strong data-start=\"183\" data-end=\"224\"><span class=\"hover:entity-accent entity-underline inline cursor-pointer align-baseline\"><span class=\"whitespace-normal\">Farmac-Zabban<\/span><\/span><\/strong>. Potrivite pentru administrarea precis\u0103 a unor volume mici, inclusiv <strong data-start=\"294\" data-end=\"366\">insulin\u0103, vitamine, tratamente estetice sau alte solu\u021bii injectabile<\/strong>.<\/p>\n<ul>\n<li>Volum 1.0 ml<\/li>\n<li>Ac 27G x 13mm<\/li>\n<li>\u00a0100 buc\/cutie<\/li>\n<li>Ambalate individual.<\/li>\n<li>Produc\u0103tor: Farmac-Zabban<\/li>\n<li>Produs \u00een: Italia<\/li>\n<\/ul>\n<p>&nbsp;<\/p>","protected":false},"featured_media":3771,"template":"","meta":[],"product_brand":[],"product_cat":[69,19,67],"product_tag":[],"class_list":{"0":"post-3761","1":"product","2":"type-product","3":"status-publish","4":"has-post-thumbnail","6":"product_cat-seringi","7":"product_cat-consumabile-medicale","8":"product_cat-farmac-zabban","10":"first","11":"instock","12":"shipping-taxable","13":"purchasable","14":"product-type-simple"},"_links":{"self":[{"href":"https:\/\/plasmogel.com\/en\/wp-json\/wp\/v2\/product\/3761","targetHints":{"allow":["GET"]}}],"collection":[{"href":"https:\/\/plasmogel.com\/en\/wp-json\/wp\/v2\/product"}],"about":[{"href":"https:\/\/plasmogel.com\/en\/wp-json\/wp\/v2\/types\/product"}],"wp:featuredmedia":[{"embeddable":true,"href":"https:\/\/plasmogel.com\/en\/wp-json\/wp\/v2\/media\/3771"}],"wp:attachment":[{"href":"https:\/\/plasmogel.com\/en\/wp-json\/wp\/v2\/media?parent=3761"}],"wp:term":[{"taxonomy":"product_brand","embeddable":true,"href":"https:\/\/plasmogel.com\/en\/wp-json\/wp\/v2\/product_brand?post=3761"},{"taxonomy":"product_cat","embeddable":true,"href":"https:\/\/plasmogel.com\/en\/wp-json\/wp\/v2\/product_cat?post=3761"},{"taxonomy":"product_tag","embeddable":true,"href":"https:\/\/plasmogel.com\/en\/wp-json\/wp\/v2\/product_tag?post=3761"}],"curies":[{"name":"wp","href":"https:\/\/api.w.org\/{rel}","templated":true}]}}