{"id":3766,"date":"2026-03-17T12:15:05","date_gmt":"2026-03-17T10:15:05","guid":{"rendered":"https:\/\/plasmogel.com\/?post_type=product&#038;p=3766"},"modified":"2026-03-17T12:18:00","modified_gmt":"2026-03-17T10:18:00","slug":"seringi-5ml-ac-22gx30mm-100buc","status":"publish","type":"product","link":"https:\/\/plasmogel.com\/en\/product\/seringi-5ml-ac-22gx30mm-100buc\/","title":{"rendered":"Seringi 5ml cu ac 22Gx30mm, 100buc, Farmac-Zabban"},"content":{"rendered":"<p data-start=\"401\" data-end=\"735\"><strong data-start=\"401\" data-end=\"471\">Seringi 5ml cu ac deta\u0219abil 22G \u00d7 30 mm \u2013 Farmac-Zabban (FZ)<\/strong> sunt dispozitive medicale de unic\u0103 folosin\u021b\u0103 concepute pentru administrarea sigur\u0103 \u0219i precis\u0103 a solu\u021biilor injectabile. Fabricate din materiale de \u00eenalt\u0103 calitate, aceste seringi asigur\u0103 o manipulare confortabil\u0103 \u0219i o citire clar\u0103 a grad\u0103rii pentru dozare exact\u0103.<\/p>\n<p data-start=\"737\" data-end=\"970\">Acestea sunt echipate cu <strong data-start=\"762\" data-end=\"802\">ac 22G (0.7 mm) cu lungimea de 30 mm<\/strong>, potrivit pentru diverse proceduri medicale sau estetice, iar sistemul cu <strong data-start=\"877\" data-end=\"893\">ac deta\u0219abil<\/strong> permite flexibilitate \u00een utilizare \u0219i compatibilitate cu alte tipuri de ace.<\/p>\n<p data-start=\"972\" data-end=\"1117\">Seringile sunt <strong data-start=\"987\" data-end=\"1055\">sterile, ambalate individual \u0219i destinate unei singure utiliz\u0103ri<\/strong>, respect\u00e2nd standardele europene pentru dispozitive medicale.<\/p>\n<ul>\n<li>Volum: 5 ml<\/li>\n<li>Ac: 22 G x 30 mm<\/li>\n<li>Ambalate individual \u00een polietilen\u0103 \u0219i h\u00e2rtie medical\u0103<\/li>\n<li>100 buc\/cutie<\/li>\n<li>Produc\u0103tor: Farmac-Zabban<\/li>\n<li>Produs \u00een: Italia<\/li>\n<\/ul>\n<p>Potrivite pentru utilizare \u00een <strong data-start=\"1381\" data-end=\"1447\">clinici, cabinete medicale, laboratoare sau proceduri estetice<\/strong>, unde este necesar\u0103 administrarea controlat\u0103 \u0219i sigur\u0103 a solu\u021biilor injectabile.<\/p>","protected":false},"excerpt":{"rendered":"<p data-start=\"401\" data-end=\"735\"><strong data-start=\"401\" data-end=\"471\">Seringi 5 ml cu ac deta\u0219abil 22G \u00d7 30 mm \u2013 Farmac-Zabban (FZ)<\/strong> sunt dispozitive medicale de unic\u0103 folosin\u021b\u0103 concepute pentru administrarea sigur\u0103 \u0219i precis\u0103 a solu\u021biilor injectabile. Fabricate din materiale de \u00eenalt\u0103 calitate, aceste seringi asigur\u0103 o manipulare confortabil\u0103 \u0219i o citire clar\u0103 a grad\u0103rii pentru dozare exact\u0103.<\/p>\n<ul>\n<li>Volum: 5 ml<\/li>\n<li>Ac: 22 G x 30 mm<\/li>\n<li>Ambalate individual \u00een polietilen\u0103 \u0219i h\u00e2rtie medical\u0103<\/li>\n<li>100 buc\/cutie<\/li>\n<li>Produc\u0103tor: Farmac-Zabban<\/li>\n<li>Produs \u00een: Italia<\/li>\n<\/ul>","protected":false},"featured_media":3774,"template":"","meta":[],"product_brand":[],"product_cat":[19,67,69],"product_tag":[],"class_list":{"0":"post-3766","1":"product","2":"type-product","3":"status-publish","4":"has-post-thumbnail","6":"product_cat-consumabile-medicale","7":"product_cat-farmac-zabban","8":"product_cat-seringi","10":"first","11":"instock","12":"shipping-taxable","13":"purchasable","14":"product-type-simple"},"_links":{"self":[{"href":"https:\/\/plasmogel.com\/en\/wp-json\/wp\/v2\/product\/3766","targetHints":{"allow":["GET"]}}],"collection":[{"href":"https:\/\/plasmogel.com\/en\/wp-json\/wp\/v2\/product"}],"about":[{"href":"https:\/\/plasmogel.com\/en\/wp-json\/wp\/v2\/types\/product"}],"wp:featuredmedia":[{"embeddable":true,"href":"https:\/\/plasmogel.com\/en\/wp-json\/wp\/v2\/media\/3774"}],"wp:attachment":[{"href":"https:\/\/plasmogel.com\/en\/wp-json\/wp\/v2\/media?parent=3766"}],"wp:term":[{"taxonomy":"product_brand","embeddable":true,"href":"https:\/\/plasmogel.com\/en\/wp-json\/wp\/v2\/product_brand?post=3766"},{"taxonomy":"product_cat","embeddable":true,"href":"https:\/\/plasmogel.com\/en\/wp-json\/wp\/v2\/product_cat?post=3766"},{"taxonomy":"product_tag","embeddable":true,"href":"https:\/\/plasmogel.com\/en\/wp-json\/wp\/v2\/product_tag?post=3766"}],"curies":[{"name":"wp","href":"https:\/\/api.w.org\/{rel}","templated":true}]}}