{"id":3782,"date":"2026-03-17T13:53:01","date_gmt":"2026-03-17T11:53:01","guid":{"rendered":"https:\/\/plasmogel.com\/?post_type=product&#038;p=3782"},"modified":"2026-04-03T08:34:18","modified_gmt":"2026-04-03T06:34:18","slug":"seringi-luer-lock-1ml-100buc","status":"publish","type":"product","link":"https:\/\/plasmogel.com\/en\/product\/seringi-luer-lock-1ml-100buc\/","title":{"rendered":"Seringi luer lock 1ml, 100buc, Farmac-Zabban"},"content":{"rendered":"<p data-start=\"340\" data-end=\"525\"><strong data-start=\"340\" data-end=\"400\">Seringi luer lock 1ml \u2013 Farmac-Zabban (FZ)<\/strong> sunt dispozitive medicale de unic\u0103 folosin\u021b\u0103, concepute pentru administrarea controlat\u0103 \u0219i precis\u0103 a solu\u021biilor injectabile.<\/p>\n<p data-start=\"527\" data-end=\"766\">Plasmogel - The Platelete Rich Plasma System <strong data-start=\"536\" data-end=\"562\">Luer Lock (\u00eenfiletare)<\/strong> permite o <strong data-start=\"573\" data-end=\"610\">fixare sigur\u0103 \u0219i stabil\u0103 a acului<\/strong>, prevenind deta\u0219area accidental\u0103 \u0219i asigur\u00e2nd o conexiune etan\u0219\u0103. Acest tip de sistem este preferat \u00een proceduri unde siguran\u021ba \u0219i precizia sunt esen\u021biale.<\/p>\n<p data-start=\"768\" data-end=\"1039\">Volumul de <strong data-start=\"779\" data-end=\"787\">1 ml<\/strong> \u0219i <strong data-start=\"791\" data-end=\"808\">gradarea fin\u0103<\/strong> ofer\u0103 control excelent asupra doz\u0103rii, fiind potrivite pentru administrarea unor cantit\u0103\u021bi mici de solu\u021bii. Seringile se livreaz\u0103 <strong data-start=\"939\" data-end=\"950\">f\u0103r\u0103 ac<\/strong>, oferind flexibilitate \u00een alegerea dimensiunii \u0219i tipului de ac \u00een func\u021bie de procedur\u0103.<\/p>\n<p data-start=\"1041\" data-end=\"1186\">Produsele sunt <strong data-start=\"1056\" data-end=\"1124\">sterile, ambalate individual \u0219i destinate unei singure utiliz\u0103ri<\/strong>, respect\u00e2nd standardele europene pentru dispozitive medicale.<\/p>\n<p data-start=\"1188\" data-end=\"1218\"><strong data-start=\"1188\" data-end=\"1218\">Caracteristici principale:<\/strong><\/p>\n<ul data-start=\"1219\" data-end=\"1457\">\n<li data-section-id=\"1k459e7\" data-start=\"1219\" data-end=\"1236\">volum: <strong data-start=\"1228\" data-end=\"1236\">1 ml<\/strong><\/li>\n<li data-section-id=\"1k459e7\" data-start=\"1219\" data-end=\"1236\">sistem <strong data-start=\"1246\" data-end=\"1272\">Luer Lock (\u00eenfiletare)<\/strong><\/li>\n<li data-section-id=\"15avfge\" data-start=\"1273\" data-end=\"1286\"><strong data-start=\"1275\" data-end=\"1286\">f\u0103r\u0103 ac<\/strong><\/li>\n<li data-section-id=\"1smrhxa\" data-start=\"1287\" data-end=\"1325\">gradare fin\u0103 pentru dozare precis\u0103<\/li>\n<li data-section-id=\"1uwu8y5\" data-start=\"1326\" data-end=\"1356\">conexiune sigur\u0103 \u0219i etan\u0219\u0103<\/li>\n<li data-section-id=\"1nvla1t\" data-start=\"1357\" data-end=\"1391\">ambalare <strong data-start=\"1368\" data-end=\"1391\">steril\u0103 individual\u0103<\/strong><\/li>\n<li data-section-id=\"y2izy5\" data-start=\"1392\" data-end=\"1416\"><strong data-start=\"1394\" data-end=\"1416\">de unic\u0103 folosin\u021b\u0103<\/strong><\/li>\n<li data-section-id=\"aed9x9\" data-start=\"1417\" data-end=\"1457\">produc\u0103tor: <strong data-start=\"1431\" data-end=\"1457\">Farmac-Zabban (Italia)<\/strong><\/li>\n<\/ul>\n<p>Seringile Farmac Zabban sunt produse conform celor mai inalte standarde de produc\u021bie \u0219i \u00een conformitate cu toate reglementarile aplicabile:<\/p>\n<p>UNI EN 7886 care prive\u0219te corpul seringii \u0219i componentele sale,<br \/>\nUNI EN 7864, care se refer\u0103 la fabricarea acului \u0219i a materialelor din care este compus,<br \/>\nUNI EN ISO 6009 care se refer\u0103 la codurile de culoare ale acelor,<br \/>\nUNI EN 20594 cu referire la parametrii luerului,<br \/>\nUNI EN 9626 privind compozi\u021bia o\u021belului pentru ac.<\/p>\n<h3>Instruc\u021biuni de utilizare<\/h3>\n<p>A nu se folosi dac\u0103 ambalajul unitar\/steril ( blisterul ) este deteriorat<br \/>\nProdus medical de unic\u0103 folosin\u021b\u0103<br \/>\nVerifica\u021bi data expir\u0103rii \u00eenainte de utilizare<br \/>\nA se utiliza imediat dup\u0103 scoaterea din ambalaj<br \/>\nA nu se l\u0103sa la \u00eendem\u00e2na copiilor<br \/>\nDestinat exclusiv utiliz\u0103rii de c\u0103tre personal calificat<br \/>\nDepozita\u021bi in locuri uscate \u0219i r\u0103coroase<br \/>\nA nu se expune la soare, c\u0103ldur\u0103 sau umiditate<br \/>\nDup\u0103 utilizare trebuie aruncat conform legisla\u021biei \u00een vigoare.<\/p>\n<p>Set 100 seringi \/cutie, ambalate individual.<\/p>\n<p>Aceste seringi sunt utilizate \u00een <strong data-start=\"1492\" data-end=\"1570\">medicin\u0103, tratamente estetice, laboratoare sau alte aplica\u021bii profesionale<\/strong>, unde este necesar\u0103 administrarea precis\u0103 \u0219i sigur\u0103 a solu\u021biilor injectabile, cu posibilitatea alegerii acului potrivit.<\/p>","protected":false},"excerpt":{"rendered":"<p>Seringi sterile de <strong data-start=\"118\" data-end=\"144\">1 ml Luer Lock f\u0103r\u0103 ac<\/strong>, fabricate de <strong data-start=\"159\" data-end=\"200\"><span class=\"hover:entity-accent entity-underline inline cursor-pointer align-baseline\"><span class=\"whitespace-normal\">Farmac-Zabban<\/span><\/span><\/strong>. Sistemul Luer Lock asigur\u0103 fixare sigur\u0103 a acului \u0219i dozare precis\u0103, ideale pentru aplica\u021bii medicale \u0219i estetice.<\/p>\n<ul>\n<li>Volum: 1,0 ml<\/li>\n<li>F\u0103r\u0103 Ac<\/li>\n<li>Ambalate individual \u00een polietilen\u0103 \u0219i h\u00e2rtie medical\u0103<\/li>\n<li>100 buc\/cutie<\/li>\n<li>Produc\u0103tor: Farmac-Zabban<\/li>\n<li>Produs \u00een: Italia<\/li>\n<\/ul>","protected":false},"featured_media":3783,"template":"","meta":[],"product_brand":[],"product_cat":[19,67,69],"product_tag":[],"class_list":{"0":"post-3782","1":"product","2":"type-product","3":"status-publish","4":"has-post-thumbnail","6":"product_cat-consumabile-medicale","7":"product_cat-farmac-zabban","8":"product_cat-seringi","10":"first","11":"outofstock","12":"shipping-taxable","13":"purchasable","14":"product-type-simple"},"_links":{"self":[{"href":"https:\/\/plasmogel.com\/en\/wp-json\/wp\/v2\/product\/3782","targetHints":{"allow":["GET"]}}],"collection":[{"href":"https:\/\/plasmogel.com\/en\/wp-json\/wp\/v2\/product"}],"about":[{"href":"https:\/\/plasmogel.com\/en\/wp-json\/wp\/v2\/types\/product"}],"wp:featuredmedia":[{"embeddable":true,"href":"https:\/\/plasmogel.com\/en\/wp-json\/wp\/v2\/media\/3783"}],"wp:attachment":[{"href":"https:\/\/plasmogel.com\/en\/wp-json\/wp\/v2\/media?parent=3782"}],"wp:term":[{"taxonomy":"product_brand","embeddable":true,"href":"https:\/\/plasmogel.com\/en\/wp-json\/wp\/v2\/product_brand?post=3782"},{"taxonomy":"product_cat","embeddable":true,"href":"https:\/\/plasmogel.com\/en\/wp-json\/wp\/v2\/product_cat?post=3782"},{"taxonomy":"product_tag","embeddable":true,"href":"https:\/\/plasmogel.com\/en\/wp-json\/wp\/v2\/product_tag?post=3782"}],"curies":[{"name":"wp","href":"https:\/\/api.w.org\/{rel}","templated":true}]}}