{"id":3795,"date":"2026-03-17T14:22:49","date_gmt":"2026-03-17T12:22:49","guid":{"rendered":"https:\/\/plasmogel.com\/?post_type=product&#038;p=3795"},"modified":"2026-03-17T14:22:49","modified_gmt":"2026-03-17T12:22:49","slug":"seringi-luer-lock-20-ml-50buc","status":"publish","type":"product","link":"https:\/\/plasmogel.com\/en\/product\/seringi-luer-lock-20-ml-50buc\/","title":{"rendered":"Seringi luer lock 20 ml, 50buc, Farmac-Zabban"},"content":{"rendered":"<p data-start=\"359\" data-end=\"561\"><strong data-start=\"359\" data-end=\"417\">Seringi Luer Lock 20 ml f\u0103r\u0103 ac \u2013 Farmac-Zabban (FZ)<\/strong> sunt dispozitive medicale de unic\u0103 folosin\u021b\u0103, concepute pentru administrarea eficient\u0103 \u0219i sigur\u0103 a unor volume mai mari de solu\u021bii injectabile.<\/p>\n<p data-start=\"563\" data-end=\"824\">Plasmogel - The Platelete Rich Plasma System <strong data-start=\"572\" data-end=\"598\">Luer Lock (\u00eenfiletare)<\/strong> ofer\u0103 o <strong data-start=\"607\" data-end=\"644\">conexiune ferm\u0103 \u0219i etan\u0219\u0103 cu acul<\/strong>, prevenind deta\u0219area accidental\u0103 \u0219i asigur\u00e2nd stabilitate \u00een timpul utiliz\u0103rii. Acest sistem este preferat \u00een proceduri unde este necesar un nivel ridicat de siguran\u021b\u0103 \u0219i control.<\/p>\n<p data-start=\"826\" data-end=\"1065\">Volumul de <strong data-start=\"837\" data-end=\"846\">20 ml<\/strong> \u0219i <strong data-start=\"850\" data-end=\"880\">gradarea clar\u0103 pe cilindru<\/strong> permit m\u0103surarea precis\u0103 a cantit\u0103\u021bilor mai mari de lichid. Seringile sunt livrate <strong data-start=\"964\" data-end=\"975\">f\u0103r\u0103 ac<\/strong>, oferind flexibilitate \u00een alegerea tipului \u0219i dimensiunii acului \u00een func\u021bie de aplica\u021bie.<\/p>\n<p data-start=\"1067\" data-end=\"1216\">Fiecare sering\u0103 este <strong data-start=\"1088\" data-end=\"1156\">steril\u0103, ambalat\u0103 individual \u0219i destinat\u0103 unei singure utiliz\u0103ri<\/strong>, conform standardelor europene pentru dispozitive medicale.<\/p>\n<p data-start=\"1218\" data-end=\"1248\"><strong data-start=\"1218\" data-end=\"1248\">Caracteristici principale:<\/strong><\/p>\n<ul data-start=\"1249\" data-end=\"1489\">\n<li data-section-id=\"p27gos\" data-start=\"1249\" data-end=\"1267\">\n<p data-start=\"1251\" data-end=\"1267\">volum: <strong data-start=\"1258\" data-end=\"1267\">20 ml<\/strong><\/p>\n<\/li>\n<li data-section-id=\"1wg8zgd\" data-start=\"1268\" data-end=\"1303\">\n<p data-start=\"1270\" data-end=\"1303\">sistem <strong data-start=\"1277\" data-end=\"1303\">Luer Lock (\u00eenfiletare)<\/strong><\/p>\n<\/li>\n<li data-section-id=\"15avfge\" data-start=\"1304\" data-end=\"1317\">\n<p data-start=\"1306\" data-end=\"1317\"><strong data-start=\"1306\" data-end=\"1317\">f\u0103r\u0103 ac<\/strong><\/p>\n<\/li>\n<li data-section-id=\"gyswar\" data-start=\"1318\" data-end=\"1357\">\n<p data-start=\"1320\" data-end=\"1357\">gradare clar\u0103 pentru dozare precis\u0103<\/p>\n<\/li>\n<li data-section-id=\"1uwu8y5\" data-start=\"1358\" data-end=\"1388\">\n<p data-start=\"1360\" data-end=\"1388\">conexiune sigur\u0103 \u0219i etan\u0219\u0103<\/p>\n<\/li>\n<li data-section-id=\"1nvla1t\" data-start=\"1389\" data-end=\"1423\">\n<p data-start=\"1391\" data-end=\"1423\">ambalare <strong data-start=\"1400\" data-end=\"1423\">steril\u0103 individual\u0103<\/strong><\/p>\n<\/li>\n<li data-section-id=\"y2izy5\" data-start=\"1424\" data-end=\"1448\">\n<p data-start=\"1426\" data-end=\"1448\"><strong data-start=\"1426\" data-end=\"1448\">de unic\u0103 folosin\u021b\u0103<\/strong><\/p>\n<\/li>\n<li data-section-id=\"aed9x9\" data-start=\"1449\" data-end=\"1489\">\n<p data-start=\"1451\" data-end=\"1489\">produc\u0103tor: <strong data-start=\"1463\" data-end=\"1489\">Farmac-Zabban (Italia)<\/strong><\/p>\n<\/li>\n<\/ul>\n<p data-start=\"1491\" data-end=\"1764\" data-is-last-node=\"\" data-is-only-node=\"\">Aceste seringi sunt potrivite pentru utilizare \u00een <strong data-start=\"1541\" data-end=\"1607\">clinici, cabinete medicale, proceduri estetice sau laboratoare<\/strong>, unde este necesar\u0103 administrarea controlat\u0103 \u0219i sigur\u0103 a unor volume mai mari de solu\u021bii injectabile, cu posibilitatea utiliz\u0103rii diferitelor tipuri de ace.<\/p>\n<p>Seringile Farmac Zabban sunt produse conform celor mai inalte standarde de produc\u021bie \u0219i \u00een conformitate cu toate reglementarile aplicabile:<\/p>\n<p>UNI EN 7886 care prive\u0219te corpul seringii \u0219i componentele sale,<br \/>\nUNI EN 7864, care se refer\u0103 la fabricarea acului \u0219i a materialelor din care este compus,<br \/>\nUNI EN ISO 6009 care se refer\u0103 la codurile de culoare ale acelor,<br \/>\nUNI EN 20594 cu referire la parametrii luerului,<br \/>\nUNI EN 9626 privind compozi\u021bia o\u021belului pentru ac.<\/p>\n<h3>Instruc\u021biuni de utilizare<\/h3>\n<p>A nu se folosi dac\u0103 ambalajul unitar\/steril (seringi blisterul) este deteriorat<br \/>\nProdus medical de unic\u0103 folosin\u021b\u0103<br \/>\nVerifica\u021bi data expir\u0103rii \u00eenainte de utilizare<br \/>\nA se utiliza imediat dup\u0103 scoaterea din ambalaj<br \/>\nA nu se l\u0103sa la \u00eendem\u00e2na copiilor<br \/>\nDestinat exclusiv utiliz\u0103rii de c\u0103tre personal calificat<br \/>\nDepozita\u021bi in locuri uscate \u0219i r\u0103coroase<br \/>\nA nu se expune la soare, c\u0103ldur\u0103 sau umiditate<br \/>\nDup\u0103 utilizare trebuie aruncat conform legisla\u021biei \u00een vigoare.<\/p>\n<p>Set 50 seringi \/cutie, ambalate individual.<\/p>","protected":false},"excerpt":{"rendered":"<p>Seringi sterile de <strong data-start=\"119\" data-end=\"146\">20 ml Luer Lock f\u0103r\u0103 ac<\/strong>, fabricate de <strong data-start=\"161\" data-end=\"202\"><span class=\"hover:entity-accent entity-underline inline cursor-pointer align-baseline\"><span class=\"whitespace-normal\">Farmac-Zabban<\/span><\/span><\/strong>. Sistemul Luer Lock asigur\u0103 fixare sigur\u0103 a acului \u0219i dozare controlat\u0103, ideale pentru utilizare medical\u0103, estetic\u0103 \u0219i de laborator.<\/p>\n<ul>\n<li>Volum: 20 ml<\/li>\n<li>F\u0103r\u0103 Ac<\/li>\n<li>Ambalate individual \u00een polietilen\u0103 \u0219i h\u00e2rtie medical\u0103<\/li>\n<li>50 buc\/cutie<\/li>\n<li>Produc\u0103tor: Farmac-Zabban<\/li>\n<li>Produs \u00een: Italia<\/li>\n<\/ul>","protected":false},"featured_media":3796,"template":"","meta":[],"product_brand":[],"product_cat":[19,67,69],"product_tag":[],"class_list":{"0":"post-3795","1":"product","2":"type-product","3":"status-publish","4":"has-post-thumbnail","6":"product_cat-consumabile-medicale","7":"product_cat-farmac-zabban","8":"product_cat-seringi","10":"first","11":"instock","12":"shipping-taxable","13":"purchasable","14":"product-type-simple"},"_links":{"self":[{"href":"https:\/\/plasmogel.com\/en\/wp-json\/wp\/v2\/product\/3795","targetHints":{"allow":["GET"]}}],"collection":[{"href":"https:\/\/plasmogel.com\/en\/wp-json\/wp\/v2\/product"}],"about":[{"href":"https:\/\/plasmogel.com\/en\/wp-json\/wp\/v2\/types\/product"}],"wp:featuredmedia":[{"embeddable":true,"href":"https:\/\/plasmogel.com\/en\/wp-json\/wp\/v2\/media\/3796"}],"wp:attachment":[{"href":"https:\/\/plasmogel.com\/en\/wp-json\/wp\/v2\/media?parent=3795"}],"wp:term":[{"taxonomy":"product_brand","embeddable":true,"href":"https:\/\/plasmogel.com\/en\/wp-json\/wp\/v2\/product_brand?post=3795"},{"taxonomy":"product_cat","embeddable":true,"href":"https:\/\/plasmogel.com\/en\/wp-json\/wp\/v2\/product_cat?post=3795"},{"taxonomy":"product_tag","embeddable":true,"href":"https:\/\/plasmogel.com\/en\/wp-json\/wp\/v2\/product_tag?post=3795"}],"curies":[{"name":"wp","href":"https:\/\/api.w.org\/{rel}","templated":true}]}}