{"id":3806,"date":"2026-03-17T16:55:45","date_gmt":"2026-03-17T14:55:45","guid":{"rendered":"https:\/\/plasmogel.com\/?post_type=product&#038;p=3806"},"modified":"2026-04-21T08:39:20","modified_gmt":"2026-04-21T06:39:20","slug":"seringi-luer-lock-1ml-fara-ac-100buc","status":"publish","type":"product","link":"https:\/\/plasmogel.com\/en\/product\/seringi-luer-lock-1ml-fara-ac-100buc\/","title":{"rendered":"Seringi luer lock 1ml, f\u0103r\u0103 ac, 100buc, BD Micro-Fine"},"content":{"rendered":"<p data-start=\"418\" data-end=\"624\"><strong data-start=\"418\" data-end=\"488\">Seringi luer lock 1ml f\u0103r\u0103 ac din policarbonat \u2013 BD<\/strong> sunt dispozitive medicale de unic\u0103 folosin\u021b\u0103, concepute pentru administrarea precis\u0103 \u0219i sigur\u0103 a solu\u021biilor injectabile \u00een volume mici.<\/p>\n<p data-start=\"626\" data-end=\"842\">Fabricate din <strong data-start=\"640\" data-end=\"675\">policarbonat de \u00eenalt\u0103 calitate<\/strong>, aceste seringi ofer\u0103 <strong data-start=\"698\" data-end=\"763\">rezisten\u021b\u0103 superioar\u0103, transparen\u021b\u0103 excelent\u0103 \u0219i durabilitate<\/strong>, fiind potrivite pentru utilizare profesional\u0103 \u00een medii medicale sau estetice.<\/p>\n<p data-start=\"844\" data-end=\"1111\">Plasmogel - The Platelete Rich Plasma System <strong data-start=\"853\" data-end=\"879\">Luer Lock (\u00eenfiletare)<\/strong> asigur\u0103 o <strong data-start=\"890\" data-end=\"927\">conexiune ferm\u0103 \u0219i etan\u0219\u0103 cu acul<\/strong>, prevenind deta\u0219area accidental\u0103 \u0219i oferind control maxim \u00een timpul procedurilor. Seringile sunt livrate <strong data-start=\"1033\" data-end=\"1044\">f\u0103r\u0103 ac<\/strong>, permi\u021b\u00e2nd alegerea dimensiunii potrivite \u00een func\u021bie de aplica\u021bie.<\/p>\n<p data-start=\"1113\" data-end=\"1322\">Volumul de <strong data-start=\"1124\" data-end=\"1132\">1 ml<\/strong> \u0219i <strong data-start=\"1136\" data-end=\"1153\">gradarea fin\u0103<\/strong> permit dozarea exact\u0103, fiind ideale pentru administrarea <strong data-start=\"1211\" data-end=\"1224\">insulinei<\/strong>, dar \u0219i pentru alte utiliz\u0103ri precum <strong data-start=\"1262\" data-end=\"1321\">vitamine, tratamente subcutanate sau proceduri estetice<\/strong>.<\/p>\n<p data-start=\"1324\" data-end=\"1478\">Fiecare sering\u0103 este <strong data-start=\"1345\" data-end=\"1413\">steril\u0103, ambalat\u0103 individual \u0219i destinat\u0103 unei singure utiliz\u0103ri<\/strong>, respect\u00e2nd standardele interna\u021bionale de calitate \u0219i siguran\u021b\u0103.<\/p>\n<p>Seringi 1.0 ml BD Luer Lock<br \/>\nSERINGILE BECTON DICKINSON ( BD ) SUNT PRODUSE CONFORM CELOR MAI INALTE STANDARDE DE PRODUC\u021aIE \u0218I \u00ceN CONFORMITATE CU TOATE REGLEMENTARILE APLICABILE.<\/p>\n<p>Seringi luer lock 1.5 ml f\u0103r\u0103 ac.<\/p>\n<p>Scal\u0103 gradat\u0103, cu diviziuni din 10 \u00een 10 \u0219i cu subdiviziuni la mm, pentru un control mai precis al cantit\u0103\u021bii injectate.<br \/>\nCapacitate sering\u0103: 1.0 ml<br \/>\nAmbalate in blistere de 10 buc\u0103\u021bi.<br \/>\n100 buc\/cutie<\/p>\n<p>Instruc\u021biuni de utilizare<\/p>\n<p>A nu se folosi dac\u0103 ambalajul unitar\/steril ( blisterul ) este deteriorat.<br \/>\nProdus medical de unic\u0103 folosin\u021b\u0103.<br \/>\nVerifica\u021bi data expir\u0103rii \u00eenainte de utilizare.<br \/>\nA se utiliza imediat dup\u0103 scoaterea din ambalaj.<br \/>\nA nu se l\u0103sa la \u00eendem\u00e2na copiilor.<br \/>\nDestinat exclusiv utiliz\u0103rii de c\u0103tre personal calificat.<br \/>\nDepozita\u021bi in locuri uscate \u0219i r\u0103coroase.<br \/>\nA nu se expune la soare, c\u0103ldur\u0103 sau umiditate.<br \/>\nDup\u0103 utilizare trebuie aruncat conform legisla\u021biei \u00een vigoare.<br \/>\nNu contin latex, netoxice, apirogenice.<br \/>\nVerifica\u021bi integritatea fiecarei seringi inainte de utilizare.<br \/>\n\u00cendeparta\u021bi capacul alb \u0219i cel colorat av\u00e2nd grij\u0103 s\u0103 nu atinge\u021bi acul.<\/p>\n<p>Set 100 seringi \/cutie, ambalate \u00een blistere de c\u00e2te 10 buc\u0103\u021bi.<\/p>","protected":false},"excerpt":{"rendered":"<p>Seringi sterile de <strong data-start=\"148\" data-end=\"174\">1 ml Luer Lock f\u0103r\u0103 ac<\/strong>, realizate din <strong data-start=\"190\" data-end=\"206\">policarbonat<\/strong>, produse de <strong data-start=\"219\" data-end=\"260\"><span class=\"hover:entity-accent entity-underline inline cursor-pointer align-baseline\"><span class=\"whitespace-normal\">Becton Dickinson<\/span><\/span><\/strong>. Ofer\u0103 rezisten\u021b\u0103 ridicat\u0103, fixare sigur\u0103 a acului \u0219i dozare precis\u0103, ideale pentru insulin\u0103 \u0219i alte aplica\u021bii medicale sau estetice.<\/p>\n<p>Volum: 1,0 ml<br \/>\nF\u0103r\u0103 Ac<br \/>\nAmbalate individual \u00een polietilen\u0103 \u0219i h\u00e2rtie medical\u0103<br \/>\n100 buc\/cutie<br \/>\nProduc\u0103tor: BD<br \/>\nProdus \u00een: Becton Dickinson ( BD ) \/ Produse \u00een S.U.A.<\/p>","protected":false},"featured_media":3807,"template":"","meta":[],"product_brand":[],"product_cat":[19,372,69],"product_tag":[],"class_list":{"0":"post-3806","1":"product","2":"type-product","3":"status-publish","4":"has-post-thumbnail","6":"product_cat-consumabile-medicale","7":"product_cat-bd-micro-fine","8":"product_cat-seringi","10":"first","11":"outofstock","12":"shipping-taxable","13":"purchasable","14":"product-type-simple"},"_links":{"self":[{"href":"https:\/\/plasmogel.com\/en\/wp-json\/wp\/v2\/product\/3806","targetHints":{"allow":["GET"]}}],"collection":[{"href":"https:\/\/plasmogel.com\/en\/wp-json\/wp\/v2\/product"}],"about":[{"href":"https:\/\/plasmogel.com\/en\/wp-json\/wp\/v2\/types\/product"}],"wp:featuredmedia":[{"embeddable":true,"href":"https:\/\/plasmogel.com\/en\/wp-json\/wp\/v2\/media\/3807"}],"wp:attachment":[{"href":"https:\/\/plasmogel.com\/en\/wp-json\/wp\/v2\/media?parent=3806"}],"wp:term":[{"taxonomy":"product_brand","embeddable":true,"href":"https:\/\/plasmogel.com\/en\/wp-json\/wp\/v2\/product_brand?post=3806"},{"taxonomy":"product_cat","embeddable":true,"href":"https:\/\/plasmogel.com\/en\/wp-json\/wp\/v2\/product_cat?post=3806"},{"taxonomy":"product_tag","embeddable":true,"href":"https:\/\/plasmogel.com\/en\/wp-json\/wp\/v2\/product_tag?post=3806"}],"curies":[{"name":"wp","href":"https:\/\/api.w.org\/{rel}","templated":true}]}}