{"id":397,"date":"2021-06-14T13:20:08","date_gmt":"2021-06-14T13:20:08","guid":{"rendered":"https:\/\/plasmogel.com\/?post_type=product&#038;p=397"},"modified":"2025-08-11T11:25:26","modified_gmt":"2025-08-11T09:25:26","slug":"incubator-mini-b-100f","status":"publish","type":"product","link":"https:\/\/plasmogel.com\/en\/product\/incubator-mini-b-100f\/","title":{"rendered":"Mini Incubator Mini Dry Bath 100F"},"content":{"rendered":"<h2>Incubator Mini B 100F este un termostat utilizat pentru incubarea probelor de plasm\u0103 bogat\u0103 \u00een trombocite pentru producerea unei substan\u021be autologe care poate fi utilizat\u0103 \u00een acela\u0219i mod ca un filler dermal. Gelul este un derivat autolog \u0219i, prin urmare, are un risc minim de a provoca reac\u021bii alergice.<\/h2>\n<p>Incubatorul Mini B 100F este un incubator de tip \u201edry block\u201d cu o capacitate de 8 eprubete.<\/p>\n<h4>Care sunt beneficiile acestui produs?<\/h4>\n<p>Acest incubator asigur\u0103 \u00eenc\u0103lzirea uniform\u0103 a probelor de <a href=\"https:\/\/journals.lww.com\/implantdent\/fulltext\/2001\/10000\/platelet_rich_plasma__prp___what_is_prp_and_what.2.aspx\" target=\"_blank\" rel=\"noopener\">PRP<\/a> pentru a denatura proteinele con\u021binute \u00een e\u0219antion, transform\u00e2nd solu\u021bia \u00eentr-o suspensie v\u00e2scoas\u0103, asem\u0103n\u0103toare unui gel, care poate fi utilizat\u0103 ca filler dermal.<\/p>\n<p>Incubatorul Mini B 100F este mic \u0219i compact, ocup\u00e2nd pu\u021bin spa\u021biu. Dispune de un afi\u0219aj cu cristale lichide (LCD) cu set\u0103ri de timp \u0219i temperatur\u0103. De asemenea, ofer\u0103 notific\u0103ri atunci c\u00e2nd este detectat\u0103 o defec\u021biune sau cazuri de supra\u00eenc\u0103lzire. Blocurile de c\u0103ldur\u0103 care g\u0103zduiesc probele sunt interschimbabile \u0219i sunt disponibile o varietate de blocuri pentru a g\u0103zdui tuburi de diferite dimensiuni.<\/p>\n<h4>Cum func\u021bioneaz\u0103 ?<\/h4>\n<p>Concentratele plachetare sunt un material derivat din s\u00e2ngele propriu al pacien\u021bilor care sunt readministrate pentru a \u00eencuraja vindecarea \u021besutului deteriorat sau \u00eemb\u0103tr\u00e2nit. Acest instrument medical faciliteaz\u0103 un al doilea pas al procedurii, pentru a converti PRP-ul recoltat \u00een gelul de care avem nevoie.<\/p>\n<p>Acest incubator asigur\u0103 \u00eenc\u0103lzirea termic\u0103 a probelor de PRP \u0219i denaturarea proteinelor plasmatice pentru a crea un gel v\u00e2scos alb l\u0103ptos.<\/p>\n<p>Aceast\u0103 substan\u021b\u0103 poate fi folosit\u0103 \u00een acela\u0219i mod ca un filler dermic, injectat pentru a estompa ridurile, ridica zonele l\u0103sate \u0219i reface conturul fe\u021bei prin volumizarea \u0219i liftingul \u021besutului.<\/p>\n<h4>Specifica\u021bii tehnice Incubator Mini B 100F<\/h4>\n<ul>\n<li>Diferen\u021ba de temperatur\u0103 a blocului la 40\u00b0C: \u2264\u00b10,3\u00b0C<\/li>\n<li>Interval de control al temperaturii: R.T.+5\u00b0C ~100\u00b0C<\/li>\n<li>Precizia controlului temperaturii: \u2264\u00b10,5\u00b0C<\/li>\n<li>Interval de sincronizare: 0-999 min<\/li>\n<li>Putere maxim\u0103: 60W<\/li>\n<li>Precizia afi\u0219ajului: 0,1\u00b0C<\/li>\n<li>Temperatur\u0103 maxim\u0103: 100\u00b0C<\/li>\n<li>Timp de r\u0103cire: r\u0103cire natural\u0103<\/li>\n<li>Selectare bloc: 8 \u00d7 0,5 ml (interschimbabil cu alte blocuri)<\/li>\n<li>Greutate net\u0103: \u22641,0 kg<\/li>\n<\/ul>\n<p>Protocolul procedurii PRP Plasmogel este alc\u0103tuit din trei faze:<\/p>\n<ul>\n<li>Recoltarea s\u00e2ngelui \u2013 se recolteaz\u0103 9 ml de la pacient prin punc\u021bie venoas\u0103.<\/li>\n<li>Centrifugarea &#8211; Eprubetele cu probele de s\u00e2nge sunt centrifugate pentru a separa diferitele componente ale s\u00e2ngelui \u00een frac\u021biuni individuale.<\/li>\n<li>Extrac\u021bia stratului de PRP \u2013 Por\u021biunea din volum care const\u0103 \u00een plasm\u0103 bogat\u0103 \u00een trombocite este \u00eendep\u0103rtat\u0103 \u0219i transferat\u0103 \u00eentr-o sering\u0103.<\/li>\n<\/ul>\n<p>Dup\u0103 ob\u021binerea PRP, acesta este procesat termic \u00een Incubatorul Mini B 100F utiliz\u00e2nd urm\u0103torul program de \u00eenc\u0103lzire:<\/p>\n<ul>\n<li>Faza de \u00eenc\u0103lzire: Pre\u00eenc\u0103lzi\u021bi incubatorul la 95\u00b0C timp de 8 minute \u00eenainte de prelucrarea probei.<\/li>\n<li>Etapa pe plac\u0103: Se incubeaz\u0103 proba la 95\u00b0C timp de trei p\u00e2n\u0103 la \u0219ase minute, \u00een func\u021bie de nivelul plasmatic din sering\u0103 (0,5 &#8211; 0,8 ml, patru minute; 0,8 &#8211; 1 ml, cinci minute; 1 &#8211; 1,14 ml, \u0219ase p\u00e2n\u0103 la \u0219apte minute )<\/li>\n<li>Etapa de r\u0103cire: L\u0103sa\u021bi proba s\u0103 se r\u0103ceasc\u0103 pe blocul termic (dou\u0103 minute). Proba este acum gata pentru administrare.<\/li>\n<\/ul>","protected":false},"excerpt":{"rendered":"<p>Incubator Mini B 100F este un termostat utilizat pentru incubarea probelor de plasm\u0103 bogat\u0103 \u00een trombocite pentru producerea unei substan\u021be autologe care poate fi utilizat\u0103 \u00een acela\u0219i mod ca un filler dermal.<\/p>\n<p>Incubatorul MDB-100F este un incubator de tip \u201edry block\u201d cu o capacitate de 8 eprubete.<\/p>","protected":false},"featured_media":2716,"template":"","meta":[],"product_brand":[],"product_cat":[30,66],"product_tag":[183,276,274,279,181,182,275,180,278,277,176,82,177,184,178],"class_list":{"0":"post-397","1":"product","2":"type-product","3":"status-publish","4":"has-post-thumbnail","6":"product_cat-plasmogel","7":"product_cat-prp","8":"product_tag-ce-este-terapia-vampir","9":"product_tag-centrifuga-prp","10":"product_tag-eprubete-prp","11":"product_tag-gel-prp","12":"product_tag-injectii-cu-plasma-in-scalp","13":"product_tag-plasma-imbogatita-cu-trombocite","14":"product_tag-plasmogel","15":"product_tag-plasmolifting-facial-pareri","16":"product_tag-prp-centrifuga","17":"product_tag-prp-gel","18":"product_tag-terapia-cu-plasma","19":"product_tag-terapia-vampir","20":"product_tag-terapie-prp-pret","21":"product_tag-tratament-plasma","22":"product_tag-tratament-vampir-pret","24":"first","25":"instock","26":"shipping-taxable","27":"purchasable","28":"product-type-simple"},"_links":{"self":[{"href":"https:\/\/plasmogel.com\/en\/wp-json\/wp\/v2\/product\/397","targetHints":{"allow":["GET"]}}],"collection":[{"href":"https:\/\/plasmogel.com\/en\/wp-json\/wp\/v2\/product"}],"about":[{"href":"https:\/\/plasmogel.com\/en\/wp-json\/wp\/v2\/types\/product"}],"wp:featuredmedia":[{"embeddable":true,"href":"https:\/\/plasmogel.com\/en\/wp-json\/wp\/v2\/media\/2716"}],"wp:attachment":[{"href":"https:\/\/plasmogel.com\/en\/wp-json\/wp\/v2\/media?parent=397"}],"wp:term":[{"taxonomy":"product_brand","embeddable":true,"href":"https:\/\/plasmogel.com\/en\/wp-json\/wp\/v2\/product_brand?post=397"},{"taxonomy":"product_cat","embeddable":true,"href":"https:\/\/plasmogel.com\/en\/wp-json\/wp\/v2\/product_cat?post=397"},{"taxonomy":"product_tag","embeddable":true,"href":"https:\/\/plasmogel.com\/en\/wp-json\/wp\/v2\/product_tag?post=397"}],"curies":[{"name":"wp","href":"https:\/\/api.w.org\/{rel}","templated":true}]}}